{"id":45239,"date":"2019-07-08T15:11:37","date_gmt":"2019-07-08T13:11:38","guid":{"rendered":"https:\/\/www.customeeple.com\/?post_type=product&#038;p=45239"},"modified":"2019-07-12T12:51:30","modified_gmt":"2019-07-12T10:51:30","slug":"vast-overlay","status":"publish","type":"product","link":"https:\/\/www.customeeple.com\/es\/producto\/vast-overlay\/","title":{"rendered":"Vast las cavernas cristalinas ovelay  (3 Uds)"},"content":{"rendered":"<p>Una bandeja de metacrilato transparente para tener ordenadas las piezas de tus juegos.\u00a0\u00a1Mant\u00e9n tus cubos a salvo de los ocasionales golpes en la mesa!<\/p>\n<p>Este producto contiene tres bandejas de metacrilato para colocar encima de los tablero de Vast que lo necesitan: Caballera, Drag\u00f3n y Ladr\u00f3n. Tambi\u00e9n puedes comprar el producto con una base de DM para acoplar perfectamente el overlay al tablero.<\/p>\n<p>Este producto encajar\u00e1 a la perfecci\u00f3n con los tableros y piezas de cada jugador del juego\u00a0<strong><a href=\"https:\/\/ledergames.com\/games\/\">Vast: las cavernas cristalinas<\/a><\/strong><\/p>\n<div class=\"moreinfo\">\n<p><strong>Material:<\/strong>\u00a0Metacrilato transparente<\/p>\n<p><strong>Espesor:<\/strong> 2 mm<\/p>\n<p><strong>Cantidad:\u00a0<\/strong>3 unidades<\/p>\n<\/div>\n<p><strong><a href=\"https:\/\/ledergames.com\/games\/\">Vast: las cavernas cristalinas<\/a> <\/strong>es un juego de \u00a0<strong><a title=\"Patrick Leder\" href=\"https:\/\/boardgamegeek.com\/boardgamedesigner\/4773\/patrick-leder\">Patrick Leder <\/a><\/strong>y\u00a0<strong><a title=\"David Somerville\" href=\"https:\/\/boardgamegeek.com\/boardgamedesigner\/79566\/david-somerville\">David Somerville<\/a><\/strong> publicado por \u00a0<a href=\"https:\/\/ledergames.com\/games\/\"><strong>Leder games<\/strong><\/a><strong>.<\/strong>\u00a0<strong>Customeeple<\/strong> no mantiene ninguna relaci\u00f3n con esa compa\u00f1\u00eda y este producto no est\u00e1 de ninguna manera patrocinado por ellos.<\/p>\n<p>&nbsp;<\/p>\n","protected":false},"excerpt":{"rendered":"<p>Bandeja organizadora para <strong><a href=\"https:\/\/ledergames.com\/games\/\">Vast: las cavernas cristalinas<\/a><\/strong><\/p>\n","protected":false},"featured_media":45350,"template":"","meta":{"_acf_changed":false},"product_brand":[],"product_cat":[191,1370,1397],"product_tag":[1442],"class_list":{"0":"post-45239","1":"product","2":"type-product","3":"status-publish","4":"has-post-thumbnail","6":"product_cat-accesorios","7":"product_cat-customeeple-es","8":"product_cat-overlay-es","9":"product_tag-overlay-es","11":"first","12":"instock","13":"taxable","14":"shipping-taxable","15":"purchasable","16":"product-type-simple"},"exclude_global_add_ons":[],"addons":[],"acf":[],"_links":{"self":[{"href":"https:\/\/www.customeeple.com\/es\/wp-json\/wp\/v2\/product\/45239","targetHints":{"allow":["GET"]}}],"collection":[{"href":"https:\/\/www.customeeple.com\/es\/wp-json\/wp\/v2\/product"}],"about":[{"href":"https:\/\/www.customeeple.com\/es\/wp-json\/wp\/v2\/types\/product"}],"wp:featuredmedia":[{"embeddable":true,"href":"https:\/\/www.customeeple.com\/es\/wp-json\/wp\/v2\/media\/45350"}],"wp:attachment":[{"href":"https:\/\/www.customeeple.com\/es\/wp-json\/wp\/v2\/media?parent=45239"}],"wp:term":[{"taxonomy":"product_brand","embeddable":true,"href":"https:\/\/www.customeeple.com\/es\/wp-json\/wp\/v2\/product_brand?post=45239"},{"taxonomy":"product_cat","embeddable":true,"href":"https:\/\/www.customeeple.com\/es\/wp-json\/wp\/v2\/product_cat?post=45239"},{"taxonomy":"product_tag","embeddable":true,"href":"https:\/\/www.customeeple.com\/es\/wp-json\/wp\/v2\/product_tag?post=45239"}],"curies":[{"name":"wp","href":"https:\/\/api.w.org\/{rel}","templated":true}]}}