{"id":45125,"date":"2019-07-04T09:59:29","date_gmt":"2019-07-04T07:59:29","guid":{"rendered":"https:\/\/www.customeeple.com\/?post_type=product&#038;p=45125"},"modified":"2020-11-03T23:27:50","modified_gmt":"2020-11-03T22:27:50","slug":"aristeia-reckless-hearts","status":"publish","type":"product","link":"https:\/\/www.customeeple.com\/es\/producto\/aristeia-reckless-hearts\/","title":{"rendered":"Aristeia! Reckless Hearts"},"content":{"rendered":"<p>Desde uno de los confines de la Esfera Humana llega <strong>Axl Steel<\/strong>, un luchador que pr\u00e1ctica una extra\u00f1a disciplina marcial mezcla de kickboxing, boxeo cl\u00e1sico y judo. Axl ha trabajado toda su vida en una de tantas factor\u00edas orbitales instaladas en el Sistema Borde de la Humanidad. No hace mucho, sus patronos organizaron una competici\u00f3n ilegal de Aristeia!, y Axl destac\u00f3 tanto que han decidido hacer de \u00e9l una estrella de la AGL.<\/p>\n<p><strong>Hippolyta<\/strong> es un Personaje creado en colaboraci\u00f3n con Manu aka Kelthret, el campe\u00f3n de la primera temporada de la AGL que se gan\u00f3 el derecho a participar en el dise\u00f1o de un Personaje para Aristeia! Manu comparti\u00f3 con nosotros su pasion por los Mirmidones de Infinity y nos sugiri\u00f3 una Oficial Mirmid\u00f3n como punto de partida. El resultado es una support l\u00edder espectacular, tanto en dise\u00f1o como perfil de juego.<\/p>\n<p><strong>Reckless Hearts<\/strong>\u00a0no es un juego independiente. Requiere\u00a0<a href=\"https:\/\/store.corvusbelli.com\/boardgames\/aristeia\/core\/aristeia-core\">Aristeia!<\/a> para jugar.<\/p>\n","protected":false},"excerpt":{"rendered":"<p>Expansi\u00f3n para Aristeia!<\/p>\n","protected":false},"featured_media":45128,"template":"","meta":{"_acf_changed":false},"product_brand":[],"product_cat":[1323,1653,1555,1556,1180,1372],"product_tag":[1324,1264,1280],"class_list":{"0":"post-45125","1":"product","2":"type-product","3":"status-publish","4":"has-post-thumbnail","6":"product_cat-aristeia-es","7":"product_cat-boardgames","8":"product_cat-miniature-games-es","9":"product_cat-board-games-es","10":"product_cat-retail-products-es","11":"product_cat-sci-fi-es","12":"product_tag-aristeia-es","13":"product_tag-boardgame-es","14":"product_tag-juego-de-mesa-es","16":"first","17":"onbackorder","18":"sale","19":"taxable","20":"shipping-taxable","21":"purchasable","22":"product-type-simple"},"exclude_global_add_ons":[],"addons":[],"acf":[],"_links":{"self":[{"href":"https:\/\/www.customeeple.com\/es\/wp-json\/wp\/v2\/product\/45125","targetHints":{"allow":["GET"]}}],"collection":[{"href":"https:\/\/www.customeeple.com\/es\/wp-json\/wp\/v2\/product"}],"about":[{"href":"https:\/\/www.customeeple.com\/es\/wp-json\/wp\/v2\/types\/product"}],"wp:featuredmedia":[{"embeddable":true,"href":"https:\/\/www.customeeple.com\/es\/wp-json\/wp\/v2\/media\/45128"}],"wp:attachment":[{"href":"https:\/\/www.customeeple.com\/es\/wp-json\/wp\/v2\/media?parent=45125"}],"wp:term":[{"taxonomy":"product_brand","embeddable":true,"href":"https:\/\/www.customeeple.com\/es\/wp-json\/wp\/v2\/product_brand?post=45125"},{"taxonomy":"product_cat","embeddable":true,"href":"https:\/\/www.customeeple.com\/es\/wp-json\/wp\/v2\/product_cat?post=45125"},{"taxonomy":"product_tag","embeddable":true,"href":"https:\/\/www.customeeple.com\/es\/wp-json\/wp\/v2\/product_tag?post=45125"}],"curies":[{"name":"wp","href":"https:\/\/api.w.org\/{rel}","templated":true}]}}