{"id":44915,"date":"2019-06-25T11:22:04","date_gmt":"2019-06-25T10:22:04","guid":{"rendered":"https:\/\/www.customeeple.com\/?post_type=product&#038;p=44915"},"modified":"2021-04-23T10:48:16","modified_gmt":"2021-04-23T09:48:16","slug":"arcane-adventures-bandeja-de-personaje-copy","status":"publish","type":"product","link":"https:\/\/www.customeeple.com\/es\/producto\/arcane-adventures-bandeja-de-personaje-copy\/","title":{"rendered":"Se\u00f1or de los anillos &#8211; bandeja de personaje"},"content":{"rendered":"<p>Una practica bandeja para las cartas de personaje de juegos como \u00a0<a href=\"https:\/\/boardgamegeek.com\/boardgame\/269385\/lord-rings-journeys-middle-earth\"><strong>El Se\u00f1or de los anillos: viajes por la Tierra media\u00a0<\/strong><\/a><\/p>\n<p>Con ella puedes llevar f\u00e1cilmente la cuenta de lo que lleva cada personaje reduciendo significativamente el espacio que ocupa en mesa. La bandeja tiene m\u00faltiples huecos para colocar las cartas de equipo y barajas de un personaje. Adem\u00e1s puedes comprar una tapa en metacrilato que se pega con imanes. Eso te permitir\u00e1 guardar la bandeja en la caja con el personaje listo para la siguiente partida. El producto de la tapa incluye 8 imanes pero si necesitas imanes adicional para pilar varias bandejas puedes hacerlo <a href=\"https:\/\/www.customeeple.com\/product\/magnet\/\"><strong>en nuestra web.<\/strong><\/a><\/p>\n<p>Ten en cuenta que el producto se vende sin pegar y necesitaras pegamento para montarlo.<\/p>\n<p>&nbsp;<\/p>\n<div class=\"moreinfo\">\n<p><strong>Material:\u00a0<\/strong>DM o metacrilato<\/p>\n<p dir=\"ltr\"><strong>Espesor:<\/strong> 5 mm<\/p>\n<p dir=\"ltr\"><strong>Tama\u00f1o: <\/strong>23 x 23,5 cm<\/p>\n<p dir=\"ltr\"><strong>Cantidad:<\/strong> 1 bandeja<\/p>\n<p><strong>Uso: <\/strong>Optimiza tu espacio de juego<\/p>\n<\/div>\n<p><strong><a href=\"https:\/\/boardgamegeek.com\/boardgame\/269385\/lord-rings-journeys-middle-earth\">El Se\u00f1or de los anillos: viajes por la Tierra media <\/a><\/strong>es un de <strong><a title=\"Nathan I. Hajek\" href=\"https:\/\/boardgamegeek.com\/boardgamedesigner\/76251\/nathan-i-hajek\">Nathan I. Hajek<\/a><\/strong>\u00a0&amp;<strong>\u00a0<a title=\"Grace Holdinghaus\" href=\"https:\/\/boardgamegeek.com\/boardgamedesigner\/102932\/grace-holdinghaus\">Grace Holdinghaus<\/a><\/strong> publicado por <strong><a href=\"http:\/\/www.fantasyflightgames.com\/\">Fantasy Flight Publishing Inc<\/a>.<\/strong> <strong>Customeeple<\/strong> no esta afiliada con esta compa\u00f1ia y este producto no esta apoyado por ellos de ninguna manera.<\/p>\n","protected":false},"excerpt":{"rendered":"<p>Bandeja para cartas y equipo de un personaje<\/p>\n<p>&nbsp;<\/p>\n","protected":false},"featured_media":57806,"template":"","meta":{"_acf_changed":false},"product_brand":[],"product_cat":[191,1370,1400,1372],"product_tag":[1670],"class_list":{"0":"post-44915","1":"product","2":"type-product","3":"status-publish","4":"has-post-thumbnail","6":"product_cat-accesorios","7":"product_cat-customeeple-es","8":"product_cat-fantasia","9":"product_cat-sci-fi-es","10":"product_tag-codex-es-2","12":"first","13":"instock","14":"taxable","15":"shipping-taxable","16":"purchasable","17":"product-type-variable"},"exclude_global_add_ons":[],"addons":[],"acf":[],"_links":{"self":[{"href":"https:\/\/www.customeeple.com\/es\/wp-json\/wp\/v2\/product\/44915","targetHints":{"allow":["GET"]}}],"collection":[{"href":"https:\/\/www.customeeple.com\/es\/wp-json\/wp\/v2\/product"}],"about":[{"href":"https:\/\/www.customeeple.com\/es\/wp-json\/wp\/v2\/types\/product"}],"wp:featuredmedia":[{"embeddable":true,"href":"https:\/\/www.customeeple.com\/es\/wp-json\/wp\/v2\/media\/57806"}],"wp:attachment":[{"href":"https:\/\/www.customeeple.com\/es\/wp-json\/wp\/v2\/media?parent=44915"}],"wp:term":[{"taxonomy":"product_brand","embeddable":true,"href":"https:\/\/www.customeeple.com\/es\/wp-json\/wp\/v2\/product_brand?post=44915"},{"taxonomy":"product_cat","embeddable":true,"href":"https:\/\/www.customeeple.com\/es\/wp-json\/wp\/v2\/product_cat?post=44915"},{"taxonomy":"product_tag","embeddable":true,"href":"https:\/\/www.customeeple.com\/es\/wp-json\/wp\/v2\/product_tag?post=44915"}],"curies":[{"name":"wp","href":"https:\/\/api.w.org\/{rel}","templated":true}]}}