{"id":44490,"date":"2019-06-09T16:27:59","date_gmt":"2019-06-09T15:27:59","guid":{"rendered":"https:\/\/www.customeeple.com\/?post_type=product&#038;p=44490"},"modified":"2019-07-01T10:57:42","modified_gmt":"2019-07-01T08:57:42","slug":"bandeja-para-feldherr-compatible-con-xwing-meta","status":"publish","type":"product","link":"https:\/\/www.customeeple.com\/es\/producto\/bandeja-para-feldherr-compatible-con-xwing-meta\/","title":{"rendered":"Bandeja para Feldherr compatible con Xwing (compatible con fichas de metacrilato)"},"content":{"rendered":"<p>Una pack de bandejas\u00a0 para almacenar todos los marcadores de nuestra linea <a href=\"\/?product_cat=customeeple\/space-fight\"><strong>Space fight<\/strong><\/a> asi como plantillas de movimiento y disparo. La bandeja es compatible con una maleta de almacenaje <strong>Feldherr<\/strong>. Ten siempre la plantilla que necesitas a mano. Adem\u00e1s ser\u00e1 m\u00e1s f\u00e1cil transportarlas de mesa en mesa durante torneos.<\/p>\n<p>Este producto es compatible con nuestra linea de tokens de Metacrilato <a href=\"\/?product_cat=customeeple\/space-fight\"><strong>Space Fight<\/strong><\/a> contiene dos bandejas y una tapa que pueden almacenarse apiladas peg\u00e1ndose con imanes adem\u00e1s\u00a0 puedes personalizar con tu nombre o nick.<\/p>\n<p>Las piezas de este set son compatibles con el juego\u00a0<a href=\"https:\/\/www.fantasyflightgames.com\/en\/products\/x-wing-second-edition\/\"><strong>Star Wars X-Wing (Segunda edici\u00f3n)<\/strong><\/a><\/p>\n<p><strong>Material:<\/strong> Metacrilato o DM<\/p>\n<div class=\"moreinfo\">\n<p><strong>Tama\u00f1o: <\/strong>27,9 x 17,6 x 1,5 cm<\/p>\n<p><strong>Espesor:<\/strong>\u00a03 mm<\/p>\n<p><strong>Cantidad :<\/strong> 2 Bandejas y una tapa<\/p>\n<p><strong>Uso: <\/strong>Bandejas para nuestros productos Space Fight<\/p>\n<\/div>\n<p><strong>Nota: <\/strong>Por un m\u00f3dico precio puedes incluir en la tapa el nombre de tu escuadron o nick (m\u00e1ximo 12 caracteres) Parte del producto se vende sin montar necesitaras pegamento para a\u00f1adir los imanes a las bandejas.<\/p>\n<p><strong><a href=\"https:\/\/www.fantasyflightgames.com\/en\/products\/x-wing-second-edition\/\">Star Wars X-Wing (Second Edition)<\/a><\/strong>\u00a0es un juego publciado por\u00a0<a href=\"http:\/\/www.fantasyflightgames.com\/\"><strong>Fantasy Flight Publishing Inc<\/strong><\/a>. <strong>Customeeple<\/strong>\u00a0no mantiene ninguna relaci\u00f3n con esa compa\u00f1\u00eda y este producto no est\u00e1 de ninguna manera patrocinado por ellos.<\/p>\n","protected":false},"excerpt":{"rendered":"<p>Pack de bandejas compatibles con\u00a0 <strong><a href=\"http:\/\/boardgamegeek.com\/boardgame\/103885\/star-wars-x-wing-miniatures-game\">Star Wars X-Wing<\/a>\u00a0<\/strong>compatibles con una bolsa <strong>Feldherr<\/strong><\/p>\n","protected":false},"featured_media":44236,"template":"","meta":{"_acf_changed":false},"product_brand":[],"product_cat":[191,1370,1372,816,1411],"product_tag":[645],"class_list":{"0":"post-44490","1":"product","2":"type-product","3":"status-publish","4":"has-post-thumbnail","6":"product_cat-accesorios","7":"product_cat-customeeple-es","8":"product_cat-sci-fi-es","9":"product_cat-space-fight-es","10":"product_cat-star-wars-x-wing-es","11":"product_tag-x-wing-es-2","13":"first","14":"instock","15":"taxable","16":"shipping-taxable","17":"purchasable","18":"product-type-variable"},"exclude_global_add_ons":false,"addons":[{"name":"Nick\/Name","type":"heading","position":0,"required":false,"title_format":"label","default":"","description_enable":false,"description":"","placeholder_enable":false,"placeholder":"","display":"select","restrictions_type":"any_text","adjust_price":false,"price":"","price_type":"","restrictions":false,"min":"0","max":"0","options":[]},{"name":"Nick\/Name","type":"custom_text","position":0,"required":true,"title_format":"hide","default":"","description_enable":false,"description":"","placeholder_enable":false,"placeholder":"","display":"select","restrictions_type":"any_text","adjust_price":true,"price":"2.00","price_type":"quantity_based","restrictions":true,"min":"5","max":"12","options":[]}],"acf":[],"_links":{"self":[{"href":"https:\/\/www.customeeple.com\/es\/wp-json\/wp\/v2\/product\/44490","targetHints":{"allow":["GET"]}}],"collection":[{"href":"https:\/\/www.customeeple.com\/es\/wp-json\/wp\/v2\/product"}],"about":[{"href":"https:\/\/www.customeeple.com\/es\/wp-json\/wp\/v2\/types\/product"}],"wp:featuredmedia":[{"embeddable":true,"href":"https:\/\/www.customeeple.com\/es\/wp-json\/wp\/v2\/media\/44236"}],"wp:attachment":[{"href":"https:\/\/www.customeeple.com\/es\/wp-json\/wp\/v2\/media?parent=44490"}],"wp:term":[{"taxonomy":"product_brand","embeddable":true,"href":"https:\/\/www.customeeple.com\/es\/wp-json\/wp\/v2\/product_brand?post=44490"},{"taxonomy":"product_cat","embeddable":true,"href":"https:\/\/www.customeeple.com\/es\/wp-json\/wp\/v2\/product_cat?post=44490"},{"taxonomy":"product_tag","embeddable":true,"href":"https:\/\/www.customeeple.com\/es\/wp-json\/wp\/v2\/product_tag?post=44490"}],"curies":[{"name":"wp","href":"https:\/\/api.w.org\/{rel}","templated":true}]}}