{"id":44008,"date":"2019-05-29T16:18:35","date_gmt":"2019-05-29T14:18:35","guid":{"rendered":"https:\/\/www.customeeple.com\/?post_type=product&#038;p=44008"},"modified":"2026-03-21T22:18:42","modified_gmt":"2026-03-21T21:18:42","slug":"bandeja-de-dados-cuadrada-es","status":"publish","type":"product","link":"https:\/\/www.customeeple.com\/es\/producto\/bandeja-de-dados-cuadrada-es\/","title":{"rendered":"Bandeja de dados personalizada cuadrada"},"content":{"rendered":"<div class=\"add-top p_collection\">\n<p>Una bandeja de Cuero PU doblable <b><\/b> perfecta para usar como espacio para tirar tus dados en cualquier juego.<\/p>\n<p>Puedes elegir entre diferentes colores e incluso opcionalmente grabar el logo que prefieras<\/p>\n<p><strong>Nota: <\/strong>Es posible que tengamos que cobrar algun extra si la imagen a grabar en la bandeja es demasiado compleja. Como gu\u00eda cualuier logo en blanco y negro deber\u00eda ser f\u00e1cil de adaptar. Para cualquier consejo puedes <a href=\"hello@customeeple.com\"><strong>contactar con nosotros<\/strong><\/a>. La intensidad del grabado del logo puede variar de producto a producto por culpa de variaciones en el material.<\/p>\n<p><strong>Material:<\/strong> Cuero PU<\/p>\n<\/div>\n<div class=\"moreinfo\">\n<p dir=\"ltr\"><strong>Tama\u00f1o: <\/strong>14 x 14 x 4 cm (interior)<strong><br \/>\n<\/strong><\/p>\n<p dir=\"ltr\"><strong>Cantidad: <\/strong> 1 bandeja de dados<\/p>\n<\/div>\n","protected":false},"excerpt":{"rendered":"<p>Bandeja de dados personalizada<\/p>\n","protected":false},"featured_media":44225,"template":"","meta":{"_acf_changed":false},"product_brand":[],"product_cat":[191,1370,1392,1308,1394,2360,1654,1349,1426],"product_tag":[2396,2397],"class_list":{"0":"post-44008","1":"product","2":"type-product","3":"status-publish","4":"has-post-thumbnail","6":"product_cat-accesorios","7":"product_cat-customeeple-es","8":"product_cat-dados","9":"product_cat-ffbb-es","10":"product_cat-infinity-es","11":"product_cat-productos-oficiales","12":"product_cat-warhammer-age-of-sigmar-es-2","13":"product_cat-warhammer-shadespire-es","14":"product_cat-whu-spire-es","15":"product_tag-accesory","16":"product_tag-dice-tray","18":"first","19":"instock","20":"taxable","21":"shipping-taxable","22":"purchasable","23":"product-type-variable","24":"has-default-attributes"},"exclude_global_add_ons":false,"addons":[{"name":"Logo para grabar","type":"heading","position":0,"required":false,"title_format":"label","default":"","description_enable":false,"description":"","placeholder_enable":false,"placeholder":"","display":"select","restrictions_type":"any_text","adjust_price":false,"price":"","price_type":"","restrictions":false,"min":"0","max":"0","options":[]},{"name":"Logo para grabar","type":"file_upload","position":0,"required":false,"title_format":"hide","default":"","description_enable":false,"description":"","placeholder_enable":false,"placeholder":"","display":"select","restrictions_type":"","adjust_price":true,"price":"3.50","price_type":"quantity_based","restrictions":false,"min":"","max":"","options":[]}],"acf":[],"_links":{"self":[{"href":"https:\/\/www.customeeple.com\/es\/wp-json\/wp\/v2\/product\/44008","targetHints":{"allow":["GET"]}}],"collection":[{"href":"https:\/\/www.customeeple.com\/es\/wp-json\/wp\/v2\/product"}],"about":[{"href":"https:\/\/www.customeeple.com\/es\/wp-json\/wp\/v2\/types\/product"}],"wp:featuredmedia":[{"embeddable":true,"href":"https:\/\/www.customeeple.com\/es\/wp-json\/wp\/v2\/media\/44225"}],"wp:attachment":[{"href":"https:\/\/www.customeeple.com\/es\/wp-json\/wp\/v2\/media?parent=44008"}],"wp:term":[{"taxonomy":"product_brand","embeddable":true,"href":"https:\/\/www.customeeple.com\/es\/wp-json\/wp\/v2\/product_brand?post=44008"},{"taxonomy":"product_cat","embeddable":true,"href":"https:\/\/www.customeeple.com\/es\/wp-json\/wp\/v2\/product_cat?post=44008"},{"taxonomy":"product_tag","embeddable":true,"href":"https:\/\/www.customeeple.com\/es\/wp-json\/wp\/v2\/product_tag?post=44008"}],"curies":[{"name":"wp","href":"https:\/\/api.w.org\/{rel}","templated":true}]}}