{"id":43681,"date":"2019-05-23T11:08:07","date_gmt":"2019-05-22T12:45:09","guid":{"rendered":"https:\/\/www.customeeple.com\/?post_type=product&#038;p=43681"},"modified":"2019-05-24T13:46:03","modified_gmt":"2019-05-24T11:46:03","slug":"aristeia-jackbotsgorgo","status":"publish","type":"product","link":"https:\/\/www.customeeple.com\/es\/producto\/aristeia-jackbotsgorgo\/","title":{"rendered":"Aristeia! Jackbots &#038; Gorgoneions (5 Uds)"},"content":{"rendered":"<div class=\"add-top p_collection\">\n<p><strong>Aristeia! es el nuevo juego de deportes de Corvus Belli, un juego de mesa estilo MOBA que permite a dos jugadores asumir el papel de los jefes de equipo en el espect\u00e1culo visual m\u00e1s grandioso de la Esfera Humana.<\/strong><\/p>\n<p>Un set de elementos de escenograf\u00eda dise\u00f1ados para la expansi\u00f3n de <a href=\"https:\/\/aristeiathegame.com\/\"><b>Aristeia!<\/b><\/a> <strong><a href=\"https:\/\/store.corvusbelli.com\/es\/boardgames\/aristeia\/expansions\/masters-puppets\">Master of Puppets <\/a><\/strong>con ellos puedes representar en el juego los efectos de los nuevos Aristos <strong>Gaia<\/strong> y <strong>Fiddler<\/strong><\/p>\n<p>Este producto ha sido realizado en colaboraci\u00f3n con\u00a0\u00a0<strong><a href=\"http:\/\/www.corvusbelli.com\/\">Corvus Belli<\/a><\/strong>\u00a0para ser totalmente compatible con\u00a0 <b><a href=\"https:\/\/aristeiathegame.com\/\">Aristeia! the game<\/a>.<\/b><\/p>\n<\/div>\n<div class=\"moreinfo\">\n<p><strong>Material:<\/strong> DM y cart\u00f3n de alta densidad.<\/p>\n<p dir=\"ltr\"><strong>Espesor:<\/strong>\u00a02,5mm<\/p>\n<p dir=\"ltr\"><strong>Tama\u00f1o: <\/strong>Varia<strong><br \/>\n<\/strong><\/p>\n<p dir=\"ltr\"><strong>Cantidad: <\/strong> 2 Jacksbots y 3 Gorgoneions + 5 bases de DM<\/p>\n<\/div>\n<div class=\"infopreorder\">\u00a0\u00a0<strong>Nota:<\/strong>\u00a0Este producto se vende sin montar ni pintar, necesitaras pegamento para ensamblarlo.<\/div>\n","protected":false},"excerpt":{"rendered":"<p>Marcador escenograf\u00edco para la expansi\u00f3n de\u00a0<a href=\"https:\/\/aristeiathegame.com\/\"><b>Aristeia! <\/b><\/a><b><a href=\"https:\/\/store.corvusbelli.com\/es\/boardgames\/aristeia\/expansions\/masters-puppets\">master of Puppets<\/a><\/b><\/p>\n","protected":false},"featured_media":43823,"template":"","meta":{"_acf_changed":false},"product_brand":[],"product_cat":[191,1371,1323,1370],"product_tag":[1324],"class_list":{"0":"post-43681","1":"product","2":"type-product","3":"status-publish","4":"has-post-thumbnail","6":"product_cat-accesorios","7":"product_cat-aristeia-es-2","8":"product_cat-aristeia-es","9":"product_cat-customeeple-es","10":"product_tag-aristeia-es","12":"first","13":"instock","14":"taxable","15":"shipping-taxable","16":"purchasable","17":"product-type-simple"},"exclude_global_add_ons":[],"addons":[],"acf":[],"_links":{"self":[{"href":"https:\/\/www.customeeple.com\/es\/wp-json\/wp\/v2\/product\/43681","targetHints":{"allow":["GET"]}}],"collection":[{"href":"https:\/\/www.customeeple.com\/es\/wp-json\/wp\/v2\/product"}],"about":[{"href":"https:\/\/www.customeeple.com\/es\/wp-json\/wp\/v2\/types\/product"}],"wp:featuredmedia":[{"embeddable":true,"href":"https:\/\/www.customeeple.com\/es\/wp-json\/wp\/v2\/media\/43823"}],"wp:attachment":[{"href":"https:\/\/www.customeeple.com\/es\/wp-json\/wp\/v2\/media?parent=43681"}],"wp:term":[{"taxonomy":"product_brand","embeddable":true,"href":"https:\/\/www.customeeple.com\/es\/wp-json\/wp\/v2\/product_brand?post=43681"},{"taxonomy":"product_cat","embeddable":true,"href":"https:\/\/www.customeeple.com\/es\/wp-json\/wp\/v2\/product_cat?post=43681"},{"taxonomy":"product_tag","embeddable":true,"href":"https:\/\/www.customeeple.com\/es\/wp-json\/wp\/v2\/product_tag?post=43681"}],"curies":[{"name":"wp","href":"https:\/\/api.w.org\/{rel}","templated":true}]}}