{"id":43559,"date":"2019-05-09T16:29:59","date_gmt":"2019-05-09T14:30:01","guid":{"rendered":"https:\/\/www.customeeple.com\/?post_type=product&#038;p=43559"},"modified":"2022-11-26T11:34:16","modified_gmt":"2022-11-26T10:34:16","slug":"cronicas-del-crimen-kit-virtual-esp","status":"publish","type":"product","link":"https:\/\/www.customeeple.com\/es\/producto\/cronicas-del-crimen-kit-virtual-esp\/","title":{"rendered":"Cr\u00f3nicas del Crimen: Kit Virtual (ESP)"},"content":{"rendered":"<div class=\"p_collection\">\n<div id=\"primary_block\" class=\"clearfix\">\n<div class=\"add-top p_collection\">\n<p>M\u00f3dulo Virtual Reality con un Escenario exclusivo incluido.<\/p>\n<p>Londres, en la actualidad. Acabas de dejar la oficina del Jefe de Polic\u00eda. Un cuerpo ha sido hallado en Hyde Park, y tu jefe te acaba de asignar el caso. No es tu primera investigaci\u00f3n pero algo te dice que este caso no es como los dem\u00e1s. Centras tu cabeza, inicias la maquinaria y te diriges a la escena del crimen. \u00a1Es hora de trabajar!<\/p>\n<p><strong>Cr\u00f3nicas del Crimen<\/strong>\u00a0es un juego cooperativo de investigaci\u00f3n criminal. El uso de la tecnolog\u00eda \u00abEscanea &amp; Juega\u00bb mezcla los juegos digitales con los de tablero, permitiendo multitud de historias sobre investigaci\u00f3n criminal utilizando los mismos componentes. \u00a1Interroga a los sospechosos, recoge pruebas y arresta al Asesino antes de que sea demasiado tarde!<\/p>\n<p><strong>Cantidad de jugadores<\/strong>: 1-4 jugadores<\/p>\n<\/div>\n<\/div>\n<\/div>\n<div class=\"product_components double-top add-border\">\n<div>\n<p><strong>Duraci\u00f3n<\/strong>: 70 minutos<\/p>\n<p><strong>Edad<\/strong>: +14 a\u00f1os<\/p>\n<p><strong>Idioma<\/strong>: Espa\u00f1ol<\/p>\n<\/div>\n<div><\/div>\n<\/div>\n","protected":false},"excerpt":{"rendered":"<p>Boardgame.<\/p>\n","protected":false},"featured_media":43561,"template":"","meta":{"_acf_changed":false},"product_brand":[],"product_cat":[1561,1653,1556,1180],"product_tag":[1264,1280],"class_list":{"0":"post-43559","1":"product","2":"type-product","3":"status-publish","4":"has-post-thumbnail","6":"product_cat-familiar-es","7":"product_cat-boardgames","8":"product_cat-board-games-es","9":"product_cat-retail-products-es","10":"product_tag-boardgame-es","11":"product_tag-juego-de-mesa-es","13":"first","14":"onbackorder","15":"sale","16":"taxable","17":"shipping-taxable","18":"purchasable","19":"product-type-simple"},"exclude_global_add_ons":[],"addons":[],"acf":[],"_links":{"self":[{"href":"https:\/\/www.customeeple.com\/es\/wp-json\/wp\/v2\/product\/43559","targetHints":{"allow":["GET"]}}],"collection":[{"href":"https:\/\/www.customeeple.com\/es\/wp-json\/wp\/v2\/product"}],"about":[{"href":"https:\/\/www.customeeple.com\/es\/wp-json\/wp\/v2\/types\/product"}],"wp:featuredmedia":[{"embeddable":true,"href":"https:\/\/www.customeeple.com\/es\/wp-json\/wp\/v2\/media\/43561"}],"wp:attachment":[{"href":"https:\/\/www.customeeple.com\/es\/wp-json\/wp\/v2\/media?parent=43559"}],"wp:term":[{"taxonomy":"product_brand","embeddable":true,"href":"https:\/\/www.customeeple.com\/es\/wp-json\/wp\/v2\/product_brand?post=43559"},{"taxonomy":"product_cat","embeddable":true,"href":"https:\/\/www.customeeple.com\/es\/wp-json\/wp\/v2\/product_cat?post=43559"},{"taxonomy":"product_tag","embeddable":true,"href":"https:\/\/www.customeeple.com\/es\/wp-json\/wp\/v2\/product_tag?post=43559"}],"curies":[{"name":"wp","href":"https:\/\/api.w.org\/{rel}","templated":true}]}}