{"id":43544,"date":"2019-05-09T16:15:33","date_gmt":"2019-05-09T15:15:33","guid":{"rendered":"https:\/\/www.customeeple.com\/?post_type=product&#038;p=43544"},"modified":"2019-09-06T10:12:39","modified_gmt":"2019-09-06T08:12:39","slug":"mysterium-esp","status":"publish","type":"product","link":"https:\/\/www.customeeple.com\/es\/producto\/mysterium-esp\/","title":{"rendered":"Mysterium (ESP)"},"content":{"rendered":"<div class=\"p_collection\">\n<div id=\"primary_block\" class=\"clearfix\">\n<div class=\"add-top p_collection\">\n<div>\n<h2 class=\"claim_collection_big\">Contacta con el m\u00e1s all\u00e1 y desvela los secretos.<\/h2>\n<\/div>\n<div class=\"add-top p_collection\">\n<p><em>Mysterium<\/em> es juego cooperativo de deducci\u00f3n que reta a un grupo de dos a siete jugadores a resolver un asesinato que ocurri\u00f3 treinta a\u00f1os atr\u00e1s. Un jugador asume el papel del fantasma que intentar\u00e1 comunicarse con el grupo de m\u00e9diums y apuntar al verdadero culpable. Los otros jugadores, que juegan con los m\u00e9diums, recibir\u00e1n visiones que deber\u00e1n interpretar lo mejor posible para reducir la lista de sospechosos.<\/p>\n<\/div>\n<p><strong>Cantidad de jugadores<\/strong>: 2 a 7 jugadores<\/p>\n<\/div>\n<\/div>\n<\/div>\n<div class=\"product_components double-top add-border\">\n<div>\n<p><strong>Duraci\u00f3n<\/strong>: 42 minutos<\/p>\n<p><strong>Edad<\/strong>: +10 a\u00f1os<\/p>\n<p><strong>Idioma<\/strong>: Espa\u00f1ol<\/p>\n<\/div>\n<div><\/div>\n<\/div>\n","protected":false},"excerpt":{"rendered":"<p>Boardgame.<\/p>\n","protected":false},"featured_media":43546,"template":"","meta":{"_acf_changed":false},"product_brand":[],"product_cat":[1561,1653,1556,1180],"product_tag":[1264,1280],"class_list":{"0":"post-43544","1":"product","2":"type-product","3":"status-publish","4":"has-post-thumbnail","6":"product_cat-familiar-es","7":"product_cat-boardgames","8":"product_cat-board-games-es","9":"product_cat-retail-products-es","10":"product_tag-boardgame-es","11":"product_tag-juego-de-mesa-es","13":"first","14":"onbackorder","15":"sale","16":"taxable","17":"shipping-taxable","18":"purchasable","19":"product-type-simple"},"exclude_global_add_ons":[],"addons":[],"acf":[],"_links":{"self":[{"href":"https:\/\/www.customeeple.com\/es\/wp-json\/wp\/v2\/product\/43544","targetHints":{"allow":["GET"]}}],"collection":[{"href":"https:\/\/www.customeeple.com\/es\/wp-json\/wp\/v2\/product"}],"about":[{"href":"https:\/\/www.customeeple.com\/es\/wp-json\/wp\/v2\/types\/product"}],"wp:featuredmedia":[{"embeddable":true,"href":"https:\/\/www.customeeple.com\/es\/wp-json\/wp\/v2\/media\/43546"}],"wp:attachment":[{"href":"https:\/\/www.customeeple.com\/es\/wp-json\/wp\/v2\/media?parent=43544"}],"wp:term":[{"taxonomy":"product_brand","embeddable":true,"href":"https:\/\/www.customeeple.com\/es\/wp-json\/wp\/v2\/product_brand?post=43544"},{"taxonomy":"product_cat","embeddable":true,"href":"https:\/\/www.customeeple.com\/es\/wp-json\/wp\/v2\/product_cat?post=43544"},{"taxonomy":"product_tag","embeddable":true,"href":"https:\/\/www.customeeple.com\/es\/wp-json\/wp\/v2\/product_tag?post=43544"}],"curies":[{"name":"wp","href":"https:\/\/api.w.org\/{rel}","templated":true}]}}