{"id":43526,"date":"2019-05-09T15:55:31","date_gmt":"2019-05-09T13:55:33","guid":{"rendered":"https:\/\/www.customeeple.com\/?post_type=product&#038;p=43526"},"modified":"2025-04-11T11:34:15","modified_gmt":"2025-04-11T10:34:15","slug":"1906-san-francisco-esp-eng","status":"publish","type":"product","link":"https:\/\/www.customeeple.com\/es\/producto\/1906-san-francisco-esp-eng\/","title":{"rendered":"1906 San Francisco (ESP\/ENG)"},"content":{"rendered":"<div class=\"p_collection\">\n<div id=\"primary_block\" class=\"clearfix\">\n<div class=\"add-top p_collection\">\n<p><i>La madrugada del 18 de abril de 1906 la ciudad de San Francisco despert\u00f3 sacudida por un gran terremoto de 8,6 grados en la escala de Richter y por un feroz incendio posterior. A\u00fan hoy pervive como una de las mayores cat\u00e1strofes de los Estados Unidos.<\/i><\/p>\n<p><strong>S\u00e9 uno de los promotores de la r\u00e1pida reconstrucci\u00f3n de San Francisco durante el lustro siguiente a la gran destrucci\u00f3n<\/strong>. Obt\u00e9n concesiones de parcelas, dinero para la retirada de escombros y construcci\u00f3n de edificios, urbaniza las calles con sus servicios y mejora la ciudad para hacer frente a su modernizaci\u00f3n.<\/p>\n<p><strong>Contenido<\/strong>:<\/p>\n<ul>\n<li>1 tablero de a\u00f1os (turnos) y puntuaci\u00f3n<\/li>\n<li>1 marcador de a\u00f1o<\/li>\n<li>16 fichas de escombros<\/li>\n<li>1 tablero de desarrollo urban\u00edstico<\/li>\n<li>1 barra de control de dinero<\/li>\n<li>4 fichas de desarrollo urban\u00edstico<\/li>\n<li>4 fichas de control de dinero<\/li>\n<li>4 peones de madera<\/li>\n<li>32 edificios de madera<\/li>\n<li>98 cartas<\/li>\n<li>Reglamento en espa\u00f1ol e ingl\u00e9s.<\/li>\n<\/ul>\n<\/div>\n<\/div>\n<\/div>\n<div class=\"product_components double-top add-border\">\n<div>\n<p><strong>Cantidad de jugadores<\/strong>: 2 a 4 jugadores<\/p>\n<p><strong>Duraci\u00f3n<\/strong>: 45 minutos<\/p>\n<p><strong>Edad<\/strong>: +12 a\u00f1os<\/p>\n<p><strong>Idioma<\/strong>: Espa\u00f1ol\/Ingl\u00e9s<\/p>\n<\/div>\n<div><\/div>\n<\/div>\n","protected":false},"excerpt":{"rendered":"<p>Boardgame.<\/p>\n","protected":false},"featured_media":43529,"template":"","meta":{"_acf_changed":false},"product_brand":[],"product_cat":[1561,1653,1556,1180],"product_tag":[1264,1280],"class_list":{"0":"post-43526","1":"product","2":"type-product","3":"status-publish","4":"has-post-thumbnail","6":"product_cat-familiar-es","7":"product_cat-boardgames","8":"product_cat-board-games-es","9":"product_cat-retail-products-es","10":"product_tag-boardgame-es","11":"product_tag-juego-de-mesa-es","13":"first","14":"onbackorder","15":"sale","16":"taxable","17":"shipping-taxable","18":"purchasable","19":"product-type-simple"},"exclude_global_add_ons":[],"addons":[],"acf":[],"_links":{"self":[{"href":"https:\/\/www.customeeple.com\/es\/wp-json\/wp\/v2\/product\/43526","targetHints":{"allow":["GET"]}}],"collection":[{"href":"https:\/\/www.customeeple.com\/es\/wp-json\/wp\/v2\/product"}],"about":[{"href":"https:\/\/www.customeeple.com\/es\/wp-json\/wp\/v2\/types\/product"}],"wp:featuredmedia":[{"embeddable":true,"href":"https:\/\/www.customeeple.com\/es\/wp-json\/wp\/v2\/media\/43529"}],"wp:attachment":[{"href":"https:\/\/www.customeeple.com\/es\/wp-json\/wp\/v2\/media?parent=43526"}],"wp:term":[{"taxonomy":"product_brand","embeddable":true,"href":"https:\/\/www.customeeple.com\/es\/wp-json\/wp\/v2\/product_brand?post=43526"},{"taxonomy":"product_cat","embeddable":true,"href":"https:\/\/www.customeeple.com\/es\/wp-json\/wp\/v2\/product_cat?post=43526"},{"taxonomy":"product_tag","embeddable":true,"href":"https:\/\/www.customeeple.com\/es\/wp-json\/wp\/v2\/product_tag?post=43526"}],"curies":[{"name":"wp","href":"https:\/\/api.w.org\/{rel}","templated":true}]}}