{"id":43522,"date":"2019-05-09T15:49:00","date_gmt":"2019-05-09T13:49:02","guid":{"rendered":"https:\/\/www.customeeple.com\/?post_type=product&#038;p=43522"},"modified":"2024-01-11T09:02:53","modified_gmt":"2024-01-11T08:02:53","slug":"startups-esp","status":"publish","type":"product","link":"https:\/\/www.customeeple.com\/es\/producto\/startups-esp\/","title":{"rendered":"Startups (ESP)"},"content":{"rendered":"<div class=\"p_collection\">\n<div id=\"primary_block\" class=\"clearfix\">\n<div class=\"add-top p_collection\">\n<p>Hay seis compa\u00f1\u00edas que cambiar\u00e1n el mundo tal como lo conocemos y puedes formar parte de su \u00e9xito y convertirte en inversor. \u00a1Intenta hacerte rico tomando las decisiones correctas!<\/p>\n<p>S\u00f3lo el mayor inversor puede obtener dinero de cada compa\u00f1\u00eda. Debes tratar de adivinar los siguientes pasos de tus rivales y usar tu capital y tus tres cartas ocultas para ganar contra ellos y convertirte en el mayor accionista.<\/p>\n<p>\u00abStartups\u00bb es un divertido juego de mesa en el que necesitar\u00e1s tener suerte, \u00a1pero tambi\u00e9n tendr\u00e1s que pensar mucho tus movimientos y analizar a tus rivales! Puedes jugar a este juego de cartas con solo unos pocos jugadores, pero tambi\u00e9n con muchos.<\/p>\n<\/div>\n<\/div>\n<\/div>\n<div class=\"product_components double-top add-border\">\n<div>\n<p><strong>Cantidad de jugadores<\/strong>: 3 a 7 jugadores<\/p>\n<p><strong>Duraci\u00f3n<\/strong>: 20 minutos<\/p>\n<p><strong>Edad<\/strong>: +10 a\u00f1os<\/p>\n<p><strong>Idioma<\/strong>: Espa\u00f1ol<\/p>\n<\/div>\n<div><\/div>\n<\/div>\n","protected":false},"excerpt":{"rendered":"<p>Boardgame.<\/p>\n","protected":false},"featured_media":43524,"template":"","meta":{"_acf_changed":false},"product_brand":[],"product_cat":[1561,1557,1653,1180],"product_tag":[1264,1280],"class_list":{"0":"post-43522","1":"product","2":"type-product","3":"status-publish","4":"has-post-thumbnail","6":"product_cat-familiar-es","7":"product_cat-card-game-es","8":"product_cat-boardgames","9":"product_cat-retail-products-es","10":"product_tag-boardgame-es","11":"product_tag-juego-de-mesa-es","13":"first","14":"outofstock","15":"sale","16":"taxable","17":"shipping-taxable","18":"purchasable","19":"product-type-simple"},"exclude_global_add_ons":[],"addons":[],"acf":[],"_links":{"self":[{"href":"https:\/\/www.customeeple.com\/es\/wp-json\/wp\/v2\/product\/43522","targetHints":{"allow":["GET"]}}],"collection":[{"href":"https:\/\/www.customeeple.com\/es\/wp-json\/wp\/v2\/product"}],"about":[{"href":"https:\/\/www.customeeple.com\/es\/wp-json\/wp\/v2\/types\/product"}],"wp:featuredmedia":[{"embeddable":true,"href":"https:\/\/www.customeeple.com\/es\/wp-json\/wp\/v2\/media\/43524"}],"wp:attachment":[{"href":"https:\/\/www.customeeple.com\/es\/wp-json\/wp\/v2\/media?parent=43522"}],"wp:term":[{"taxonomy":"product_brand","embeddable":true,"href":"https:\/\/www.customeeple.com\/es\/wp-json\/wp\/v2\/product_brand?post=43522"},{"taxonomy":"product_cat","embeddable":true,"href":"https:\/\/www.customeeple.com\/es\/wp-json\/wp\/v2\/product_cat?post=43522"},{"taxonomy":"product_tag","embeddable":true,"href":"https:\/\/www.customeeple.com\/es\/wp-json\/wp\/v2\/product_tag?post=43522"}],"curies":[{"name":"wp","href":"https:\/\/api.w.org\/{rel}","templated":true}]}}