{"id":43518,"date":"2019-05-09T15:41:10","date_gmt":"2019-05-09T13:41:11","guid":{"rendered":"https:\/\/www.customeeple.com\/?post_type=product&#038;p=43518"},"modified":"2019-09-06T10:13:44","modified_gmt":"2019-09-06T08:13:44","slug":"chariot-race-esp-pt","status":"publish","type":"product","link":"https:\/\/www.customeeple.com\/es\/producto\/chariot-race-esp-pt\/","title":{"rendered":"Chariot Race (ESP\/PT)"},"content":{"rendered":"<div class=\"p_collection\">\n<div id=\"primary_block\" class=\"clearfix\">\n<div class=\"add-top p_collection\">\n<p>Las masas esperan el comienzo del espect\u00e1culo&#8230; el calor es sofocante&#8230; los sudorosos equinos tiran nerviosos de sus arneses. \u00a1Ah\u00ed est\u00e1! \u00a1La se\u00f1al de salida! El silbido del l\u00e1tigo hace avanzar tu carro, lentamente al principio, pero ganando velocidad r\u00e1pidamente&#8230; rodeando la spina en el centro de la arena para completar la primera vuelta&#8230; la siguiente curva se acerca&#8230; mirando hac\u00eda atr\u00e1s, uno de los carros ya est\u00e1 muy rezagado y, justo por delante, la velocidad de otro carro es demasiado alta para tomar la curva&#8230; \u00a1ha quedado destrozado al chocar contra el muro! \u00a1la multitud ruge! solo un carro se interpone entre t\u00fa y la victoria, es hora de jugar sucio. Tu jabalina est\u00e1 lista a la espera de que el auriga se ponga a tiro&#8230; \u00bfo quiz\u00e1 es mejor adelantarlo y arrojar abrojos en su camino? <em>Audentis fortuna iuvat&#8230;<\/em><\/p>\n<p><strong>Contenido<\/strong>:<\/p>\n<ul>\n<li>\u2022 1 Tablero de Juego a doble cara (en dos mitades)<br \/>\n\u2022 6 Tableros de Carro a doble cara<br \/>\n\u2022 5 Dados personalizados<br \/>\n\u2022 6 Carros<br \/>\n\u2022 6 Marcadores de Ronda a doble cara<br \/>\n\u2022 20 Marcadores de Abrojo<br \/>\n\u2022 18 Clips Marcadores<br \/>\n\u2022 1 Reglamento (Espa\u00f1ol \/ Portugu\u00e9s)<\/li>\n<\/ul>\n<\/div>\n<\/div>\n<\/div>\n<div class=\"product_components double-top add-border\">\n<div>\n<p><strong>Cantidad de jugadores<\/strong>: 2 a 6 jugadores<\/p>\n<p><strong>Duraci\u00f3n<\/strong>: 45 minutos<\/p>\n<p><strong>Edad<\/strong>: +8 a\u00f1os<\/p>\n<p><strong>Idioma<\/strong>: Espa\u00f1ol \/ Portugu\u00e9s<\/p>\n<\/div>\n<div><\/div>\n<\/div>\n","protected":false},"excerpt":{"rendered":"<p>Boardgame.<\/p>\n","protected":false},"featured_media":43520,"template":"","meta":{"_acf_changed":false},"product_brand":[],"product_cat":[1561,1653,1556,1180],"product_tag":[1264,1280],"class_list":{"0":"post-43518","1":"product","2":"type-product","3":"status-publish","4":"has-post-thumbnail","6":"product_cat-familiar-es","7":"product_cat-boardgames","8":"product_cat-board-games-es","9":"product_cat-retail-products-es","10":"product_tag-boardgame-es","11":"product_tag-juego-de-mesa-es","13":"first","14":"onbackorder","15":"sale","16":"taxable","17":"shipping-taxable","18":"purchasable","19":"product-type-simple"},"exclude_global_add_ons":[],"addons":[],"acf":[],"_links":{"self":[{"href":"https:\/\/www.customeeple.com\/es\/wp-json\/wp\/v2\/product\/43518","targetHints":{"allow":["GET"]}}],"collection":[{"href":"https:\/\/www.customeeple.com\/es\/wp-json\/wp\/v2\/product"}],"about":[{"href":"https:\/\/www.customeeple.com\/es\/wp-json\/wp\/v2\/types\/product"}],"wp:featuredmedia":[{"embeddable":true,"href":"https:\/\/www.customeeple.com\/es\/wp-json\/wp\/v2\/media\/43520"}],"wp:attachment":[{"href":"https:\/\/www.customeeple.com\/es\/wp-json\/wp\/v2\/media?parent=43518"}],"wp:term":[{"taxonomy":"product_brand","embeddable":true,"href":"https:\/\/www.customeeple.com\/es\/wp-json\/wp\/v2\/product_brand?post=43518"},{"taxonomy":"product_cat","embeddable":true,"href":"https:\/\/www.customeeple.com\/es\/wp-json\/wp\/v2\/product_cat?post=43518"},{"taxonomy":"product_tag","embeddable":true,"href":"https:\/\/www.customeeple.com\/es\/wp-json\/wp\/v2\/product_tag?post=43518"}],"curies":[{"name":"wp","href":"https:\/\/api.w.org\/{rel}","templated":true}]}}