{"id":43514,"date":"2019-05-09T15:35:28","date_gmt":"2019-05-09T14:35:28","guid":{"rendered":"https:\/\/www.customeeple.com\/?post_type=product&#038;p=43514"},"modified":"2019-09-06T10:14:13","modified_gmt":"2019-09-06T08:14:13","slug":"fantasy-realms-esp","status":"publish","type":"product","link":"https:\/\/www.customeeple.com\/es\/producto\/fantasy-realms-esp\/","title":{"rendered":"Fantasy Realms (ESP)"},"content":{"rendered":"<div class=\"p_collection\">\n<div id=\"primary_block\" class=\"clearfix\">\n<div class=\"add-top p_collection\">\n<p><strong>Fantasy Realms<\/strong>\u00a0es un juego de cartas de Bruce Glassco de 2 a 6 jugadores.<\/p>\n<p>Se explica de forma r\u00e1pida: Comienzas con 7 cartas en la mano que punt\u00faan y se combinan entre ellas. En tu turno, robas una carta del mazo o del \u00e1rea visible de descarte y despu\u00e9s descartas una carta para tener siempre 7 cartas en la mano. El juego termina cuando hay 10 cartas en el descarte, momento en el cual, los jugadores desvelan sus manos para puntuar.<\/p>\n<p>Construye una mano invencible combinando las cartas de la mejor manera posible.<\/p>\n<p>\u00bfLo lograr\u00e1s siguiendo las t\u00e1cticas militares y arrasando todo a tu paso?<br \/>\n\u00bfLo har\u00e1s rode\u00e1ndote de poderosos magos y tomando el control de una isla inaccesible rodeada por llamas?<br \/>\nLa decisi\u00f3n es tuya porque hay miles de combinaciones posibles\u2026<\/p>\n<p>*La edici\u00f3n espa\u00f1ola incluye en exclusiva la carta promocional<strong>\u00a0\u201cBuf\u00f3n\u201d<\/strong>.<\/p>\n<p><strong>Contenido<\/strong>:<\/p>\n<ul>\n<li>55 cartas.<\/li>\n<li>1 cuaderno de puntuaci\u00f3n de 100 hojas.<\/li>\n<li>Reglamento en espa\u00f1ol.<\/li>\n<li>Aplicaci\u00f3n para las puntuaciones descargable desde la p\u00e1gina de Wizkids<\/li>\n<\/ul>\n<\/div>\n<\/div>\n<\/div>\n<div class=\"product_components double-top add-border\">\n<div>\n<p><strong>Cantidad de jugadores<\/strong>: 2 a 6 jugadores<\/p>\n<p><strong>Duraci\u00f3n<\/strong>: 20 minutos<\/p>\n<p><strong>Edad<\/strong>: +14 a\u00f1os<\/p>\n<p><strong>Idioma<\/strong>: Espa\u00f1ol<\/p>\n<\/div>\n<div><\/div>\n<\/div>\n","protected":false},"excerpt":{"rendered":"<p>Boardgame.<\/p>\n","protected":false},"featured_media":43516,"template":"","meta":{"_acf_changed":false},"product_brand":[],"product_cat":[1557,1653,1556,1180],"product_tag":[1264,1280],"class_list":{"0":"post-43514","1":"product","2":"type-product","3":"status-publish","4":"has-post-thumbnail","6":"product_cat-card-game-es","7":"product_cat-boardgames","8":"product_cat-board-games-es","9":"product_cat-retail-products-es","10":"product_tag-boardgame-es","11":"product_tag-juego-de-mesa-es","13":"first","14":"onbackorder","15":"sale","16":"taxable","17":"shipping-taxable","18":"purchasable","19":"product-type-simple"},"exclude_global_add_ons":[],"addons":[],"acf":[],"_links":{"self":[{"href":"https:\/\/www.customeeple.com\/es\/wp-json\/wp\/v2\/product\/43514","targetHints":{"allow":["GET"]}}],"collection":[{"href":"https:\/\/www.customeeple.com\/es\/wp-json\/wp\/v2\/product"}],"about":[{"href":"https:\/\/www.customeeple.com\/es\/wp-json\/wp\/v2\/types\/product"}],"wp:featuredmedia":[{"embeddable":true,"href":"https:\/\/www.customeeple.com\/es\/wp-json\/wp\/v2\/media\/43516"}],"wp:attachment":[{"href":"https:\/\/www.customeeple.com\/es\/wp-json\/wp\/v2\/media?parent=43514"}],"wp:term":[{"taxonomy":"product_brand","embeddable":true,"href":"https:\/\/www.customeeple.com\/es\/wp-json\/wp\/v2\/product_brand?post=43514"},{"taxonomy":"product_cat","embeddable":true,"href":"https:\/\/www.customeeple.com\/es\/wp-json\/wp\/v2\/product_cat?post=43514"},{"taxonomy":"product_tag","embeddable":true,"href":"https:\/\/www.customeeple.com\/es\/wp-json\/wp\/v2\/product_tag?post=43514"}],"curies":[{"name":"wp","href":"https:\/\/api.w.org\/{rel}","templated":true}]}}