{"id":43412,"date":"2019-05-08T15:30:27","date_gmt":"2019-05-08T13:30:28","guid":{"rendered":"https:\/\/www.customeeple.com\/?post_type=product&#038;p=43412"},"modified":"2019-05-30T09:51:10","modified_gmt":"2019-05-30T07:51:10","slug":"edificios-torres-kio-2-unidades","status":"publish","type":"product","link":"https:\/\/www.customeeple.com\/es\/producto\/edificios-torres-kio-2-unidades\/","title":{"rendered":"Edificios Torres Kio (2 Uds)"},"content":{"rendered":"<p>Este set de construcci\u00f3n est\u00e1 dise\u00f1ado para ser usado en los juegos de combate urbano.<\/p>\n<p>El set es perfecto para expandir tu ciudad con edificios nuevos que a\u00f1adan cierta variedad a los de cart\u00f3n.<\/p>\n<p>La escala es compatible con juegos de ciudades a peque\u00f1a escala como <strong>Monsterpocalypse, Dropzone Commander, Heavy Gear.<\/strong><\/p>\n<p>Ten en cuenta que este producto se vende sin montar y las fotos solo son sugerencias. Puedes pintarlo y usarlo como quieras.<\/p>\n<div class=\"moreinfo\">\n<div class=\"moreinfo\">\n<p><strong>Material: <\/strong>DM<\/p>\n<p dir=\"ltr\"><strong>Grosor:<\/strong> 2.5mm<\/p>\n<p dir=\"ltr\"><strong>Tama\u00f1o:<\/strong> 8cm\u00a0 base de 6x6cm<\/p>\n<p dir=\"ltr\"><strong>Cantidad:<\/strong> 2 edificios con bases<\/p>\n<p><strong>Uso: <\/strong>2 edificios con base<\/p>\n<\/div>\n<div class=\"infopreorder\"><a href=\"http:\/\/monsterpocalypse.com\/\"><strong>Monsterpocalypse<\/strong><\/a> es un juego publicado por<a href=\"https:\/\/home.privateerpress.com\/\"><strong> PrivateerPress<\/strong><\/a>. <strong>Customeeple<\/strong> no esta asociado con esta compa\u00f1\u00eda y este producto no esta apoyado por ellos .<\/div>\n<\/div>\n","protected":false},"excerpt":{"rendered":"<p>Edificios compatibles con\u00a0 <a href=\"http:\/\/monsterpocalypse.com\/\"><strong>Monsterpocalypse<\/strong><\/a><\/p>\n","protected":false},"featured_media":43406,"template":"","meta":{"_acf_changed":false},"product_brand":[],"product_cat":[191,1370,1399,1514,1567],"product_tag":[],"class_list":{"0":"post-43412","1":"product","2":"type-product","3":"status-publish","4":"has-post-thumbnail","6":"product_cat-accesorios","7":"product_cat-customeeple-es","8":"product_cat-escenografia-es","9":"product_cat-mosterpocalypse-es","10":"product_cat-monsterpocalypse-es","12":"first","13":"instock","14":"taxable","15":"shipping-taxable","16":"purchasable","17":"product-type-simple"},"exclude_global_add_ons":[],"addons":[],"acf":[],"_links":{"self":[{"href":"https:\/\/www.customeeple.com\/es\/wp-json\/wp\/v2\/product\/43412","targetHints":{"allow":["GET"]}}],"collection":[{"href":"https:\/\/www.customeeple.com\/es\/wp-json\/wp\/v2\/product"}],"about":[{"href":"https:\/\/www.customeeple.com\/es\/wp-json\/wp\/v2\/types\/product"}],"wp:featuredmedia":[{"embeddable":true,"href":"https:\/\/www.customeeple.com\/es\/wp-json\/wp\/v2\/media\/43406"}],"wp:attachment":[{"href":"https:\/\/www.customeeple.com\/es\/wp-json\/wp\/v2\/media?parent=43412"}],"wp:term":[{"taxonomy":"product_brand","embeddable":true,"href":"https:\/\/www.customeeple.com\/es\/wp-json\/wp\/v2\/product_brand?post=43412"},{"taxonomy":"product_cat","embeddable":true,"href":"https:\/\/www.customeeple.com\/es\/wp-json\/wp\/v2\/product_cat?post=43412"},{"taxonomy":"product_tag","embeddable":true,"href":"https:\/\/www.customeeple.com\/es\/wp-json\/wp\/v2\/product_tag?post=43412"}],"curies":[{"name":"wp","href":"https:\/\/api.w.org\/{rel}","templated":true}]}}