{"id":43327,"date":"2019-09-26T11:48:10","date_gmt":"2019-05-07T09:48:12","guid":{"rendered":"https:\/\/www.customeeple.com\/?post_type=product&#038;p=43327"},"modified":"2023-05-30T17:54:23","modified_gmt":"2023-05-30T16:54:23","slug":"bases-rectangulares-de-dm","status":"publish","type":"product","link":"https:\/\/www.customeeple.com\/es\/producto\/bases-rectangulares-de-dm\/","title":{"rendered":"Bases Ovaladas de DM"},"content":{"rendered":"<div class=\"add-top p_collection\">\n<p>Un pack de bases en DM. Usalas como base de tus minis personalizadas.<\/p>\n<p>Las bases pueden comprarse en varios tama\u00f1os desde la m\u00e1s peque\u00f1a de 15 x 30 mm a la colosal de 120x 160 mm. Son perfectas para ser utilizadas en cualquier juego que use bases redondas como <strong>Warhamer, Kings of war<\/strong>, <strong>DBA, Flames of Wars &#8230;etc<\/strong><\/p>\n<\/div>\n<div class=\"moreinfo\">\n<p><strong>Material: <\/strong>DM<\/p>\n<p dir=\"ltr\"><strong>Espesor:<\/strong> 2,5 mm<\/p>\n<p dir=\"ltr\"><strong>Tama\u00f1o: <\/strong>Varia<strong><br \/>\n<\/strong><\/p>\n<p>href=\u00bbhttps:\/\/boardgamegeek.com\/boardgame\/180241\/warhammer-age-sigmar\u00bb&gt;Warhammer: Age of Sigmar<\/p>\n<p dir=\"ltr\"><strong>\u00a0<\/strong>es un uego publicado por <a href=\"https:\/\/www.games-workshop.com\/es-ES\/Inicio\"><strong>\u00a0Games Workshop\u00a0<\/strong><\/a><a href=\"https:\/\/store.warlordgames.com\/collections\/bolt-action\">\u00a0<\/a><strong>Customeeple<\/strong> no esta afiliado con esta compa\u00f1ia y este producto no esta apoyado por ellos.<\/p>\n<\/div>\n","protected":false},"excerpt":{"rendered":"<p>Bases de DM para cualquier situaci\u00f3n<\/p>\n","protected":false},"featured_media":43331,"template":"","meta":{"_acf_changed":false},"product_brand":[],"product_cat":[304,1370,1654],"product_tag":[1535,685,942,787],"class_list":{"0":"post-43327","1":"product","2":"type-product","3":"status-publish","4":"has-post-thumbnail","6":"product_cat-bases-es","7":"product_cat-customeeple-es","8":"product_cat-warhammer-age-of-sigmar-es-2","9":"product_tag-age-of-sigmar-es","10":"product_tag-bases-es","11":"product_tag-bolt-action-es","12":"product_tag-warhammer-40k-es-2","14":"first","15":"instock","16":"taxable","17":"shipping-taxable","18":"purchasable","19":"product-type-variable"},"exclude_global_add_ons":[],"addons":[],"acf":[],"_links":{"self":[{"href":"https:\/\/www.customeeple.com\/es\/wp-json\/wp\/v2\/product\/43327","targetHints":{"allow":["GET"]}}],"collection":[{"href":"https:\/\/www.customeeple.com\/es\/wp-json\/wp\/v2\/product"}],"about":[{"href":"https:\/\/www.customeeple.com\/es\/wp-json\/wp\/v2\/types\/product"}],"wp:featuredmedia":[{"embeddable":true,"href":"https:\/\/www.customeeple.com\/es\/wp-json\/wp\/v2\/media\/43331"}],"wp:attachment":[{"href":"https:\/\/www.customeeple.com\/es\/wp-json\/wp\/v2\/media?parent=43327"}],"wp:term":[{"taxonomy":"product_brand","embeddable":true,"href":"https:\/\/www.customeeple.com\/es\/wp-json\/wp\/v2\/product_brand?post=43327"},{"taxonomy":"product_cat","embeddable":true,"href":"https:\/\/www.customeeple.com\/es\/wp-json\/wp\/v2\/product_cat?post=43327"},{"taxonomy":"product_tag","embeddable":true,"href":"https:\/\/www.customeeple.com\/es\/wp-json\/wp\/v2\/product_tag?post=43327"}],"curies":[{"name":"wp","href":"https:\/\/api.w.org\/{rel}","templated":true}]}}