{"id":43283,"date":"2019-05-07T10:33:57","date_gmt":"2019-05-07T08:33:58","guid":{"rendered":"https:\/\/www.customeeple.com\/?post_type=product&#038;p=43283"},"modified":"2019-09-06T10:15:10","modified_gmt":"2019-09-06T08:15:10","slug":"kreus-esp","status":"publish","type":"product","link":"https:\/\/www.customeeple.com\/es\/producto\/kreus-esp\/","title":{"rendered":"Kreus (ESP)"},"content":{"rendered":"<div class=\"p_collection\">\n<div id=\"primary_block\" class=\"clearfix\">\n<div class=\"add-top p_collection\">\n<p>Kreus es un juego cooperativo donde deber\u00e9is construir un planeta perfecto.<\/p>\n<p>Kreus es un juego de mesa cooperativo donde los jugadores adoptar\u00e1n el papel de Titanes, que deber\u00e1n ponerse de acuerdo para crear un Planeta lo m\u00e1s perfecto posible. Para ello, se tendr\u00e1n que poner de acuedo entre ellos y organizarse en todo el proceso creativo, teniendo cuidado de no despertar la furia de su padre, Ouranos.<\/p>\n<p><strong>Contenido<\/strong>:<\/p>\n<ul>\n<li>15 Piedras de energ\u00eda<\/li>\n<li>42 Cartas de universo<\/li>\n<li>1 Carta de jugador inicial<\/li>\n<li>6 Cartas de referencia de juego<\/li>\n<li>6 Cartas de Tit\u00e1n y Tit\u00e1nide<\/li>\n<\/ul>\n<\/div>\n<\/div>\n<\/div>\n<div class=\"product_components double-top add-border\">\n<div>\n<p><strong>Cantidad de jugadores<\/strong>: 3 a 6 jugadores<\/p>\n<p><strong>Duraci\u00f3n<\/strong>: 30 minutos<\/p>\n<p><strong>Edad<\/strong>: +10 a\u00f1os<\/p>\n<p><strong>Idioma<\/strong>: Espa\u00f1ol<\/p>\n<\/div>\n<div><\/div>\n<\/div>\n","protected":false},"excerpt":{"rendered":"<p>Boardgame.<\/p>\n","protected":false},"featured_media":43285,"template":"","meta":{"_acf_changed":false},"product_brand":[],"product_cat":[1653,1556,1180],"product_tag":[1264,1280],"class_list":{"0":"post-43283","1":"product","2":"type-product","3":"status-publish","4":"has-post-thumbnail","6":"product_cat-boardgames","7":"product_cat-board-games-es","8":"product_cat-retail-products-es","9":"product_tag-boardgame-es","10":"product_tag-juego-de-mesa-es","12":"first","13":"onbackorder","14":"sale","15":"taxable","16":"shipping-taxable","17":"purchasable","18":"product-type-simple"},"exclude_global_add_ons":[],"addons":[],"acf":[],"_links":{"self":[{"href":"https:\/\/www.customeeple.com\/es\/wp-json\/wp\/v2\/product\/43283","targetHints":{"allow":["GET"]}}],"collection":[{"href":"https:\/\/www.customeeple.com\/es\/wp-json\/wp\/v2\/product"}],"about":[{"href":"https:\/\/www.customeeple.com\/es\/wp-json\/wp\/v2\/types\/product"}],"wp:featuredmedia":[{"embeddable":true,"href":"https:\/\/www.customeeple.com\/es\/wp-json\/wp\/v2\/media\/43285"}],"wp:attachment":[{"href":"https:\/\/www.customeeple.com\/es\/wp-json\/wp\/v2\/media?parent=43283"}],"wp:term":[{"taxonomy":"product_brand","embeddable":true,"href":"https:\/\/www.customeeple.com\/es\/wp-json\/wp\/v2\/product_brand?post=43283"},{"taxonomy":"product_cat","embeddable":true,"href":"https:\/\/www.customeeple.com\/es\/wp-json\/wp\/v2\/product_cat?post=43283"},{"taxonomy":"product_tag","embeddable":true,"href":"https:\/\/www.customeeple.com\/es\/wp-json\/wp\/v2\/product_tag?post=43283"}],"curies":[{"name":"wp","href":"https:\/\/api.w.org\/{rel}","templated":true}]}}