{"id":43205,"date":"2019-05-06T15:16:30","date_gmt":"2019-05-06T13:16:31","guid":{"rendered":"https:\/\/www.customeeple.com\/?post_type=product&#038;p=43205"},"modified":"2019-05-06T15:26:04","modified_gmt":"2019-05-06T13:26:04","slug":"heaven-ale-esp","status":"publish","type":"product","link":"https:\/\/www.customeeple.com\/es\/producto\/heaven-ale-esp\/","title":{"rendered":"Heaven &#038; Ale (ESP)"},"content":{"rendered":"<div class=\"p_collection\">\n<div id=\"primary_block\" class=\"clearfix\">\n<div class=\"add-top p_collection\">\n<p>Disfruta de uno de los mejores juegos de este a\u00f1o!<\/p>\n<p>En Heaven &amp; Ale (Cielo y Cerveza) tendr\u00e1s que enfrentarte con la tarea de elaborar cerveza frente a rivales de otros monasterios. Deber\u00e1s cuidar un delicado equilibrio entre la mejora y siembra del jard\u00edn de tu claustro y el momento de la cosecha para llenar tus barriles con la mejor cerveza posible.<\/p>\n<\/div>\n<\/div>\n<\/div>\n<div class=\"product_components double-top add-border\">\n<div>\n<p><strong>Contenido<\/strong>:<\/p>\n<ul>\n<li>1 Tablero de juego<\/li>\n<li>100 Fichas de recurso<\/li>\n<li>24 Fichas de monje<\/li>\n<li>49 Fichas de cobertizo<\/li>\n<li>12 Barriles grandes<\/li>\n<li>12 Barriles peque\u00f1os<\/li>\n<li>36 Discos de puntuaci\u00f3n<\/li>\n<li>4 Tableros de jugador<\/li>\n<li>4 Maestros cerveceros<\/li>\n<li>4 Priores<\/li>\n<li>20 Marcadores de recurso<\/li>\n<li>20 Cartas de privilegio<\/li>\n<li>27 Fichas de ducado<\/li>\n<li>24 Cartas de ducado<\/li>\n<\/ul>\n<p><strong>Cantidad de jugadores<\/strong>: 2 a 4 jugadores<\/p>\n<p><strong>Duraci\u00f3n<\/strong>: 60-90 minutos<\/p>\n<p><strong>Edad<\/strong>: +14 a\u00f1os<\/p>\n<p><strong>Idioma<\/strong>: Espa\u00f1ol<\/p>\n<\/div>\n<div><\/div>\n<\/div>\n","protected":false},"excerpt":{"rendered":"<p>Boardgame.<\/p>\n","protected":false},"featured_media":43207,"template":"","meta":{"_acf_changed":false},"product_brand":[],"product_cat":[1653,1556,1180],"product_tag":[1264,1280],"class_list":{"0":"post-43205","1":"product","2":"type-product","3":"status-publish","4":"has-post-thumbnail","6":"product_cat-boardgames","7":"product_cat-board-games-es","8":"product_cat-retail-products-es","9":"product_tag-boardgame-es","10":"product_tag-juego-de-mesa-es","12":"first","13":"onbackorder","14":"sale","15":"taxable","16":"shipping-taxable","17":"purchasable","18":"product-type-simple"},"exclude_global_add_ons":[],"addons":[],"acf":[],"_links":{"self":[{"href":"https:\/\/www.customeeple.com\/es\/wp-json\/wp\/v2\/product\/43205","targetHints":{"allow":["GET"]}}],"collection":[{"href":"https:\/\/www.customeeple.com\/es\/wp-json\/wp\/v2\/product"}],"about":[{"href":"https:\/\/www.customeeple.com\/es\/wp-json\/wp\/v2\/types\/product"}],"wp:featuredmedia":[{"embeddable":true,"href":"https:\/\/www.customeeple.com\/es\/wp-json\/wp\/v2\/media\/43207"}],"wp:attachment":[{"href":"https:\/\/www.customeeple.com\/es\/wp-json\/wp\/v2\/media?parent=43205"}],"wp:term":[{"taxonomy":"product_brand","embeddable":true,"href":"https:\/\/www.customeeple.com\/es\/wp-json\/wp\/v2\/product_brand?post=43205"},{"taxonomy":"product_cat","embeddable":true,"href":"https:\/\/www.customeeple.com\/es\/wp-json\/wp\/v2\/product_cat?post=43205"},{"taxonomy":"product_tag","embeddable":true,"href":"https:\/\/www.customeeple.com\/es\/wp-json\/wp\/v2\/product_tag?post=43205"}],"curies":[{"name":"wp","href":"https:\/\/api.w.org\/{rel}","templated":true}]}}