{"id":43181,"date":"2019-05-06T12:11:42","date_gmt":"2019-05-06T10:11:43","guid":{"rendered":"https:\/\/www.customeeple.com\/?post_type=product&#038;p=43181"},"modified":"2019-09-06T10:16:37","modified_gmt":"2019-09-06T08:16:37","slug":"mondrian-esp","status":"publish","type":"product","link":"https:\/\/www.customeeple.com\/es\/producto\/mondrian-esp\/","title":{"rendered":"Mondrian (ESP)"},"content":{"rendered":"<div class=\"p_collection\">\n<div id=\"primary_block\" class=\"clearfix\">\n<div class=\"add-top p_collection\">\n<p>Divertido juego de dados en el que te convertir\u00e1s en seguidor del famoso pintor modernista holand\u00e9s, Mondrian, ideando tus propias creaciones, pero esta vez con dados.<\/p>\n<p>Un juego llamado \u00abMondrian\u00bb tiene que relacionarse, por fuerza, con la pintura. Gracias a los m\u00e1gicos autores Isra C. y Shei S., apoyados en el estupendo trabajo gr\u00e1fico de Pedro Soto, llega este incre\u00edble juego de dados inspirado en el famoso pintor holand\u00e9s. Ahora, los jugadores tendr\u00e1n que crear su propio cuadro modernista, pero no de una forma tradicional, con pinceles y pinturas, sino&#8230; \u00a1CON DADOS! Al mismo tiempo que creas tu obra de arte, trata de sabotear a tus rivales, logrando los mejores pedazos del lienzo.<\/p>\n<\/div>\n<\/div>\n<\/div>\n<div class=\"product_components double-top add-border\">\n<div>\n<p><strong>Cantidad de jugadores<\/strong>: 2 a 4 jugadores<\/p>\n<p><strong>Duraci\u00f3n<\/strong>: 40 minutos<\/p>\n<p><strong>Edad<\/strong>: +10 a\u00f1os<\/p>\n<p><strong>Idioma<\/strong>: Espa\u00f1ol<\/p>\n<\/div>\n<div><\/div>\n<\/div>\n","protected":false},"excerpt":{"rendered":"<p>Boardgame.<\/p>\n","protected":false},"featured_media":43183,"template":"","meta":{"_acf_changed":false},"product_brand":[],"product_cat":[1561,1653,1556,1180],"product_tag":[1264,1280],"class_list":{"0":"post-43181","1":"product","2":"type-product","3":"status-publish","4":"has-post-thumbnail","6":"product_cat-familiar-es","7":"product_cat-boardgames","8":"product_cat-board-games-es","9":"product_cat-retail-products-es","10":"product_tag-boardgame-es","11":"product_tag-juego-de-mesa-es","13":"first","14":"onbackorder","15":"sale","16":"taxable","17":"shipping-taxable","18":"purchasable","19":"product-type-simple"},"exclude_global_add_ons":[],"addons":[],"acf":[],"_links":{"self":[{"href":"https:\/\/www.customeeple.com\/es\/wp-json\/wp\/v2\/product\/43181","targetHints":{"allow":["GET"]}}],"collection":[{"href":"https:\/\/www.customeeple.com\/es\/wp-json\/wp\/v2\/product"}],"about":[{"href":"https:\/\/www.customeeple.com\/es\/wp-json\/wp\/v2\/types\/product"}],"wp:featuredmedia":[{"embeddable":true,"href":"https:\/\/www.customeeple.com\/es\/wp-json\/wp\/v2\/media\/43183"}],"wp:attachment":[{"href":"https:\/\/www.customeeple.com\/es\/wp-json\/wp\/v2\/media?parent=43181"}],"wp:term":[{"taxonomy":"product_brand","embeddable":true,"href":"https:\/\/www.customeeple.com\/es\/wp-json\/wp\/v2\/product_brand?post=43181"},{"taxonomy":"product_cat","embeddable":true,"href":"https:\/\/www.customeeple.com\/es\/wp-json\/wp\/v2\/product_cat?post=43181"},{"taxonomy":"product_tag","embeddable":true,"href":"https:\/\/www.customeeple.com\/es\/wp-json\/wp\/v2\/product_tag?post=43181"}],"curies":[{"name":"wp","href":"https:\/\/api.w.org\/{rel}","templated":true}]}}