{"id":43169,"date":"2019-05-06T11:37:52","date_gmt":"2019-05-06T09:37:53","guid":{"rendered":"https:\/\/www.customeeple.com\/?post_type=product&#038;p=43169"},"modified":"2019-05-06T12:00:03","modified_gmt":"2019-05-06T10:00:03","slug":"bang-dodge-city-esp","status":"publish","type":"product","link":"https:\/\/www.customeeple.com\/es\/producto\/bang-dodge-city-esp\/","title":{"rendered":"Bang!: Dodge City (ESP)"},"content":{"rendered":"<div class=\"p_collection\">\n<div id=\"primary_block\" class=\"clearfix\">\n<div class=\"add-top p_collection\">\n<p>\u00a1Una expansi\u00f3n a prueba de balas!<\/p>\n<p>Dodge City: Una bulliciosa, ca\u00f3tica y vibrante ciudad&#8230; \u00a1y hogar de los peores maleantes de las llanuras del Oeste! Los tiroteos son el pan de cada d\u00eda, y la plancha met\u00e1lica que llevas puede que no baste para salvarte la vida&#8230;<\/p>\n<p>Proteger la Ley y el Orden es una tarea \u00fanicamente para los Sheriffs m\u00e1s valientes. \u00bfEstar\u00e1s a la altura del desaf\u00edo o acabar\u00e1s muriendo con las botas puestas?<br \/>\n<em><br \/>\nBANG! Dodge City<\/em>\u00a0es una expansi\u00f3n que har\u00e1 tus partidas de\u00a0<em>BANG!<\/em>\u00a0a\u00fan m\u00e1s divertidas y emocionantes. La caja incluye la expansi\u00f3n\u00a0<em>Dodge City<\/em>, que incluye: nuevos personajes, nuevas cartas y roles para dar cabida hasta a 8 jugadores.<\/p>\n<p>Para poder jugar necesitas el juego b\u00e1sico.<\/p>\n<p><strong>Cantidad de jugadores<\/strong>: 3-8 jugadores<\/p>\n<\/div>\n<\/div>\n<\/div>\n<div class=\"product_components double-top add-border\">\n<div>\n<p><strong>Duraci\u00f3n<\/strong>: 20-40 minutos<\/p>\n<p><strong>Edad<\/strong>: +8 a\u00f1os<\/p>\n<p><strong>Idioma<\/strong>: Espa\u00f1ol<\/p>\n<\/div>\n<div><\/div>\n<\/div>\n","protected":false},"excerpt":{"rendered":"<p>Boardgame.<\/p>\n","protected":false},"featured_media":43171,"template":"","meta":{"_acf_changed":false},"product_brand":[],"product_cat":[1561,1557,1653,1180],"product_tag":[1264,1280],"class_list":{"0":"post-43169","1":"product","2":"type-product","3":"status-publish","4":"has-post-thumbnail","6":"product_cat-familiar-es","7":"product_cat-card-game-es","8":"product_cat-boardgames","9":"product_cat-retail-products-es","10":"product_tag-boardgame-es","11":"product_tag-juego-de-mesa-es","13":"first","14":"instock","15":"taxable","16":"shipping-taxable","17":"purchasable","18":"product-type-simple"},"exclude_global_add_ons":[],"addons":[],"acf":[],"_links":{"self":[{"href":"https:\/\/www.customeeple.com\/es\/wp-json\/wp\/v2\/product\/43169","targetHints":{"allow":["GET"]}}],"collection":[{"href":"https:\/\/www.customeeple.com\/es\/wp-json\/wp\/v2\/product"}],"about":[{"href":"https:\/\/www.customeeple.com\/es\/wp-json\/wp\/v2\/types\/product"}],"wp:featuredmedia":[{"embeddable":true,"href":"https:\/\/www.customeeple.com\/es\/wp-json\/wp\/v2\/media\/43171"}],"wp:attachment":[{"href":"https:\/\/www.customeeple.com\/es\/wp-json\/wp\/v2\/media?parent=43169"}],"wp:term":[{"taxonomy":"product_brand","embeddable":true,"href":"https:\/\/www.customeeple.com\/es\/wp-json\/wp\/v2\/product_brand?post=43169"},{"taxonomy":"product_cat","embeddable":true,"href":"https:\/\/www.customeeple.com\/es\/wp-json\/wp\/v2\/product_cat?post=43169"},{"taxonomy":"product_tag","embeddable":true,"href":"https:\/\/www.customeeple.com\/es\/wp-json\/wp\/v2\/product_tag?post=43169"}],"curies":[{"name":"wp","href":"https:\/\/api.w.org\/{rel}","templated":true}]}}