{"id":43138,"date":"2019-05-03T16:09:37","date_gmt":"2019-05-03T14:09:39","guid":{"rendered":"https:\/\/www.customeeple.com\/?post_type=product&#038;p=43138"},"modified":"2019-09-06T10:17:43","modified_gmt":"2019-09-06T08:17:43","slug":"story-cubes-esp","status":"publish","type":"product","link":"https:\/\/www.customeeple.com\/es\/producto\/story-cubes-esp\/","title":{"rendered":"Story Cubes (ESP)"},"content":{"rendered":"<div class=\"p_collection\">\n<div id=\"primary_block\" class=\"clearfix\">\n<div class=\"add-top p_collection\">\n<p><em>Story Cubes\u00a0<\/em>es un juego enormemente divertido, que agudiza tu ingenio y afina tu imaginaci\u00f3n. Las im\u00e1genes fueron dise\u00f1adas por Rory O&#8217;Connor, un irland\u00e9s especializado en entrenar la creatividad y solucionar problemas creativos. Se pueden utilizar para llegar a respuestas o decisiones de una manera indirecta e ingeniosa. Cada dado tiene 6 im\u00e1genes o iconos, un total de 54 ideas que mezcladas pueden generar m\u00e1s de 10 millones de combinaciones.<\/p>\n<p>Lanza los dados y, comenzando por \u201c\u00c9rase una vez\u2026\u201d, inv\u00e9ntate una historia que involucre los 9 resultados de los dados.<\/p>\n<p>Juega con\u00a0<em>Story Cubes<\/em>\u00a0como un juego para uno o m\u00e1s jugadores, o como un party game en el que cada uno tiene que continuar la historia donde el anterior la ha dejado. Otorga puntos como premio por la rapidez de improvisaci\u00f3n, o por la inventiva, o la imaginaci\u00f3n\u2026<\/p>\n<p>Adem\u00e1s, las instrucciones incluyen varias maneras diferentes de utilizar los cubos para resolver problemas como romper el bloqueo del escritor, mejorar su imaginaci\u00f3n y aumentar su capacidad de encontrar temas unificadores entre diversas im\u00e1genes\u2026 \u00a1Es hora de jugar!<\/p>\n<p><strong>Cantidad de jugadores<\/strong>: 1-12 jugadores<\/p>\n<\/div>\n<\/div>\n<\/div>\n<div class=\"product_components double-top add-border\">\n<div>\n<p><strong>Duraci\u00f3n<\/strong>: 20 minutos<\/p>\n<p><strong>Edad<\/strong>: +8 a\u00f1os<\/p>\n<p><strong>Idioma<\/strong>: Espa\u00f1ol<\/p>\n<\/div>\n<div><\/div>\n<\/div>\n","protected":false},"excerpt":{"rendered":"<p>Boardgame.<\/p>\n","protected":false},"featured_media":43140,"template":"","meta":{"_acf_changed":false},"product_brand":[],"product_cat":[1561,1562,1180],"product_tag":[1264,1280],"class_list":{"0":"post-43138","1":"product","2":"type-product","3":"status-publish","4":"has-post-thumbnail","6":"product_cat-familiar-es","7":"product_cat-dice-games-es","8":"product_cat-retail-products-es","9":"product_tag-boardgame-es","10":"product_tag-juego-de-mesa-es","12":"first","13":"onbackorder","14":"taxable","15":"shipping-taxable","16":"purchasable","17":"product-type-simple"},"exclude_global_add_ons":[],"addons":[],"acf":[],"_links":{"self":[{"href":"https:\/\/www.customeeple.com\/es\/wp-json\/wp\/v2\/product\/43138","targetHints":{"allow":["GET"]}}],"collection":[{"href":"https:\/\/www.customeeple.com\/es\/wp-json\/wp\/v2\/product"}],"about":[{"href":"https:\/\/www.customeeple.com\/es\/wp-json\/wp\/v2\/types\/product"}],"wp:featuredmedia":[{"embeddable":true,"href":"https:\/\/www.customeeple.com\/es\/wp-json\/wp\/v2\/media\/43140"}],"wp:attachment":[{"href":"https:\/\/www.customeeple.com\/es\/wp-json\/wp\/v2\/media?parent=43138"}],"wp:term":[{"taxonomy":"product_brand","embeddable":true,"href":"https:\/\/www.customeeple.com\/es\/wp-json\/wp\/v2\/product_brand?post=43138"},{"taxonomy":"product_cat","embeddable":true,"href":"https:\/\/www.customeeple.com\/es\/wp-json\/wp\/v2\/product_cat?post=43138"},{"taxonomy":"product_tag","embeddable":true,"href":"https:\/\/www.customeeple.com\/es\/wp-json\/wp\/v2\/product_tag?post=43138"}],"curies":[{"name":"wp","href":"https:\/\/api.w.org\/{rel}","templated":true}]}}