{"id":43130,"date":"2019-05-03T15:54:15","date_gmt":"2019-05-03T13:54:17","guid":{"rendered":"https:\/\/www.customeeple.com\/?post_type=product&#038;p=43130"},"modified":"2019-09-06T10:18:07","modified_gmt":"2019-09-06T08:18:07","slug":"el-diablo-de-la-botella-esp","status":"publish","type":"product","link":"https:\/\/www.customeeple.com\/es\/producto\/el-diablo-de-la-botella-esp\/","title":{"rendered":"El diablo de la Botella (ESP)"},"content":{"rendered":"<div class=\"p_collection\">\n<div id=\"primary_block\" class=\"clearfix\">\n<div class=\"add-top p_collection\">\n<p><strong>El diablo de la botella<\/strong>\u00a0es un juego de bazas en el que los jugadores intentar\u00e1n ganar las distintas rondas con la carta de valor m\u00e1s alto. Sin embargo la maldici\u00f3n del demonio les perseguir\u00e1 durante toda la\u00a0<a href=\"https:\/\/www.cuartodejuegos.es\/index.php\/partidas\/\">partida<\/a>\u00a0porque deben pujar siempre desde la \u00faltima carta ganadora y el precio de la botella con el diablo va disminuyendo. El jugador que al finalizar posea la botella perder\u00e1 todos los puntos aunque, esperamos, no su alma.<\/p>\n<p>La mec\u00e1nica del juego es un reflejo del extraordinario relato de Stevenson. Las ilustraciones muestran la historia del cuento desde su principio hasta su final. No s\u00f3lo tiene un tema, sino que el tema es parte integral de la mec\u00e1nica del juego.<\/p>\n<p>Un juego de reglas sencillas, original, entretenido, y con su buena dosis de estrategia, que est\u00e1 considerado como uno de los mejores juegos de bazas. Con pocos componentes,\u00a0<strong>G\u00fcnter Cornett<\/strong>, un autor con m\u00e1s de 20 juegos en su haber, mantiene el esp\u00edritu del relato y nos regala un juego para todo tipo de jugadores.<\/p>\n<p><strong>Cantidad de jugadores<\/strong>: 2-4 jugadores<\/p>\n<\/div>\n<\/div>\n<\/div>\n<div class=\"product_components double-top add-border\">\n<div>\n<p><strong>Duraci\u00f3n<\/strong>: 30 minutos<\/p>\n<p><strong>Edad<\/strong>: +10 a\u00f1os<\/p>\n<p><strong>Idioma<\/strong>: Espa\u00f1ol<\/p>\n<\/div>\n<div><\/div>\n<\/div>\n","protected":false},"excerpt":{"rendered":"<p>Boardgame.<\/p>\n","protected":false},"featured_media":43132,"template":"","meta":{"_acf_changed":false},"product_brand":[],"product_cat":[1561,1653,1556,1180],"product_tag":[1264,1280],"class_list":{"0":"post-43130","1":"product","2":"type-product","3":"status-publish","4":"has-post-thumbnail","6":"product_cat-familiar-es","7":"product_cat-boardgames","8":"product_cat-board-games-es","9":"product_cat-retail-products-es","10":"product_tag-boardgame-es","11":"product_tag-juego-de-mesa-es","13":"first","14":"onbackorder","15":"sale","16":"taxable","17":"shipping-taxable","18":"purchasable","19":"product-type-simple"},"exclude_global_add_ons":[],"addons":[],"acf":[],"_links":{"self":[{"href":"https:\/\/www.customeeple.com\/es\/wp-json\/wp\/v2\/product\/43130","targetHints":{"allow":["GET"]}}],"collection":[{"href":"https:\/\/www.customeeple.com\/es\/wp-json\/wp\/v2\/product"}],"about":[{"href":"https:\/\/www.customeeple.com\/es\/wp-json\/wp\/v2\/types\/product"}],"wp:featuredmedia":[{"embeddable":true,"href":"https:\/\/www.customeeple.com\/es\/wp-json\/wp\/v2\/media\/43132"}],"wp:attachment":[{"href":"https:\/\/www.customeeple.com\/es\/wp-json\/wp\/v2\/media?parent=43130"}],"wp:term":[{"taxonomy":"product_brand","embeddable":true,"href":"https:\/\/www.customeeple.com\/es\/wp-json\/wp\/v2\/product_brand?post=43130"},{"taxonomy":"product_cat","embeddable":true,"href":"https:\/\/www.customeeple.com\/es\/wp-json\/wp\/v2\/product_cat?post=43130"},{"taxonomy":"product_tag","embeddable":true,"href":"https:\/\/www.customeeple.com\/es\/wp-json\/wp\/v2\/product_tag?post=43130"}],"curies":[{"name":"wp","href":"https:\/\/api.w.org\/{rel}","templated":true}]}}