{"id":43126,"date":"2019-05-03T15:43:37","date_gmt":"2019-05-03T14:43:37","guid":{"rendered":"https:\/\/www.customeeple.com\/?post_type=product&#038;p=43126"},"modified":"2019-05-03T15:52:20","modified_gmt":"2019-05-03T13:52:20","slug":"fantasma-blitz-las-12-menos-5-esp","status":"publish","type":"product","link":"https:\/\/www.customeeple.com\/es\/producto\/fantasma-blitz-las-12-menos-5-esp\/","title":{"rendered":"Fantasma Blitz: Las 12 menos 5 (ESP)"},"content":{"rendered":"<div class=\"p_collection\">\n<div id=\"primary_block\" class=\"clearfix\">\n<div class=\"add-top p_collection\">\n<p>El cl\u00e1sico juego Fantasma Blitz vuelve de nuevo con una variante m\u00e1s dif\u00edcil todav\u00eda!<\/p>\n<p>En el juego original, ten\u00edamos cinco objetos diferentes en la mesa. En esta ocasi\u00f3n nos encontramos con nueve objetos, en cinco colores distintos. Cada\u00a0turno, se revela una carta que muestra tres de esos objetos, y los jugadores deben ser los m\u00e1s r\u00e1pidos en tomar el objeto que no coincide ni en forma ni\u00a0en color con ninguno de los que aparecen en la carta. A menos que:<\/p>\n<ul>\n<li>Un objeto de la carta coincida con uno de los de la mesa, en cuyo caso debes tomar ese objeto.<\/li>\n<li>Si aparece un b\u00faho en la carta, debes nombrar el objeto, en vez de tomarlo.<\/li>\n<li>Si aparece un fantasma con un reloj, debes decir la hora del reloj, en vez de hacer cualquier otra cosa.<\/li>\n<li>Si aparece un espejo m\u00e1gico, no se aplica ninguna otra regla, y hay que tomar el objeto reflejado en el espejo.<\/li>\n<li>Cuando se acaban las cartas, el que haya reunido m\u00e1s ser\u00e1 el ganador.<\/li>\n<\/ul>\n<p>Este juego dispone de 60 cartas y las corresponden fundas de 60x92mm aprox.<\/p>\n<\/div>\n<\/div>\n<\/div>\n<div class=\"product_components double-top add-border\">\n<div>\n<p><strong>Cantidad de jugadores<\/strong>: 2 a 8 jugadores<\/p>\n<p><strong>Duraci\u00f3n<\/strong>: 15 minutos<\/p>\n<p><strong>Edad<\/strong>: +8 a\u00f1os<\/p>\n<p><strong>Idioma<\/strong>: Espa\u00f1ol<\/p>\n<\/div>\n<div><\/div>\n<\/div>\n","protected":false},"excerpt":{"rendered":"<p>Boardgame.<\/p>\n","protected":false},"featured_media":43128,"template":"","meta":{"_acf_changed":false},"product_brand":[],"product_cat":[2344,1561,1557,1653,1180],"product_tag":[1264,1280],"class_list":{"0":"post-43126","1":"product","2":"type-product","3":"status-publish","4":"has-post-thumbnail","6":"product_cat-devir-es","7":"product_cat-familiar-es","8":"product_cat-card-game-es","9":"product_cat-boardgames","10":"product_cat-retail-products-es","11":"product_tag-boardgame-es","12":"product_tag-juego-de-mesa-es","14":"first","15":"onbackorder","16":"sale","17":"taxable","18":"shipping-taxable","19":"purchasable","20":"product-type-simple"},"exclude_global_add_ons":[],"addons":[],"acf":[],"_links":{"self":[{"href":"https:\/\/www.customeeple.com\/es\/wp-json\/wp\/v2\/product\/43126","targetHints":{"allow":["GET"]}}],"collection":[{"href":"https:\/\/www.customeeple.com\/es\/wp-json\/wp\/v2\/product"}],"about":[{"href":"https:\/\/www.customeeple.com\/es\/wp-json\/wp\/v2\/types\/product"}],"wp:featuredmedia":[{"embeddable":true,"href":"https:\/\/www.customeeple.com\/es\/wp-json\/wp\/v2\/media\/43128"}],"wp:attachment":[{"href":"https:\/\/www.customeeple.com\/es\/wp-json\/wp\/v2\/media?parent=43126"}],"wp:term":[{"taxonomy":"product_brand","embeddable":true,"href":"https:\/\/www.customeeple.com\/es\/wp-json\/wp\/v2\/product_brand?post=43126"},{"taxonomy":"product_cat","embeddable":true,"href":"https:\/\/www.customeeple.com\/es\/wp-json\/wp\/v2\/product_cat?post=43126"},{"taxonomy":"product_tag","embeddable":true,"href":"https:\/\/www.customeeple.com\/es\/wp-json\/wp\/v2\/product_tag?post=43126"}],"curies":[{"name":"wp","href":"https:\/\/api.w.org\/{rel}","templated":true}]}}