{"id":43109,"date":"2019-05-03T15:13:37","date_gmt":"2019-05-03T14:13:37","guid":{"rendered":"https:\/\/www.customeeple.com\/?post_type=product&#038;p=43109"},"modified":"2019-05-03T15:18:17","modified_gmt":"2019-05-03T13:18:17","slug":"codigo-secreto-esp","status":"publish","type":"product","link":"https:\/\/www.customeeple.com\/es\/producto\/codigo-secreto-esp\/","title":{"rendered":"C\u00f3digo Secreto (ESP)"},"content":{"rendered":"<div class=\"p_collection\">\n<div id=\"primary_block\" class=\"clearfix\">\n<div class=\"add-top p_collection\">\n<p>El jefe de la red de esp\u00edas dice \u201cFiebre: 2\u201d.<br \/>\n\u00bfSabr\u00edas encontrar las dos palabras relacionadas con \u201cfiebre\u201d que te har\u00e1n ganar la partida?<br \/>\nLos dos jefes de esp\u00edas conocen la identidad secreta de cada agente, pero sus compa\u00f1eros de equipo s\u00f3lo conocen a los agentes por su\u00a0nombre en clave. Los equipos competir\u00e1n para ver qui\u00e9n consigue contactar primero con todos sus agentes. Cada jefe de esp\u00edas dir\u00e1 en\u00a0su turno una pista compuesta por una sola palabra que puede referirse a varias de las palabras que hay en el tablero. Sus compa\u00f1eros\u00a0de equipo intentar\u00e1n adivinar esas palabras evitando se\u00f1alar las palabras del equipo rival. Y sin que nadie encuentre al asesino\u2026<br \/>\nLa clave es: Divertirse.<\/p>\n<\/div>\n<\/div>\n<\/div>\n<div class=\"product_components double-top add-border\">\n<div>\n<p><strong>Cantidad de jugadores<\/strong>: 2 a 8 jugadores<\/p>\n<p><strong>Duraci\u00f3n<\/strong>: 15 minutos<\/p>\n<p><strong>Edad<\/strong>: +8 a\u00f1os<\/p>\n<p><strong>Idioma<\/strong>: Espa\u00f1ol<\/p>\n<\/div>\n<div><\/div>\n<\/div>\n","protected":false},"excerpt":{"rendered":"<p>Boardgame.<\/p>\n","protected":false},"featured_media":43111,"template":"","meta":{"_acf_changed":false},"product_brand":[],"product_cat":[1561,1653,1556,1180],"product_tag":[1264,1280],"class_list":{"0":"post-43109","1":"product","2":"type-product","3":"status-publish","4":"has-post-thumbnail","6":"product_cat-familiar-es","7":"product_cat-boardgames","8":"product_cat-board-games-es","9":"product_cat-retail-products-es","10":"product_tag-boardgame-es","11":"product_tag-juego-de-mesa-es","13":"first","14":"instock","15":"sale","16":"taxable","17":"shipping-taxable","18":"purchasable","19":"product-type-simple"},"exclude_global_add_ons":[],"addons":[],"acf":[],"_links":{"self":[{"href":"https:\/\/www.customeeple.com\/es\/wp-json\/wp\/v2\/product\/43109","targetHints":{"allow":["GET"]}}],"collection":[{"href":"https:\/\/www.customeeple.com\/es\/wp-json\/wp\/v2\/product"}],"about":[{"href":"https:\/\/www.customeeple.com\/es\/wp-json\/wp\/v2\/types\/product"}],"wp:featuredmedia":[{"embeddable":true,"href":"https:\/\/www.customeeple.com\/es\/wp-json\/wp\/v2\/media\/43111"}],"wp:attachment":[{"href":"https:\/\/www.customeeple.com\/es\/wp-json\/wp\/v2\/media?parent=43109"}],"wp:term":[{"taxonomy":"product_brand","embeddable":true,"href":"https:\/\/www.customeeple.com\/es\/wp-json\/wp\/v2\/product_brand?post=43109"},{"taxonomy":"product_cat","embeddable":true,"href":"https:\/\/www.customeeple.com\/es\/wp-json\/wp\/v2\/product_cat?post=43109"},{"taxonomy":"product_tag","embeddable":true,"href":"https:\/\/www.customeeple.com\/es\/wp-json\/wp\/v2\/product_tag?post=43109"}],"curies":[{"name":"wp","href":"https:\/\/api.w.org\/{rel}","templated":true}]}}