{"id":43102,"date":"2019-05-03T15:04:45","date_gmt":"2019-05-03T13:04:46","guid":{"rendered":"https:\/\/www.customeeple.com\/?post_type=product&#038;p=43102"},"modified":"2019-09-06T10:18:46","modified_gmt":"2019-09-06T08:18:46","slug":"rescate-fire-rescueesp","status":"publish","type":"product","link":"https:\/\/www.customeeple.com\/es\/producto\/rescate-fire-rescueesp\/","title":{"rendered":"\u00a1Rescate! (Fire Rescue)(ESP)"},"content":{"rendered":"<div class=\"p_collection\">\n<div id=\"primary_block\" class=\"clearfix\">\n<div class=\"add-top p_collection\">\n<p>\u00bfTe gustar\u00eda ser bombero pero te asusta el fuego? No te preocupes porque \u00a1Rescate! te trae la mejor parte de la profesi\u00f3n sin riesgo alguno. En \u00a1Rescate! Juego de mesa, todos los jugadores ser\u00e9is bomberos con la misi\u00f3n de salvar a todas las v\u00edctimas de un incendio. Deber\u00e9is daros prisa, porque las llamas se hacen mayores r\u00e1pidamente y \u00a0el edificio puede derrumbarse en cualquier momento.<\/p>\n<p>\u00a1Rescate! es un juego de mesa cooperativo: o todos ganamos todos o todos perdemos. Salvar a todo el mundo requerir\u00e1\u00a0 coordinaci\u00f3n y ayuda mutua. \u00bf Te animas?<\/p>\n<p><strong>Componentes<\/strong>:<\/p>\n<ul>\n<li>6 peones y 6 cartas para los jugadores<\/li>\n<li>6 tipos de fichas distintas (en diferentes cantidades)<\/li>\n<li>24 cubos de da\u00f1o<\/li>\n<li>2 dados<\/li>\n<li>Tablero, reversible<\/li>\n<li>8 Tajetas de personaje<\/li>\n<li>Cartas de ayudas para el juego (resumen de las instrucciones)<\/li>\n<\/ul>\n<\/div>\n<\/div>\n<\/div>\n<div class=\"product_components double-top add-border\">\n<div>\n<p><strong>Cantidad de jugadores<\/strong>: 1 a 6 jugadores<\/p>\n<p><strong>Duraci\u00f3n<\/strong>: 45 minutos<\/p>\n<p><strong>Edad<\/strong>: +10 a\u00f1os<\/p>\n<p><strong>Idioma<\/strong>: Espa\u00f1ol<\/p>\n<\/div>\n<div><\/div>\n<\/div>\n","protected":false},"excerpt":{"rendered":"<p>Boardgame.<\/p>\n","protected":false},"featured_media":43104,"template":"","meta":{"_acf_changed":false},"product_brand":[],"product_cat":[1561,1653,1556,1180],"product_tag":[1264,1280],"class_list":{"0":"post-43102","1":"product","2":"type-product","3":"status-publish","4":"has-post-thumbnail","6":"product_cat-familiar-es","7":"product_cat-boardgames","8":"product_cat-board-games-es","9":"product_cat-retail-products-es","10":"product_tag-boardgame-es","11":"product_tag-juego-de-mesa-es","13":"first","14":"onbackorder","15":"sale","16":"taxable","17":"shipping-taxable","18":"purchasable","19":"product-type-simple"},"exclude_global_add_ons":[],"addons":[],"acf":[],"_links":{"self":[{"href":"https:\/\/www.customeeple.com\/es\/wp-json\/wp\/v2\/product\/43102","targetHints":{"allow":["GET"]}}],"collection":[{"href":"https:\/\/www.customeeple.com\/es\/wp-json\/wp\/v2\/product"}],"about":[{"href":"https:\/\/www.customeeple.com\/es\/wp-json\/wp\/v2\/types\/product"}],"wp:featuredmedia":[{"embeddable":true,"href":"https:\/\/www.customeeple.com\/es\/wp-json\/wp\/v2\/media\/43104"}],"wp:attachment":[{"href":"https:\/\/www.customeeple.com\/es\/wp-json\/wp\/v2\/media?parent=43102"}],"wp:term":[{"taxonomy":"product_brand","embeddable":true,"href":"https:\/\/www.customeeple.com\/es\/wp-json\/wp\/v2\/product_brand?post=43102"},{"taxonomy":"product_cat","embeddable":true,"href":"https:\/\/www.customeeple.com\/es\/wp-json\/wp\/v2\/product_cat?post=43102"},{"taxonomy":"product_tag","embeddable":true,"href":"https:\/\/www.customeeple.com\/es\/wp-json\/wp\/v2\/product_tag?post=43102"}],"curies":[{"name":"wp","href":"https:\/\/api.w.org\/{rel}","templated":true}]}}