{"id":43093,"date":"2019-05-03T14:34:54","date_gmt":"2019-05-03T13:34:54","guid":{"rendered":"https:\/\/www.customeeple.com\/?post_type=product&#038;p=43093"},"modified":"2019-09-06T10:19:16","modified_gmt":"2019-09-06T08:19:16","slug":"patchwork-expres-esp-copy-2","status":"publish","type":"product","link":"https:\/\/www.customeeple.com\/es\/producto\/patchwork-expres-esp-copy-2\/","title":{"rendered":"Patchwork Doodle (ESP)"},"content":{"rendered":"<div class=\"p_collection\">\n<div id=\"primary_block\" class=\"clearfix\">\n<div class=\"add-top p_collection\">\n<p>Crear una bonita colcha no es tan f\u00e1cil como parece, especialmente si los parches tienen formas muy distintas y no encajan bien. \u00a1Por eso es importante hacer antes un boceto en el bloc de dise\u00f1o! Elige tus parches con cuidado y emplea las herramientas a tu disposici\u00f3n en el momento preciso, para poder dise\u00f1ar la mejor colcha \u00a1y ganar la partida!<\/p>\n<p>Durante el juego, ir\u00e1s dibujando un mont\u00f3n de parches con formas raras en tu tablero de dise\u00f1o. En cada turno, el dado determina qu\u00e9 parche puede dibujar todo el mundo (\u00a1es opcional!). Cuando llegue el momento de puntuar, tendr\u00e1s que haber un \u00e1rea rectangular lo m\u00e1s grande posible. Adem\u00e1s, hay 4 acciones especiales que puedes realizar en cualquier momento durante el transcurso de la partida, y que te ayudar\u00e1n en tu tarea.<\/p>\n<p><strong>Cantidad de jugadores<\/strong>: 1-6 jugadores<\/p>\n<\/div>\n<\/div>\n<\/div>\n<div class=\"product_components double-top add-border\">\n<div>\n<p><strong>Duraci\u00f3n<\/strong>: 20 minutos<\/p>\n<p><strong>Edad<\/strong>: +8 a\u00f1os<\/p>\n<p><strong>Idioma<\/strong>: Espa\u00f1ol<\/p>\n<\/div>\n<div><\/div>\n<\/div>\n","protected":false},"excerpt":{"rendered":"<p>Boardgame.<\/p>\n","protected":false},"featured_media":43095,"template":"","meta":{"_acf_changed":false},"product_brand":[],"product_cat":[1561,1653,1556,1180],"product_tag":[1264,1280],"class_list":{"0":"post-43093","1":"product","2":"type-product","3":"status-publish","4":"has-post-thumbnail","6":"product_cat-familiar-es","7":"product_cat-boardgames","8":"product_cat-board-games-es","9":"product_cat-retail-products-es","10":"product_tag-boardgame-es","11":"product_tag-juego-de-mesa-es","13":"first","14":"outofstock","15":"sale","16":"taxable","17":"shipping-taxable","18":"purchasable","19":"product-type-simple"},"exclude_global_add_ons":[],"addons":[],"acf":[],"_links":{"self":[{"href":"https:\/\/www.customeeple.com\/es\/wp-json\/wp\/v2\/product\/43093","targetHints":{"allow":["GET"]}}],"collection":[{"href":"https:\/\/www.customeeple.com\/es\/wp-json\/wp\/v2\/product"}],"about":[{"href":"https:\/\/www.customeeple.com\/es\/wp-json\/wp\/v2\/types\/product"}],"wp:featuredmedia":[{"embeddable":true,"href":"https:\/\/www.customeeple.com\/es\/wp-json\/wp\/v2\/media\/43095"}],"wp:attachment":[{"href":"https:\/\/www.customeeple.com\/es\/wp-json\/wp\/v2\/media?parent=43093"}],"wp:term":[{"taxonomy":"product_brand","embeddable":true,"href":"https:\/\/www.customeeple.com\/es\/wp-json\/wp\/v2\/product_brand?post=43093"},{"taxonomy":"product_cat","embeddable":true,"href":"https:\/\/www.customeeple.com\/es\/wp-json\/wp\/v2\/product_cat?post=43093"},{"taxonomy":"product_tag","embeddable":true,"href":"https:\/\/www.customeeple.com\/es\/wp-json\/wp\/v2\/product_tag?post=43093"}],"curies":[{"name":"wp","href":"https:\/\/api.w.org\/{rel}","templated":true}]}}