{"id":43050,"date":"2019-05-02T14:59:16","date_gmt":"2019-05-02T13:59:16","guid":{"rendered":"https:\/\/www.customeeple.com\/?post_type=product&#038;p=43050"},"modified":"2019-09-06T10:20:03","modified_gmt":"2019-09-06T08:20:03","slug":"azul-vitral","status":"publish","type":"product","link":"https:\/\/www.customeeple.com\/es\/producto\/azul-vitral\/","title":{"rendered":"Azul Vitrales de Sintra (ESP)"},"content":{"rendered":"<div class=\"p_collection\">\n<div id=\"primary_block\" class=\"clearfix\">\n<div class=\"add-top p_collection\">\n<p>Despu\u00e9s de decorar el Palacio de \u00c9vora, el rey Manuel I de Portugal quiere encargar a los m\u00e1s grandes artesanos de vidrieras del mundo que adornen las ventanas del Palacio Real de Sintra. Como artesano del vidrio es una ocasi\u00f3n \u00fanica en la vida para demostrar tus exquisitas habilidades al servicio del rey y del pa\u00eds. \u00bfSer\u00e1s el mejor en la creaci\u00f3n de los vitrales m\u00e1s hermosos de todo Portugal?<\/p>\n<p>\u00a1Bienvenido de nuevo al mundo de Azul!<\/p>\n<p><strong>Contenido<\/strong>: 9 Expositores de f\u00e1brica, 4 tableros de Palacio, 32 Tiras de patr\u00f3n, 4 Vidrieros, 8 marcadores, 100 cristales, 1 tablero de Puntuaci\u00f3n, 1 marcador de jugador Jugador inicial, 1 Torre de cristal, 1 bolsa y 1 libro de reglas.<\/p>\n<\/div>\n<\/div>\n<\/div>\n<div class=\"product_components double-top add-border\">\n<div>\n<p><strong>Cantidad de jugadores<\/strong>: 2 a 4 jugadores<\/p>\n<p><strong>Duraci\u00f3n<\/strong>: 30-45 minutos<\/p>\n<p><strong>Edad<\/strong>: +8 a\u00f1os<\/p>\n<p><strong>Idioma<\/strong>: Espa\u00f1ol<\/p>\n<\/div>\n<div><\/div>\n<\/div>\n","protected":false},"excerpt":{"rendered":"<p>Boardgame.<\/p>\n","protected":false},"featured_media":43052,"template":"","meta":{"_acf_changed":false},"product_brand":[],"product_cat":[1561,1653,1556,1180],"product_tag":[1264,1280],"class_list":{"0":"post-43050","1":"product","2":"type-product","3":"status-publish","4":"has-post-thumbnail","6":"product_cat-familiar-es","7":"product_cat-boardgames","8":"product_cat-board-games-es","9":"product_cat-retail-products-es","10":"product_tag-boardgame-es","11":"product_tag-juego-de-mesa-es","13":"first","14":"instock","15":"sale","16":"taxable","17":"shipping-taxable","18":"purchasable","19":"product-type-simple"},"exclude_global_add_ons":[],"addons":[],"acf":[],"_links":{"self":[{"href":"https:\/\/www.customeeple.com\/es\/wp-json\/wp\/v2\/product\/43050","targetHints":{"allow":["GET"]}}],"collection":[{"href":"https:\/\/www.customeeple.com\/es\/wp-json\/wp\/v2\/product"}],"about":[{"href":"https:\/\/www.customeeple.com\/es\/wp-json\/wp\/v2\/types\/product"}],"wp:featuredmedia":[{"embeddable":true,"href":"https:\/\/www.customeeple.com\/es\/wp-json\/wp\/v2\/media\/43052"}],"wp:attachment":[{"href":"https:\/\/www.customeeple.com\/es\/wp-json\/wp\/v2\/media?parent=43050"}],"wp:term":[{"taxonomy":"product_brand","embeddable":true,"href":"https:\/\/www.customeeple.com\/es\/wp-json\/wp\/v2\/product_brand?post=43050"},{"taxonomy":"product_cat","embeddable":true,"href":"https:\/\/www.customeeple.com\/es\/wp-json\/wp\/v2\/product_cat?post=43050"},{"taxonomy":"product_tag","embeddable":true,"href":"https:\/\/www.customeeple.com\/es\/wp-json\/wp\/v2\/product_tag?post=43050"}],"curies":[{"name":"wp","href":"https:\/\/api.w.org\/{rel}","templated":true}]}}