{"id":43035,"date":"2019-05-02T12:50:32","date_gmt":"2019-05-02T10:50:35","guid":{"rendered":"https:\/\/www.customeeple.com\/?post_type=product&#038;p=43035"},"modified":"2020-11-18T12:11:47","modified_gmt":"2020-11-18T11:11:47","slug":"impact-esp","status":"publish","type":"product","link":"https:\/\/www.customeeple.com\/es\/producto\/impact-esp\/","title":{"rendered":"Impact (ESP)"},"content":{"rendered":"<div class=\"p_collection\">\n<div id=\"primary_block\" class=\"clearfix\">\n<div class=\"add-top p_collection\">\n<p>\u00bfPondr\u00e1s a prueba tu destino usando la fuerza de los elementos? \u00a1La elecci\u00f3n es tuya en este juego simple pero adictivo!<\/p>\n<p>En Impact: La Batalla de los Elementos, los jugadores tratar\u00e1n de conseguir s\u00edmbolos iguales para as\u00ed ser los \u00faltimos en pie en el caldero de batalla, lanzando sus dados con precisi\u00f3n y usando los poderes especiales de los elementos.<\/p>\n<p>Lanza tus dados para transformar los elementos del caldero y crear grupos del mismo tipo. Los dados cuyos s\u00edmbolos coincidan se a\u00f1adir\u00e1n a tu reserva. El resto de dados permanecer\u00e1n en el caldero para el siguiente jugador. El \u00faltimo jugador con dados en su reserva al final de la partida ser\u00e1 el ganador.<\/p>\n<p>Si quieres desatar \u201cEl Poder de los Elementos\u201d, podr\u00e1s activar adem\u00e1s algunos de los s\u00edmbolos durante las partidas, lanzando columnas de fuego, huracanes o tormentas el\u00e9ctricas, entre otros. Incluso puedes jugar a la variante \u201cAvatar\u201d, \u00a1en la que todos los elementos est\u00e1n activados!<\/p>\n<p><strong>Contenido<\/strong>:<\/p>\n<ul>\n<li>26 Dados de elementos<\/li>\n<li>1 \u00abCaldero\u00bb para lanzar dados con base de gomaespuma<\/li>\n<li>Reglamento<\/li>\n<\/ul>\n<\/div>\n<\/div>\n<\/div>\n<div class=\"product_components double-top add-border\">\n<div>\n<p><strong>Cantidad de jugadores<\/strong>: 2 a 5 jugadores<\/p>\n<p><strong>Duraci\u00f3n<\/strong>: 15 minutos<\/p>\n<p><strong>Edad<\/strong>: +8 a\u00f1os<\/p>\n<p><strong>Idioma<\/strong>: Espa\u00f1ol<\/p>\n<\/div>\n<div><\/div>\n<\/div>\n","protected":false},"excerpt":{"rendered":"<p>Boardgame.<\/p>\n","protected":false},"featured_media":43037,"template":"","meta":{"_acf_changed":false},"product_brand":[],"product_cat":[1561,1562,1653,1180],"product_tag":[1264,1280],"class_list":{"0":"post-43035","1":"product","2":"type-product","3":"status-publish","4":"has-post-thumbnail","6":"product_cat-familiar-es","7":"product_cat-dice-games-es","8":"product_cat-boardgames","9":"product_cat-retail-products-es","10":"product_tag-boardgame-es","11":"product_tag-juego-de-mesa-es","13":"first","14":"outofstock","15":"sale","16":"taxable","17":"shipping-taxable","18":"purchasable","19":"product-type-simple"},"exclude_global_add_ons":[],"addons":[],"acf":[],"_links":{"self":[{"href":"https:\/\/www.customeeple.com\/es\/wp-json\/wp\/v2\/product\/43035","targetHints":{"allow":["GET"]}}],"collection":[{"href":"https:\/\/www.customeeple.com\/es\/wp-json\/wp\/v2\/product"}],"about":[{"href":"https:\/\/www.customeeple.com\/es\/wp-json\/wp\/v2\/types\/product"}],"wp:featuredmedia":[{"embeddable":true,"href":"https:\/\/www.customeeple.com\/es\/wp-json\/wp\/v2\/media\/43037"}],"wp:attachment":[{"href":"https:\/\/www.customeeple.com\/es\/wp-json\/wp\/v2\/media?parent=43035"}],"wp:term":[{"taxonomy":"product_brand","embeddable":true,"href":"https:\/\/www.customeeple.com\/es\/wp-json\/wp\/v2\/product_brand?post=43035"},{"taxonomy":"product_cat","embeddable":true,"href":"https:\/\/www.customeeple.com\/es\/wp-json\/wp\/v2\/product_cat?post=43035"},{"taxonomy":"product_tag","embeddable":true,"href":"https:\/\/www.customeeple.com\/es\/wp-json\/wp\/v2\/product_tag?post=43035"}],"curies":[{"name":"wp","href":"https:\/\/api.w.org\/{rel}","templated":true}]}}