{"id":42999,"date":"2019-04-29T12:50:52","date_gmt":"2019-04-29T11:50:52","guid":{"rendered":"https:\/\/www.customeeple.com\/?post_type=product&#038;p=42999"},"modified":"2026-03-24T11:53:38","modified_gmt":"2026-03-24T10:53:38","slug":"master-of-executions","status":"publish","type":"product","link":"https:\/\/www.customeeple.com\/es\/producto\/master-of-executions\/","title":{"rendered":"Master of Executions"},"content":{"rendered":"<p>En medio del tumulto atronador de la batalla, un Master of Executions avanza sin detenerse, la mente centrada en las decapitaciones horripilantes que est\u00e1 a punto de llevar a cabo. Es un ser con un prop\u00f3sito singular, un arma brutal en el arsenal de los Heretic Astartes, y su existencia est\u00e1 impulsada por un deseo insaciable de tomar como trofeos las cabezas de los campeones poderosos y l\u00edderes carism\u00e1ticos.<\/p>\n<p>El Master of Executions es un kit multicomponente de pl\u00e1stico. Se trata de una impactante opci\u00f3n de C.G. para un ej\u00e9rcito de Chaos Space Marines cuyo \u00fanico objetivo es eliminar a personajes enemigos con la ayuda de su enorme hacha desmembradora. La miniatura muestra todos los distintivos espeluznantes de un verdugo, con un colgador de trofeos, decoraci\u00f3n de huesos en toda su armadura, y agarrando un par de cabezas reci\u00e9n decapitadas en la mano derecha.<\/p>\n<p>Este kit permite montar un Master of Executions. Consta de 9 piezas de pl\u00e1stico, incluida una cabeza descubierta y otra encapuchada, adem\u00e1s de una peana redonda Citadel de 40 mm.<\/p>\n","protected":false},"excerpt":{"rendered":"<p>Miniatura Games Workshop.<\/p>\n","protected":false},"featured_media":84247,"template":"","meta":{"_acf_changed":false},"product_brand":[],"product_cat":[1177,1180,1623,1229],"product_tag":[1179],"class_list":{"0":"post-42999","1":"product","2":"type-product","3":"status-publish","4":"has-post-thumbnail","6":"product_cat-games-workshop-es","7":"product_cat-retail-products-es","8":"product_cat-wargames-es-2","9":"product_cat-warhammer-40k-es","10":"product_tag-gamesworkshop-es","12":"first","13":"outofstock","14":"sale","15":"taxable","16":"shipping-taxable","17":"purchasable","18":"product-type-simple"},"exclude_global_add_ons":[],"addons":[],"acf":[],"_links":{"self":[{"href":"https:\/\/www.customeeple.com\/es\/wp-json\/wp\/v2\/product\/42999","targetHints":{"allow":["GET"]}}],"collection":[{"href":"https:\/\/www.customeeple.com\/es\/wp-json\/wp\/v2\/product"}],"about":[{"href":"https:\/\/www.customeeple.com\/es\/wp-json\/wp\/v2\/types\/product"}],"wp:featuredmedia":[{"embeddable":true,"href":"https:\/\/www.customeeple.com\/es\/wp-json\/wp\/v2\/media\/84247"}],"wp:attachment":[{"href":"https:\/\/www.customeeple.com\/es\/wp-json\/wp\/v2\/media?parent=42999"}],"wp:term":[{"taxonomy":"product_brand","embeddable":true,"href":"https:\/\/www.customeeple.com\/es\/wp-json\/wp\/v2\/product_brand?post=42999"},{"taxonomy":"product_cat","embeddable":true,"href":"https:\/\/www.customeeple.com\/es\/wp-json\/wp\/v2\/product_cat?post=42999"},{"taxonomy":"product_tag","embeddable":true,"href":"https:\/\/www.customeeple.com\/es\/wp-json\/wp\/v2\/product_tag?post=42999"}],"curies":[{"name":"wp","href":"https:\/\/api.w.org\/{rel}","templated":true}]}}