{"id":42997,"date":"2019-04-29T12:50:50","date_gmt":"2019-04-29T11:50:50","guid":{"rendered":"https:\/\/www.customeeple.com\/?post_type=product&#038;p=42997"},"modified":"2023-04-01T00:00:08","modified_gmt":"2023-03-31T23:00:08","slug":"chaos-lord","status":"publish","type":"product","link":"https:\/\/www.customeeple.com\/es\/producto\/chaos-lord\/","title":{"rendered":"Chaos Lord"},"content":{"rendered":"<p>Un Chaos Lord es un rey guerrero tir\u00e1nico que vive para ba\u00f1arse en la sangre de los mundos. Se esfuerza por conseguir que sistemas de estrellas enteros se postren ante sus deidades patronas. Tipificados por una ambici\u00f3n despiadada y un orgullo feroz, muchos de estos campeones del desorden fueron en tiempos Se\u00f1ores de Cap\u00edtulo y Captains del Adeptus Astartes, pero los largos a\u00f1os de guerra incesante han retorcido sus almas m\u00e1s all\u00e1 de la recuperaci\u00f3n.<\/p>\n<p>El Chaos Lord es un kit de pl\u00e1stico multicomponente. Anteriormente s\u00f3lo disponible en Warhammer Quest: Blackstone Fortress, el Chaos Lord es una miniatura de una sola pieza que se encaja a presi\u00f3n. Es una gran elecci\u00f3n de Cuartel General para un ej\u00e9rcito de Chaos Space Marines y una opci\u00f3n excelente de Se\u00f1or de la guerra para liderar tus fuerzas. El Chaos Lord est\u00e1 equipado para el combate a corta distancia, con una potente combinaci\u00f3n de pistola de plasma y martillo de trueno que lo convierten en un gran luchador de primera l\u00ednea.<\/p>\n<p>Este kit permite montar un Chaos Lord. Est\u00e1 compuesto por 6 piezas de pl\u00e1stico e incluye una peana redonda Citadel de 40 mm.<\/p>\n","protected":false},"excerpt":{"rendered":"<p>Miniatura Games Workshop.<\/p>\n","protected":false},"featured_media":42990,"template":"","meta":{"_acf_changed":false},"product_brand":[],"product_cat":[1177,1180,1372,1229],"product_tag":[1179],"class_list":{"0":"post-42997","1":"product","2":"type-product","3":"status-publish","4":"has-post-thumbnail","6":"product_cat-games-workshop-es","7":"product_cat-retail-products-es","8":"product_cat-sci-fi-es","9":"product_cat-warhammer-40k-es","10":"product_tag-gamesworkshop-es","12":"first","13":"outofstock","14":"sale","15":"taxable","16":"shipping-taxable","17":"purchasable","18":"product-type-simple"},"exclude_global_add_ons":[],"addons":[],"acf":[],"_links":{"self":[{"href":"https:\/\/www.customeeple.com\/es\/wp-json\/wp\/v2\/product\/42997","targetHints":{"allow":["GET"]}}],"collection":[{"href":"https:\/\/www.customeeple.com\/es\/wp-json\/wp\/v2\/product"}],"about":[{"href":"https:\/\/www.customeeple.com\/es\/wp-json\/wp\/v2\/types\/product"}],"wp:featuredmedia":[{"embeddable":true,"href":"https:\/\/www.customeeple.com\/es\/wp-json\/wp\/v2\/media\/42990"}],"wp:attachment":[{"href":"https:\/\/www.customeeple.com\/es\/wp-json\/wp\/v2\/media?parent=42997"}],"wp:term":[{"taxonomy":"product_brand","embeddable":true,"href":"https:\/\/www.customeeple.com\/es\/wp-json\/wp\/v2\/product_brand?post=42997"},{"taxonomy":"product_cat","embeddable":true,"href":"https:\/\/www.customeeple.com\/es\/wp-json\/wp\/v2\/product_cat?post=42997"},{"taxonomy":"product_tag","embeddable":true,"href":"https:\/\/www.customeeple.com\/es\/wp-json\/wp\/v2\/product_tag?post=42997"}],"curies":[{"name":"wp","href":"https:\/\/api.w.org\/{rel}","templated":true}]}}