{"id":42791,"date":"2019-04-27T08:00:29","date_gmt":"2019-04-27T07:00:29","guid":{"rendered":"https:\/\/www.customeeple.com\/?post_type=product&#038;p=42791"},"modified":"2019-05-07T08:47:38","modified_gmt":"2019-05-07T06:47:38","slug":"keeper-of-secrets","status":"publish","type":"product","link":"https:\/\/www.customeeple.com\/es\/producto\/keeper-of-secrets\/","title":{"rendered":"Keeper of Secrets"},"content":{"rendered":"<p>Un Keeper of Secrets es un Greater Daemon of Slaanesh, un guerrero consumado, maestro hechicero de las huestes del Pr\u00edncipe Oscuro. Sus cuatro extremidades poderosas se mueven l\u00e1nguidamente mientras se deslizan hacia delante, s\u00f3lo para explotar en un movimiento letal cuando su presa est\u00e1 al alcance.<\/p>\n<p>El Keeper of Secrets es el m\u00e1s poderoso y peligroso de los servidores de Slaanesh: elegante, r\u00e1pido y absolutamente mort\u00edfero. En el campo de batalla, estos combatientes pueden atacar a trav\u00e9s de formaciones de infanter\u00eda y armaduras pesadas por igual con una serie de ataques. Cada uno es tambi\u00e9n un hechicero capaz de desatar magia repugnante con la que seducir a sus enemigos o destruirlos por completo, y un comandante consumado que mejorar\u00e1 las unidades pr\u00f3ximas a Slaanesh. Incluso podr\u00e1s usarlo tanto en Warhammer Age of Sigmar como en Warhammer 40,000.<\/p>\n<p>Con este kit puedes montar un Keeper of Secrets y presenta una serie de opciones de personalizaci\u00f3n que incluyen una opci\u00f3n de cabeza, armas y garras empaladoras, lo que te permite desplegar a muchos de este monstruo y dotarlos de un aspecto distinto. Adem\u00e1s, este kit puede usarse alternativamente para montar al h\u00e9rie Daemon Shalaxi Helbane.<\/p>\n<p>Este set consta de 51 piezas de pl\u00e1stico e incluye una peana redonda de 100 mm.<\/p>\n","protected":false},"excerpt":{"rendered":"<p>Games Workshop boardgame.<\/p>\n","protected":false},"featured_media":42968,"template":"","meta":{"_acf_changed":false},"product_brand":[],"product_cat":[1400,1177,1180,1372,1623,1229,1654,1230],"product_tag":[1422,1264,1179,785],"class_list":{"0":"post-42791","1":"product","2":"type-product","3":"status-publish","4":"has-post-thumbnail","6":"product_cat-fantasia","7":"product_cat-games-workshop-es","8":"product_cat-retail-products-es","9":"product_cat-sci-fi-es","10":"product_cat-wargames-es-2","11":"product_cat-warhammer-40k-es","12":"product_cat-warhammer-age-of-sigmar-es-2","13":"product_cat-warhammer-age-of-sigmar-es","14":"product_tag-40000-es","15":"product_tag-boardgame-es","16":"product_tag-gamesworkshop-es","17":"product_tag-wargame-es-2","19":"first","20":"outofstock","21":"sale","22":"taxable","23":"shipping-taxable","24":"purchasable","25":"product-type-simple"},"exclude_global_add_ons":[],"addons":[],"acf":[],"_links":{"self":[{"href":"https:\/\/www.customeeple.com\/es\/wp-json\/wp\/v2\/product\/42791","targetHints":{"allow":["GET"]}}],"collection":[{"href":"https:\/\/www.customeeple.com\/es\/wp-json\/wp\/v2\/product"}],"about":[{"href":"https:\/\/www.customeeple.com\/es\/wp-json\/wp\/v2\/types\/product"}],"wp:featuredmedia":[{"embeddable":true,"href":"https:\/\/www.customeeple.com\/es\/wp-json\/wp\/v2\/media\/42968"}],"wp:attachment":[{"href":"https:\/\/www.customeeple.com\/es\/wp-json\/wp\/v2\/media?parent=42791"}],"wp:term":[{"taxonomy":"product_brand","embeddable":true,"href":"https:\/\/www.customeeple.com\/es\/wp-json\/wp\/v2\/product_brand?post=42791"},{"taxonomy":"product_cat","embeddable":true,"href":"https:\/\/www.customeeple.com\/es\/wp-json\/wp\/v2\/product_cat?post=42791"},{"taxonomy":"product_tag","embeddable":true,"href":"https:\/\/www.customeeple.com\/es\/wp-json\/wp\/v2\/product_tag?post=42791"}],"curies":[{"name":"wp","href":"https:\/\/api.w.org\/{rel}","templated":true}]}}