{"id":42780,"date":"2019-04-23T10:40:12","date_gmt":"2019-04-23T08:40:12","guid":{"rendered":"https:\/\/www.customeeple.com\/?post_type=product&#038;p=42780"},"modified":"2019-05-07T08:47:05","modified_gmt":"2019-05-07T06:47:05","slug":"infernal-enrapturess","status":"publish","type":"product","link":"https:\/\/www.customeeple.com\/es\/producto\/infernal-enrapturess\/","title":{"rendered":"Infernal Enrapturess"},"content":{"rendered":"<p>Maestros de la discordancia, el embelesamiento infernal inunda el campo de batalla con gritos de dolor y euforia desenfrenada. Son virtuosos en el coro infernal de Slaanesh, hacia quienes se dirigen las legiones daem\u00f3nicas del Pr\u00edncipe Oscuro.<\/p>\n<p>La Infernal Enrapturess es un personaje de apoyo clave para un ej\u00e9rcito de Slaanesh. Si bien son capaces de destruir enemigos a su alcance con explosiones s\u00f3nicas, su fuerza reside en un conjunto de habilidades \u00fatiles, tanto si los utilizas en Warhammer 40,000 como en Warhammer Age of Sigmar. Descubrir\u00e1s que los Daemons of Slaanesh son m\u00e1s f\u00e1ciles de invocar, y los ps\u00edquicos y hechiceros enemigos comprobar\u00e1n que lanzar hechizos o usar sus poderes es mucho m\u00e1s peligroso.<\/p>\n<p>Con este kit puedes montar un Infernal Enrapturess. Consta de 24 piezas de pl\u00e1stico e incluye peana ovalada de 60 mm.<\/p>\n","protected":false},"excerpt":{"rendered":"<p>Games Workshop.<\/p>\n","protected":false},"featured_media":42982,"template":"","meta":{"_acf_changed":false},"product_brand":[],"product_cat":[1400,1177,1180,1654,1230],"product_tag":[1264,1179,785],"class_list":{"0":"post-42780","1":"product","2":"type-product","3":"status-publish","4":"has-post-thumbnail","6":"product_cat-fantasia","7":"product_cat-games-workshop-es","8":"product_cat-retail-products-es","9":"product_cat-warhammer-age-of-sigmar-es-2","10":"product_cat-warhammer-age-of-sigmar-es","11":"product_tag-boardgame-es","12":"product_tag-gamesworkshop-es","13":"product_tag-wargame-es-2","14":"pa_language-in","15":"pa_language-cas","16":"pa_language-spanish","18":"first","19":"outofstock","20":"sale","21":"taxable","22":"shipping-taxable","23":"purchasable","24":"product-type-simple"},"exclude_global_add_ons":[],"addons":[],"acf":[],"_links":{"self":[{"href":"https:\/\/www.customeeple.com\/es\/wp-json\/wp\/v2\/product\/42780","targetHints":{"allow":["GET"]}}],"collection":[{"href":"https:\/\/www.customeeple.com\/es\/wp-json\/wp\/v2\/product"}],"about":[{"href":"https:\/\/www.customeeple.com\/es\/wp-json\/wp\/v2\/types\/product"}],"wp:featuredmedia":[{"embeddable":true,"href":"https:\/\/www.customeeple.com\/es\/wp-json\/wp\/v2\/media\/42982"}],"wp:attachment":[{"href":"https:\/\/www.customeeple.com\/es\/wp-json\/wp\/v2\/media?parent=42780"}],"wp:term":[{"taxonomy":"product_brand","embeddable":true,"href":"https:\/\/www.customeeple.com\/es\/wp-json\/wp\/v2\/product_brand?post=42780"},{"taxonomy":"product_cat","embeddable":true,"href":"https:\/\/www.customeeple.com\/es\/wp-json\/wp\/v2\/product_cat?post=42780"},{"taxonomy":"product_tag","embeddable":true,"href":"https:\/\/www.customeeple.com\/es\/wp-json\/wp\/v2\/product_tag?post=42780"}],"curies":[{"name":"wp","href":"https:\/\/api.w.org\/{rel}","templated":true}]}}