{"id":42776,"date":"2019-04-23T10:34:19","date_gmt":"2019-04-23T08:34:19","guid":{"rendered":"https:\/\/www.customeeple.com\/?post_type=product&#038;p=42776"},"modified":"2019-05-07T08:50:01","modified_gmt":"2019-05-07T06:50:01","slug":"hedonites-of-slaanesh-endless-spells","status":"publish","type":"product","link":"https:\/\/www.customeeple.com\/es\/producto\/hedonites-of-slaanesh-endless-spells\/","title":{"rendered":"Hedonites of Slaanesh Endless Spells"},"content":{"rendered":"<p>Los hechizos permanentes de los Hedonites of Slaanesh son tan siniestros que se dice que han sido invocados desde el mismo Palacio de Slaanesh. Poseen un intelecto vengativo y semejante inclinaci\u00f3n por la tortura que la desgracia se abate sobre aquellos que se le enfrentan y se resisten a su canto de sirena\u2026<\/p>\n<p>Estos hechizos permanentes de Slaanesh ofrecen opciones t\u00e1cticas diversas y poderosas a tu ej\u00e9rcito de Slaanesh, orientadas a matar a tus enemigos y ofrecer ayudas \u00fatiles a tus propias unidades. Este set contiene los tres hechizos permanentes de Slaanesh:<\/p>\n<p>&#8211; <strong>Wheels of Excruciation<\/strong>: Una bandada de cuchillas lacerantes que destruye enemigos con armaduras ligeras.<br \/>\n&#8211;<strong> Mesmerising Mirror<\/strong>: Un espejo siniestro que puede atrapar a las unidades y eliminar h\u00e9roes.<br \/>\n&#8211;<strong> Dreadful Visage<\/strong>: Una m\u00e1scara horrible que desgarra a los enemigos, infunde terror en sus corazones y alienta a las unidades de Slaanesh.<\/p>\n<p>Este set consta de 18 piezas de pl\u00e1stico e incluye 2 peanas ovaladas de 90 mm.<\/p>\n","protected":false},"excerpt":{"rendered":"<p>Games Workshop.<\/p>\n","protected":false},"featured_media":42976,"template":"","meta":{"_acf_changed":false},"product_brand":[],"product_cat":[1400,1177,1180,1654,1230],"product_tag":[1178,1179],"class_list":{"0":"post-42776","1":"product","2":"type-product","3":"status-publish","4":"has-post-thumbnail","6":"product_cat-fantasia","7":"product_cat-games-workshop-es","8":"product_cat-retail-products-es","9":"product_cat-warhammer-age-of-sigmar-es-2","10":"product_cat-warhammer-age-of-sigmar-es","11":"product_tag-ageofsigmar-es","12":"product_tag-gamesworkshop-es","14":"first","15":"onbackorder","16":"sale","17":"taxable","18":"shipping-taxable","19":"purchasable","20":"product-type-simple"},"exclude_global_add_ons":[],"addons":[],"acf":[],"_links":{"self":[{"href":"https:\/\/www.customeeple.com\/es\/wp-json\/wp\/v2\/product\/42776","targetHints":{"allow":["GET"]}}],"collection":[{"href":"https:\/\/www.customeeple.com\/es\/wp-json\/wp\/v2\/product"}],"about":[{"href":"https:\/\/www.customeeple.com\/es\/wp-json\/wp\/v2\/types\/product"}],"wp:featuredmedia":[{"embeddable":true,"href":"https:\/\/www.customeeple.com\/es\/wp-json\/wp\/v2\/media\/42976"}],"wp:attachment":[{"href":"https:\/\/www.customeeple.com\/es\/wp-json\/wp\/v2\/media?parent=42776"}],"wp:term":[{"taxonomy":"product_brand","embeddable":true,"href":"https:\/\/www.customeeple.com\/es\/wp-json\/wp\/v2\/product_brand?post=42776"},{"taxonomy":"product_cat","embeddable":true,"href":"https:\/\/www.customeeple.com\/es\/wp-json\/wp\/v2\/product_cat?post=42776"},{"taxonomy":"product_tag","embeddable":true,"href":"https:\/\/www.customeeple.com\/es\/wp-json\/wp\/v2\/product_tag?post=42776"}],"curies":[{"name":"wp","href":"https:\/\/api.w.org\/{rel}","templated":true}]}}