{"id":42623,"date":"2019-04-15T17:32:35","date_gmt":"2019-04-15T15:32:39","guid":{"rendered":"https:\/\/www.customeeple.com\/?post_type=product&#038;p=42623"},"modified":"2019-07-24T15:36:04","modified_gmt":"2019-07-24T13:36:04","slug":"organizador-compatible-con-hate-1-ud-copy","status":"publish","type":"product","link":"https:\/\/www.customeeple.com\/es\/producto\/organizador-compatible-con-hate-1-ud-copy\/","title":{"rendered":"Organizador de mapa compatible con HATE  (1 Ud)"},"content":{"rendered":"<p>Una bandeja de\u00a0 metacrilato transparente para tener ordenadas las piezas de tus juegos. \u00a1Mant\u00e9n tus cubos a salvo de los ocasionales golpes en la mesa!<\/p>\n<p>Una bandeja compatible con el juego <strong><a href=\"https:\/\/www.cmon.com\/product\/hate\/hate\">HATE.\u00a0<\/a><\/strong> Esta pensado para ser compatible con el mapa de campa\u00f1a para llevar cuanta de que tribu ocupa cada territorio. La base de DM se usa para poder convertir el mapa en una pieza s\u00f3lida y guardarlo tras cada sesi\u00f3n en la caja de juego sin perder los datos.<\/p>\n<p>Este producto incluye un set de marcadores de metacrilato (5 en en 6 colores difrerentes). Puedes pegar las piezas transparentes a cada una de las de color para crear piezas de dos alturas que son f\u00e1ciles de quitar y poner del mapa.<\/p>\n<p>Este producto encajar\u00e1 a la perfecci\u00f3n con el mapa de campa\u00f1a del juego <strong><a href=\"https:\/\/www.cmon.com\/product\/hate\/hate\">HATE<\/a><\/strong><\/p>\n<div class=\"moreinfo\">\n<p><strong>Material:<\/strong> Metacrilato transparente\/DM<\/p>\n<p><strong>Espesor:<\/strong> 4,5 mm<\/p>\n<p><strong>Cantidad:\u00a0<\/strong>1 bandeja 1 ad on y piezas de metacrilato<\/p>\n<\/div>\n<div class=\"moreinfo\"><strong>Nota:<\/strong> Este producto se vende sin pintar ni montar necesitaras pegamento para la base de DM y las piezas de metacrilato en el caso de que quieras pegarlas<\/div>\n<p><strong><a href=\"https:\/\/www.cmon.com\/product\/hate\/hate\">HATE<\/a><\/strong> es un juego \u00a0publicado por <strong><a href=\"http:\/\/cmon.com\/\">CMON limited<\/a>.<\/strong>\u00a0<strong>Customeeple<\/strong> no mantiene ninguna relaci\u00f3n con esa compa\u00f1\u00eda y este producto no est\u00e1 de ninguna manera patrocinado por ellos.<\/p>\n<p>&nbsp;<\/p>\n","protected":false},"excerpt":{"rendered":"<p>Bandeja de metacrilato para <strong><a href=\"https:\/\/www.cmon.com\/product\/hate\/hate\">HATE<\/a><\/strong><\/p>\n","protected":false},"featured_media":42580,"template":"","meta":{"_acf_changed":false},"product_brand":[],"product_cat":[1370,1397],"product_tag":[1442],"class_list":{"0":"post-42623","1":"product","2":"type-product","3":"status-publish","4":"has-post-thumbnail","6":"product_cat-customeeple-es","7":"product_cat-overlay-es","8":"product_tag-overlay-es","10":"first","11":"instock","12":"taxable","13":"shipping-taxable","14":"purchasable","15":"product-type-simple"},"exclude_global_add_ons":[],"addons":[],"acf":[],"_links":{"self":[{"href":"https:\/\/www.customeeple.com\/es\/wp-json\/wp\/v2\/product\/42623","targetHints":{"allow":["GET"]}}],"collection":[{"href":"https:\/\/www.customeeple.com\/es\/wp-json\/wp\/v2\/product"}],"about":[{"href":"https:\/\/www.customeeple.com\/es\/wp-json\/wp\/v2\/types\/product"}],"wp:featuredmedia":[{"embeddable":true,"href":"https:\/\/www.customeeple.com\/es\/wp-json\/wp\/v2\/media\/42580"}],"wp:attachment":[{"href":"https:\/\/www.customeeple.com\/es\/wp-json\/wp\/v2\/media?parent=42623"}],"wp:term":[{"taxonomy":"product_brand","embeddable":true,"href":"https:\/\/www.customeeple.com\/es\/wp-json\/wp\/v2\/product_brand?post=42623"},{"taxonomy":"product_cat","embeddable":true,"href":"https:\/\/www.customeeple.com\/es\/wp-json\/wp\/v2\/product_cat?post=42623"},{"taxonomy":"product_tag","embeddable":true,"href":"https:\/\/www.customeeple.com\/es\/wp-json\/wp\/v2\/product_tag?post=42623"}],"curies":[{"name":"wp","href":"https:\/\/api.w.org\/{rel}","templated":true}]}}