{"id":42615,"date":"2019-04-18T10:00:05","date_gmt":"2019-04-18T09:00:05","guid":{"rendered":"https:\/\/www.customeeple.com\/?post_type=product&#038;p=42615"},"modified":"2019-04-22T10:36:04","modified_gmt":"2019-04-22T08:36:04","slug":"inserto-hijos-20-x-7-x-20-cm","status":"publish","type":"product","link":"https:\/\/www.customeeple.com\/es\/producto\/inserto-hijos-20-x-7-x-20-cm\/","title":{"rendered":"Inserto compatible con hijos del imperio (20 x 7 x 20 cm)"},"content":{"rendered":"<p>\u00bfEst\u00e1s cansado de los huecos de aire en las cajas de los juegos?\u00bfjuegos que vienen con insertos que molestan m\u00e1s que organizan? Esta es tu soluci\u00f3n, compra tu propio inserto a medida. Nunca m\u00e1s rodar\u00e1n las piezas por la caja y podr\u00e1s tener organizadas las cartas de un juego.<\/p>\n<p>Este inserto esta pensado para encajar en la caja de la expansi\u00f3n de \u00a0<a href=\"https:\/\/www.fantasyflightgames.com\/en\/news\/2018\/10\/10\/children-of-the-empire\/\"><strong>L5R hijos del imperio <\/strong><\/a>para que puedas tener todas las cartas de esa y otras expansiones ordenadas. El inserto separa la caja en dos columnas de 9,4 cm para alojar cartas e incluye tres separadores dobles y 4 individuales.<\/p>\n<p>Podemos fabricar f\u00e1cilmente insertos en otros tama\u00f1os, solo<strong>\u00a0<\/strong><strong><a href=\"..\/contact-us\/\">contacta con nosotros<\/a>.<\/strong><\/p>\n<div class=\"moreinfo\">\n<p><strong>Material: <\/strong>DM<\/p>\n<p dir=\"ltr\"><strong>Espesor:<\/strong> 2,5 mm<\/p>\n<p dir=\"ltr\"><strong>Tama\u00f1o:<\/strong> 20 x 7 x 20 cm<\/p>\n<p dir=\"ltr\"><strong>Cantidad:<\/strong> 1 inserto y 7 separadores<\/p>\n<p><strong><a href=\"https:\/\/www.fantasyflightgames.com\/en\/news\/2018\/10\/10\/children-of-the-empire\/\">La leyenda de los cinco anillos LGC<\/a><\/strong>\u00a0es un juego publicado por <strong><a title=\"Fantasy Flight Games\" href=\"https:\/\/boardgamegeek.com\/boardgamepublisher\/17\/fantasy-flight-games\">Fantasy Flight Games<\/a>\u00a0<\/strong>. <strong>Customeeple<\/strong>\u00a0no mantiene ninguna relaci\u00f3n con esta compa\u00f1\u00eda y este producto no esta apoyado por ellos de ninguna forma.<\/p>\n<\/div>\n<div class=\"infopreorder\"><strong>Nota:<\/strong> Este inserto se vende sin montar. necesitaras pegamento para montarlo<\/div>\n","protected":false},"excerpt":{"rendered":"<p>Un resistente inserto pensado para cajas de <strong>20 x 7 x 20 cm<\/strong><\/p>\n","protected":false},"featured_media":42594,"template":"","meta":{"_acf_changed":false},"product_brand":[],"product_cat":[191,1370,1400,1395,1391],"product_tag":[332,1455],"class_list":{"0":"post-42615","1":"product","2":"type-product","3":"status-publish","4":"has-post-thumbnail","6":"product_cat-accesorios","7":"product_cat-customeeple-es","8":"product_cat-fantasia","9":"product_cat-insertos","10":"product_cat-deck-holders-es","11":"product_tag-insert-es","12":"product_tag-lgc-es","14":"first","15":"instock","16":"taxable","17":"shipping-taxable","18":"purchasable","19":"product-type-simple"},"exclude_global_add_ons":[],"addons":[],"acf":[],"_links":{"self":[{"href":"https:\/\/www.customeeple.com\/es\/wp-json\/wp\/v2\/product\/42615","targetHints":{"allow":["GET"]}}],"collection":[{"href":"https:\/\/www.customeeple.com\/es\/wp-json\/wp\/v2\/product"}],"about":[{"href":"https:\/\/www.customeeple.com\/es\/wp-json\/wp\/v2\/types\/product"}],"wp:featuredmedia":[{"embeddable":true,"href":"https:\/\/www.customeeple.com\/es\/wp-json\/wp\/v2\/media\/42594"}],"wp:attachment":[{"href":"https:\/\/www.customeeple.com\/es\/wp-json\/wp\/v2\/media?parent=42615"}],"wp:term":[{"taxonomy":"product_brand","embeddable":true,"href":"https:\/\/www.customeeple.com\/es\/wp-json\/wp\/v2\/product_brand?post=42615"},{"taxonomy":"product_cat","embeddable":true,"href":"https:\/\/www.customeeple.com\/es\/wp-json\/wp\/v2\/product_cat?post=42615"},{"taxonomy":"product_tag","embeddable":true,"href":"https:\/\/www.customeeple.com\/es\/wp-json\/wp\/v2\/product_tag?post=42615"}],"curies":[{"name":"wp","href":"https:\/\/api.w.org\/{rel}","templated":true}]}}