{"id":42540,"date":"2019-09-26T15:07:15","date_gmt":"2019-04-12T13:07:16","guid":{"rendered":"https:\/\/www.customeeple.com\/?post_type=product&#038;p=42540"},"modified":"2021-09-01T12:27:24","modified_gmt":"2021-09-01T11:27:24","slug":"mdf-bases-cuadradas","status":"publish","type":"product","link":"https:\/\/www.customeeple.com\/es\/producto\/mdf-bases-cuadradas\/","title":{"rendered":"Bases Cuadradas de DM"},"content":{"rendered":"<div class=\"add-top p_collection\">\n<p>Un pack de bases en DM. Usalas como base de tus minis personalizadas.<\/p>\n<p>Las bases pueden comprarse en varios tama\u00f1os desde la m\u00e1s peque\u00f1a de 25 mm a la colosal de 100 mm. Son perfectas para ser utilizadas en cualquier juego que use bases redondas como\u00a0<strong>Warhammer <\/strong><strong>Fantasy <\/strong>o <strong>Kings of War<\/strong><\/p>\n<\/div>\n<div class=\"moreinfo\">\n<p><strong>Material: <\/strong>DM<\/p>\n<p dir=\"ltr\"><strong>Espesor:<\/strong> 2,5 mm<\/p>\n<p dir=\"ltr\"><strong>Tama\u00f1o: <\/strong>Varia<strong><br \/>\n<\/strong><\/p>\n<p dir=\"ltr\">\n<\/div>\n","protected":false},"excerpt":{"rendered":"<p>Bases de DM para cualquier situaci\u00f3n<\/p>\n","protected":false},"featured_media":43335,"template":"","meta":{"_acf_changed":false},"product_brand":[],"product_cat":[304,1370,1372,1654],"product_tag":[1535,685,942,787],"class_list":{"0":"post-42540","1":"product","2":"type-product","3":"status-publish","4":"has-post-thumbnail","6":"product_cat-bases-es","7":"product_cat-customeeple-es","8":"product_cat-sci-fi-es","9":"product_cat-warhammer-age-of-sigmar-es-2","10":"product_tag-age-of-sigmar-es","11":"product_tag-bases-es","12":"product_tag-bolt-action-es","13":"product_tag-warhammer-40k-es-2","15":"first","16":"instock","17":"taxable","18":"shipping-taxable","19":"purchasable","20":"product-type-variable"},"exclude_global_add_ons":[],"addons":[],"acf":[],"_links":{"self":[{"href":"https:\/\/www.customeeple.com\/es\/wp-json\/wp\/v2\/product\/42540","targetHints":{"allow":["GET"]}}],"collection":[{"href":"https:\/\/www.customeeple.com\/es\/wp-json\/wp\/v2\/product"}],"about":[{"href":"https:\/\/www.customeeple.com\/es\/wp-json\/wp\/v2\/types\/product"}],"wp:featuredmedia":[{"embeddable":true,"href":"https:\/\/www.customeeple.com\/es\/wp-json\/wp\/v2\/media\/43335"}],"wp:attachment":[{"href":"https:\/\/www.customeeple.com\/es\/wp-json\/wp\/v2\/media?parent=42540"}],"wp:term":[{"taxonomy":"product_brand","embeddable":true,"href":"https:\/\/www.customeeple.com\/es\/wp-json\/wp\/v2\/product_brand?post=42540"},{"taxonomy":"product_cat","embeddable":true,"href":"https:\/\/www.customeeple.com\/es\/wp-json\/wp\/v2\/product_cat?post=42540"},{"taxonomy":"product_tag","embeddable":true,"href":"https:\/\/www.customeeple.com\/es\/wp-json\/wp\/v2\/product_tag?post=42540"}],"curies":[{"name":"wp","href":"https:\/\/api.w.org\/{rel}","templated":true}]}}