{"id":42489,"date":"2019-04-08T14:00:46","date_gmt":"2019-04-08T12:00:47","guid":{"rendered":"https:\/\/www.customeeple.com\/?post_type=product&#038;p=42489"},"modified":"2019-04-08T14:31:56","modified_gmt":"2019-04-08T12:31:56","slug":"planet-eaters-unit-expansion-2","status":"publish","type":"product","link":"https:\/\/www.customeeple.com\/es\/producto\/planet-eaters-unit-expansion-2\/","title":{"rendered":"Monsterpocalypse \u2013 Planet Eaters Unit Expansion 2"},"content":{"rendered":"<p>PRODUCTO EN INGL\u00c9S<\/p>\n<p>Los belchers son agentes de destrucci\u00f3n rotundos enviados para interceptar a cualquiera de las fuerzas de combate que interfieren con los embates de los Devoradores de Planetas. Capaces de moverse sorprendentemente r\u00e1pido en sus piernas regordetas, Belchers puede arrojar bolas de plasma flam\u00edgero como artiller\u00eda viva.<\/p>\n<p>Los rastreadores son monstruos parecidos a bichos cuya saliva puede derretir la tierra y la piedra, y son capaces de nadar a trav\u00e9s del lodo fundido que crean. Suicidas y desechables, toman represalias para atacar al explotar en una llama de energ\u00eda de plasma, destruyendo todo lo que les rodea.<\/p>\n<p>&nbsp;<\/p>\n<p>Contiene:<\/p>\n<p>Belcher (4)<\/p>\n<p>Rastreador (1)<\/p>\n","protected":false},"excerpt":{"rendered":"<p>PRODUCTO EN INGL\u00c9S Los belchers son agentes de destrucci\u00f3n rotundos enviados para interceptar a cualquiera de las fuerzas de combate que interfieren con los embates de los Devoradores de Planetas. Capaces de moverse sorprendentemente r\u00e1pido en sus piernas regordetas, Belchers puede arrojar bolas de plasma flam\u00edgero como artiller\u00eda viva. Los rastreadores son monstruos parecidos a [&hellip;]<\/p>\n","protected":false},"featured_media":42495,"template":"","meta":{"_acf_changed":false},"product_brand":[],"product_cat":[1515,1514,1516,1180],"product_tag":[],"class_list":{"0":"post-42489","1":"product","2":"type-product","3":"status-publish","4":"has-post-thumbnail","6":"product_cat-destroyers-es","7":"product_cat-mosterpocalypse-es","8":"product_cat-planet-eaters-es","9":"product_cat-retail-products-es","11":"first","12":"outofstock","13":"sale","14":"taxable","15":"shipping-taxable","16":"purchasable","17":"product-type-simple"},"exclude_global_add_ons":[],"addons":[],"acf":[],"_links":{"self":[{"href":"https:\/\/www.customeeple.com\/es\/wp-json\/wp\/v2\/product\/42489","targetHints":{"allow":["GET"]}}],"collection":[{"href":"https:\/\/www.customeeple.com\/es\/wp-json\/wp\/v2\/product"}],"about":[{"href":"https:\/\/www.customeeple.com\/es\/wp-json\/wp\/v2\/types\/product"}],"wp:featuredmedia":[{"embeddable":true,"href":"https:\/\/www.customeeple.com\/es\/wp-json\/wp\/v2\/media\/42495"}],"wp:attachment":[{"href":"https:\/\/www.customeeple.com\/es\/wp-json\/wp\/v2\/media?parent=42489"}],"wp:term":[{"taxonomy":"product_brand","embeddable":true,"href":"https:\/\/www.customeeple.com\/es\/wp-json\/wp\/v2\/product_brand?post=42489"},{"taxonomy":"product_cat","embeddable":true,"href":"https:\/\/www.customeeple.com\/es\/wp-json\/wp\/v2\/product_cat?post=42489"},{"taxonomy":"product_tag","embeddable":true,"href":"https:\/\/www.customeeple.com\/es\/wp-json\/wp\/v2\/product_tag?post=42489"}],"curies":[{"name":"wp","href":"https:\/\/api.w.org\/{rel}","templated":true}]}}