{"id":42485,"date":"2019-04-08T14:00:42","date_gmt":"2019-04-08T12:00:43","guid":{"rendered":"https:\/\/www.customeeple.com\/?post_type=product&#038;p=42485"},"modified":"2019-04-08T14:43:04","modified_gmt":"2019-04-08T12:43:04","slug":"g-u-a-r-d-unit-expansion-1","status":"publish","type":"product","link":"https:\/\/www.customeeple.com\/es\/producto\/g-u-a-r-d-unit-expansion-1\/","title":{"rendered":"Monsterpocalypse \u2013 G.U.A.R.D. Unit Expansion 1"},"content":{"rendered":"<p>PRODUCTO EN INGL\u00c9S<\/p>\n<p>Rompiendo la barrera del sonido para llegar a la escena acompa\u00f1ados de explosiones s\u00f3nicas, los Strike Fighters forman la fuerza a\u00e9rea de G.U.A.R.D. Cada piloto es un temerario audaz con su dedo en el gatillo de la tecnolog\u00eda de misiles inteligente que puede sortear la cobertura pesada.<\/p>\n<p>Los Rocket Choppers intercambian la velocidad bruta de los Strike Fighters por la flexibilidad del combate. Armados con vainas de cohetes, se entrelazan h\u00e1bilmente entre los edificios para deshacerse de la persecuci\u00f3n y esquivar el fuego entrante mientras descubren amenazas para que participen unidades m\u00e1s poderosas.<\/p>\n<p>&nbsp;<\/p>\n<p>Contiene:<\/p>\n<p>&nbsp;<\/p>\n<p>Strike Fighters (4)<\/p>\n<p>Rocket Chopper (1)<\/p>\n<p>&nbsp;<\/p>\n","protected":false},"excerpt":{"rendered":"<p>PRODUCTO EN INGL\u00c9S Rompiendo la barrera del sonido para llegar a la escena acompa\u00f1ados de explosiones s\u00f3nicas, los Strike Fighters forman la fuerza a\u00e9rea de G.U.A.R.D. Cada piloto es un temerario audaz con su dedo en el gatillo de la tecnolog\u00eda de misiles inteligente que puede sortear la cobertura pesada. Los Rocket Choppers intercambian la [&hellip;]<\/p>\n","protected":false},"featured_media":42499,"template":"","meta":{"_acf_changed":false},"product_brand":[],"product_cat":[1518,1514,1180,1517],"product_tag":[],"class_list":{"0":"post-42485","1":"product","2":"type-product","3":"status-publish","4":"has-post-thumbnail","6":"product_cat-g-u-a-r-d-es","7":"product_cat-mosterpocalypse-es","8":"product_cat-retail-products-es","9":"product_cat-protectors-es","11":"first","12":"outofstock","13":"sale","14":"taxable","15":"shipping-taxable","16":"purchasable","17":"product-type-simple"},"exclude_global_add_ons":[],"addons":[],"acf":[],"_links":{"self":[{"href":"https:\/\/www.customeeple.com\/es\/wp-json\/wp\/v2\/product\/42485","targetHints":{"allow":["GET"]}}],"collection":[{"href":"https:\/\/www.customeeple.com\/es\/wp-json\/wp\/v2\/product"}],"about":[{"href":"https:\/\/www.customeeple.com\/es\/wp-json\/wp\/v2\/types\/product"}],"wp:featuredmedia":[{"embeddable":true,"href":"https:\/\/www.customeeple.com\/es\/wp-json\/wp\/v2\/media\/42499"}],"wp:attachment":[{"href":"https:\/\/www.customeeple.com\/es\/wp-json\/wp\/v2\/media?parent=42485"}],"wp:term":[{"taxonomy":"product_brand","embeddable":true,"href":"https:\/\/www.customeeple.com\/es\/wp-json\/wp\/v2\/product_brand?post=42485"},{"taxonomy":"product_cat","embeddable":true,"href":"https:\/\/www.customeeple.com\/es\/wp-json\/wp\/v2\/product_cat?post=42485"},{"taxonomy":"product_tag","embeddable":true,"href":"https:\/\/www.customeeple.com\/es\/wp-json\/wp\/v2\/product_tag?post=42485"}],"curies":[{"name":"wp","href":"https:\/\/api.w.org\/{rel}","templated":true}]}}