{"id":42479,"date":"2019-04-08T12:53:28","date_gmt":"2019-04-08T10:53:30","guid":{"rendered":"https:\/\/www.customeeple.com\/?post_type=product&#038;p=42479"},"modified":"2019-09-06T10:23:05","modified_gmt":"2019-09-06T08:23:05","slug":"monsterpocalypse-protectors-starter-set","status":"publish","type":"product","link":"https:\/\/www.customeeple.com\/es\/producto\/monsterpocalypse-protectors-starter-set\/","title":{"rendered":"Monsterpocalypse \u2013 Protectors Starter Set"},"content":{"rendered":"<p>PRODUCTO EN INGL\u00c9S<\/p>\n<p>\u00a1DESCARGA EL PODER EN UNA ESCALA UNIMAGINABLE!<\/p>\n<p>&nbsp;<\/p>\n<p>Toma el control de un monstruo gigante y su horda de esbirros y lucha por el control de tu territorio. Aplasta a la competencia para derribar, aplastar, explotar y pelear tu camino hacia la victoria en la batalla m\u00e1s grande que jam\u00e1s haya golpeado en tu mesa en esta nueva edici\u00f3n del mejor juego del mundo de combate de monstruos gigantes.<\/p>\n<p>&nbsp;<\/p>\n<p>GUARD (Globally United Advanced Research &amp; Defense) protege a los inocentes de los horrores del Monsterpocalypse. GUARD ha reunido a los m\u00e1s grandes cient\u00edficos y l\u00edderes militares para desarrollar la fuerza m\u00e1s avanzada que el mundo haya visto. Defender X es una gran maravilla de la tecnolog\u00eda pilotada por un equipo de los mejores pilotos de G.U.A.R.D.<\/p>\n<p>Un grupo de valientes soldados en equipos militares de vanguardia protegen a los civiles, mientras que el Defender X lucha contra los monstruos que amenazan nuestro mundo.<\/p>\n<p>&nbsp;<\/p>\n<p>Contiene:<\/p>\n<p>&nbsp;<\/p>\n<p>Defender X (1) &#8211; G.U.A.R.D. Monstruo<\/p>\n<p>G-Tank (4) &#8211; G.U.A.R.D. Unidad<\/p>\n<p>Repair (1) &#8211; G.U.A.R.D. Unidad<\/p>\n<p>26 Dados<\/p>\n<p>10 Action Dice (blanco)<\/p>\n<p>10 Power Dice (rojo)<\/p>\n<p>6 Boost Dice (azul)<\/p>\n<p>6 Edificios de apartamentos en cart\u00f3n<\/p>\n<p>12 Marcadores de fuego\/edificio destruido<\/p>\n<p>1 Tarjeta de valores del monstruo<\/p>\n<p>1 Tarjeta de valores de las unidades<\/p>\n<p>1 Tarjeta de valores de las unidades de \u00e9lite<\/p>\n<p>1 Mapa de doble cara<\/p>\n<p>1 Reglamento<\/p>\n","protected":false},"excerpt":{"rendered":"<p>Infinity miniatures.<\/p>\n","protected":false},"featured_media":42477,"template":"","meta":{"_acf_changed":false},"product_brand":[],"product_cat":[1518,1514,1180,1517],"product_tag":[],"class_list":{"0":"post-42479","1":"product","2":"type-product","3":"status-publish","4":"has-post-thumbnail","6":"product_cat-g-u-a-r-d-es","7":"product_cat-mosterpocalypse-es","8":"product_cat-retail-products-es","9":"product_cat-protectors-es","11":"first","12":"outofstock","13":"sale","14":"taxable","15":"shipping-taxable","16":"purchasable","17":"product-type-simple"},"exclude_global_add_ons":[],"addons":[],"acf":[],"_links":{"self":[{"href":"https:\/\/www.customeeple.com\/es\/wp-json\/wp\/v2\/product\/42479","targetHints":{"allow":["GET"]}}],"collection":[{"href":"https:\/\/www.customeeple.com\/es\/wp-json\/wp\/v2\/product"}],"about":[{"href":"https:\/\/www.customeeple.com\/es\/wp-json\/wp\/v2\/types\/product"}],"wp:featuredmedia":[{"embeddable":true,"href":"https:\/\/www.customeeple.com\/es\/wp-json\/wp\/v2\/media\/42477"}],"wp:attachment":[{"href":"https:\/\/www.customeeple.com\/es\/wp-json\/wp\/v2\/media?parent=42479"}],"wp:term":[{"taxonomy":"product_brand","embeddable":true,"href":"https:\/\/www.customeeple.com\/es\/wp-json\/wp\/v2\/product_brand?post=42479"},{"taxonomy":"product_cat","embeddable":true,"href":"https:\/\/www.customeeple.com\/es\/wp-json\/wp\/v2\/product_cat?post=42479"},{"taxonomy":"product_tag","embeddable":true,"href":"https:\/\/www.customeeple.com\/es\/wp-json\/wp\/v2\/product_tag?post=42479"}],"curies":[{"name":"wp","href":"https:\/\/api.w.org\/{rel}","templated":true}]}}