{"id":42050,"date":"2019-03-27T11:52:46","date_gmt":"2019-03-27T10:52:46","guid":{"rendered":"https:\/\/www.customeeple.com\/?post_type=product&#038;p=42050"},"modified":"2019-03-27T16:55:56","modified_gmt":"2019-03-27T14:55:56","slug":"bloque-de-edificios-neon-city-2-uds-copy","status":"publish","type":"product","link":"https:\/\/www.customeeple.com\/es\/producto\/bloque-de-edificios-neon-city-2-uds-copy\/","title":{"rendered":"Bloque de edificios Neon City (2 Uds) (Copy)"},"content":{"rendered":"<p>Todos nuestros productos <strong>NEON CITY<\/strong>\u00a0\u00a0tienen una estructura similar, f\u00e1cil de montar, que puedes construir con diferentes configuraciones, pudiendo combinar las piezas para construir nuevos y espectaculares edificios.<\/p>\n<p>Este pack de edificios residenciales puede ser usado como un complemento para nuestra linea\u00a0\u00a0<strong><a href=\"http:\/\/www.customeeple.com\/?s=neon+city\">NEON CITY<\/a>. <\/strong>Puedes apilarlos para crear un segundo o incluso un tercer piso y as\u00ed crear bloques de viviendas. Un pack de edificios modulares puede ser montado de una gran cantidad de formas diferentesy adem\u00e1s contienen a\u00f1adidos para las terrazas.<\/p>\n<p style=\"color: #000000;\">Puedes comprar los edificios en dos tama\u00f1os diferentes: Peque\u00f1os o Grandes, que se acoplaran a nuestros edificios anteriores. Ademas puedes si quieres a\u00f1adir los cristales de las ventanas.<\/p>\n<p style=\"color: #000000;\">Todas las piezas se han dise\u00f1ado en colaboraci\u00f3n con\u00a0<strong><a href=\"http:\/\/www.corvusbelli.com\/\">Corvus Belli<\/a><\/strong>\u00a0para ser totalmente compatible con\u00a0<strong><a href=\"http:\/\/infinitythegame.com\/\" target=\"_blank\" rel=\"noopener noreferrer\">Infinity the game<\/a>.<\/strong><\/p>\n<div class=\"moreinfo\">\n<p><strong>Material:\u00a0<\/strong>MDF y Metacrilato<\/p>\n<p><strong>Espesor\u00a0:<\/strong>\u00a02,5 cm<\/p>\n<p><strong>Tama\u00f1o:\u00a0<\/strong>20\u00d710 cm<\/p>\n<p><strong>Cantidad:\u00a0<\/strong>2 edificios\u00a0y complementos<\/p>\n<p><strong>Uso:<\/strong>\u00a0Edificios de escenograf\u00eda para\u00a0<strong><a href=\"http:\/\/infinitythegame.com\/\" target=\"_blank\" rel=\"noopener noreferrer\">Infinity the game<\/a>\u00a0<\/strong><\/p>\n<div class=\"infopreorder\" style=\"color: #000000;\"><strong>Nota:\u00a0<\/strong>Miniaturas y accesorios no incluidos. Este producto se vende sin montar. Necesita pegamento para montar la piezas<\/div>\n<\/div>\n","protected":false},"excerpt":{"rendered":"<p><span style=\"color: #000000;\">Locales de copas de \u00a0<a href=\"http:\/\/www.infinitythegame.com\/infinity\/en\/category\/ariadna\/\"><b>Ariadna<\/b><\/a>\u00a0para\u00a0<\/span><strong style=\"color: #000000;\"><a href=\"http:\/\/www.infinitythegame.com\/infinity\/en\">Infinity the game\u00a0<\/a><\/strong><\/p>\n","protected":false},"featured_media":42119,"template":"","meta":{"_acf_changed":false},"product_brand":[],"product_cat":[191,1399,346,291,1394,2360,1372],"product_tag":[646,306],"class_list":{"0":"post-42050","1":"product","2":"type-product","3":"status-publish","4":"has-post-thumbnail","6":"product_cat-accesorios","7":"product_cat-escenografia-es","8":"product_cat-escenografia","9":"product_cat-infinity-es-2","10":"product_cat-infinity-es","11":"product_cat-productos-oficiales","12":"product_cat-sci-fi-es","13":"product_tag-infinity-es-2","14":"product_tag-infinity-the-game-es-2","16":"first","17":"instock","18":"taxable","19":"shipping-taxable","20":"purchasable","21":"product-type-variable"},"exclude_global_add_ons":[],"addons":[],"acf":[],"_links":{"self":[{"href":"https:\/\/www.customeeple.com\/es\/wp-json\/wp\/v2\/product\/42050","targetHints":{"allow":["GET"]}}],"collection":[{"href":"https:\/\/www.customeeple.com\/es\/wp-json\/wp\/v2\/product"}],"about":[{"href":"https:\/\/www.customeeple.com\/es\/wp-json\/wp\/v2\/types\/product"}],"wp:featuredmedia":[{"embeddable":true,"href":"https:\/\/www.customeeple.com\/es\/wp-json\/wp\/v2\/media\/42119"}],"wp:attachment":[{"href":"https:\/\/www.customeeple.com\/es\/wp-json\/wp\/v2\/media?parent=42050"}],"wp:term":[{"taxonomy":"product_brand","embeddable":true,"href":"https:\/\/www.customeeple.com\/es\/wp-json\/wp\/v2\/product_brand?post=42050"},{"taxonomy":"product_cat","embeddable":true,"href":"https:\/\/www.customeeple.com\/es\/wp-json\/wp\/v2\/product_cat?post=42050"},{"taxonomy":"product_tag","embeddable":true,"href":"https:\/\/www.customeeple.com\/es\/wp-json\/wp\/v2\/product_tag?post=42050"}],"curies":[{"name":"wp","href":"https:\/\/api.w.org\/{rel}","templated":true}]}}