{"id":42012,"date":"2019-03-12T10:59:24","date_gmt":"2019-03-12T08:59:28","guid":{"rendered":"https:\/\/www.customeeple.com\/?post_type=product&#038;p=42012"},"modified":"2022-03-08T11:41:05","modified_gmt":"2022-03-08T10:41:05","slug":"daedalus-fall-preorder","status":"publish","type":"product","link":"https:\/\/www.customeeple.com\/es\/producto\/daedalus-fall-preorder\/","title":{"rendered":"Daedalus&#8217; Fall"},"content":{"rendered":"<div>\n<div>Hace a\u00f1os, los Tohaa llegaron a Paradiso con el prop\u00f3sito de ayudar a la humanidad a combatir al Ej\u00e9rcito Combinado, pero tambi\u00e9n con una agenda oculta. El Triunvirato, un gobierno en la sombra de los Tohaa, est\u00e1 llevando a cabo una guerra sucia contra la IE en la que Paradiso y la Humanidad no son m\u00e1s que meros peones. Ahora, el Portal de D\u00e9dalo, que comunica la Esfera Humana con los sistemas Tohaa, ha volado por los aires, dejando a los Tohaa de Paradiso varados en la Esfera Humana y desconectados de su hogar.<\/div>\n<div><\/div>\n<div>Daedalus\u2019 Fall es un libro de campa\u00f1a y de expansi\u00f3n de Infinity que incluye nuevo trasfondo in\u00e9dito y nuevas reglas de campa\u00f1a que har\u00e1n las delicias de todos los jugadores.<\/div>\n<hr \/>\n<h6 class=\"font-weight-bold\">Solo durante la preventa:<\/h6>\n<p>Con la compra de este producto, llevate el blister <em>Brawler Hacker (Edici\u00f3n exclusiva)<\/em> totalmente <strong>gratis<\/strong><\/p>\n<\/div>\n","protected":false},"excerpt":{"rendered":"<p>New Infinity book<\/p>\n","protected":false},"featured_media":41993,"template":"","meta":{"_acf_changed":false},"product_brand":[],"product_cat":[291,1218,1180,1372],"product_tag":[151,1217],"class_list":{"0":"post-42012","1":"product","2":"type-product","3":"status-publish","4":"has-post-thumbnail","6":"product_cat-infinity-es-2","7":"product_cat-books-es","8":"product_cat-retail-products-es","9":"product_cat-sci-fi-es","10":"product_tag-infinity-es","11":"product_tag-manual-es","12":"pa_language-in","13":"pa_language-cas","14":"pa_language-spanish","16":"first","17":"onbackorder","18":"sale","19":"taxable","20":"shipping-taxable","21":"purchasable","22":"product-type-variable","23":"has-default-attributes"},"exclude_global_add_ons":[],"addons":[],"acf":[],"_links":{"self":[{"href":"https:\/\/www.customeeple.com\/es\/wp-json\/wp\/v2\/product\/42012","targetHints":{"allow":["GET"]}}],"collection":[{"href":"https:\/\/www.customeeple.com\/es\/wp-json\/wp\/v2\/product"}],"about":[{"href":"https:\/\/www.customeeple.com\/es\/wp-json\/wp\/v2\/types\/product"}],"wp:featuredmedia":[{"embeddable":true,"href":"https:\/\/www.customeeple.com\/es\/wp-json\/wp\/v2\/media\/41993"}],"wp:attachment":[{"href":"https:\/\/www.customeeple.com\/es\/wp-json\/wp\/v2\/media?parent=42012"}],"wp:term":[{"taxonomy":"product_brand","embeddable":true,"href":"https:\/\/www.customeeple.com\/es\/wp-json\/wp\/v2\/product_brand?post=42012"},{"taxonomy":"product_cat","embeddable":true,"href":"https:\/\/www.customeeple.com\/es\/wp-json\/wp\/v2\/product_cat?post=42012"},{"taxonomy":"product_tag","embeddable":true,"href":"https:\/\/www.customeeple.com\/es\/wp-json\/wp\/v2\/product_tag?post=42012"}],"curies":[{"name":"wp","href":"https:\/\/api.w.org\/{rel}","templated":true}]}}