{"id":41593,"date":"2019-03-27T09:00:43","date_gmt":"2019-03-27T08:00:43","guid":{"rendered":"https:\/\/www.customeeple.com\/?post_type=product&#038;p=41593"},"modified":"2019-03-27T16:55:40","modified_gmt":"2019-03-27T14:55:40","slug":"bandeja-expositora-ordenes-para-infinity-copy","status":"publish","type":"product","link":"https:\/\/www.customeeple.com\/es\/producto\/bandeja-expositora-ordenes-para-infinity-copy\/","title":{"rendered":"Bandeja expositora Ordernes militares + Bases"},"content":{"rendered":"<p>Un complemento perfecto para tus ej\u00e9rcitos de <a href=\"http:\/\/infinitythegame.com\/\" target=\"_blank\" rel=\"noopener noreferrer\"><strong>Infinity<\/strong><\/a>. Nuestra bandeja expositora te ayudar\u00e1 a tener organizadas y que luzcan tus miniaturas mientras no est\u00e1n en juego en una bandeja escenogr\u00e1fica. Cada bandeja incluye\u00a0 bases que encajan en los\u00a0 espacios. Esta bandeja est\u00e1 grabada siguiendo un dise\u00f1o de \u00d3rdenes militares de Infinity similar al de nuestras <a href=\"\/?p=12207\"><strong>bases<\/strong><\/a>, adem\u00e1s puedes elegir el logo de entre cualquiera de las \u00f3rdenes militares.<\/p>\n<p>Los espacios de la bandeja agarran las bases firmemente lo que permite poder mover la bandeja sin que las miniaturas se caigan, haci\u00e9ndola ideal para usar en torneos, ya que puedes colocar ah\u00ed tus miniaturas eliminadas y transportar tu lista de ej\u00e9rcito de mesa en mesa f\u00e1cilmente.<\/p>\n<p>Tambi\u00e9n incluimos bases de DM grabadas que encajan con la escenograf\u00eda de la bandeja y varios a\u00f1adidos decorativos para modificar las bases a tu gusto haci\u00e9ndolas \u00fanicas.<\/p>\n<p>La bandejas se vende con los siguientes modelos:<\/p>\n<div class=\"infopreorder\">\n<ul>\n<li><em>Modelo A: Espacio para 22 <em>bases de<\/em> 25mm y 1\u00a0<em>bases de<\/em> 40mm.<\/em><\/li>\n<li><em>Modelo B: Espacio para 21 <em>bases de<\/em> 25mm y 2\u00a0<em>bases de<\/em> 40mm.<\/em><\/li>\n<li><em>Modelo C:\u00a0<em>Espacio para<\/em>\u00a019\u00a0<em>bases de<\/em> 25mm y 4\u00a0<em>bases de <\/em>40mm.<\/em><\/li>\n<li><em>Modelo D:\u00a0<em>Espacio para<\/em>\u00a017 bases de 25mm y 6\u00a0<em>bases de<\/em> 40mm.<\/em><\/li>\n<li><em>Modelo E Espacio para \u00a015 \u00ab25mm\u00bb 2 \u00ab40mm\u00bb y\u00a03 \u00ab55mm\u00bb bases<\/em><\/li>\n<li><em>Modelo F Espacio para \u00a018 \u00ab25mm\u00bb 2 \u00ab40mm\u00bb y\u00a02 \u00ab55mm\u00bb bases<\/em><\/li>\n<li><em>Modelo G Espacio para \u00a021 \u00ab25mm\u00bb 1 \u00ab40mm\u00bb y\u00a01 \u00ab55mm\u00bb bases<\/em><\/li>\n<li>Modelo H <em>Espacio para<\/em> \u00a017\u00a0<em>\u00ab25mm\u00bb and 2\u00a0\u00ab55mm\u00bb bases<\/em><\/li>\n<li><\/li>\n<\/ul>\n<\/div>\n<p>Todas las piezas han sido fabricadas en colaboraci\u00f3n con <strong><a href=\"http:\/\/www.corvusbelli.com\/\">Corvus Belli<\/a><\/strong> para ser totalmente compatibles <a href=\"http:\/\/infinitythegame.com\/\" target=\"_blank\" rel=\"noopener noreferrer\"><strong>Infinity the game<\/strong><\/a>.<\/p>\n<div class=\"moreinfo\">\n<p><strong>Material: <\/strong>DM<\/p>\n<p dir=\"ltr\"><strong>Espesor: <\/strong>8,5 mm (planchas de 2,5 y 3 mm)<\/p>\n<p dir=\"ltr\"><strong>Tama\u00f1o:<\/strong> 21 x 17 cm<\/p>\n<p dir=\"ltr\"><strong>Cantidad:<\/strong> Una bandeja expositora y\u00a0 bases grabadas con complementos<\/p>\n<p><strong>Uso: <\/strong>Guarda tus miniaturas en una bandeja escenograf\u00eda<\/p>\n<\/div>\n<p><strong>Nota:<\/strong> Miniaturas no incluidas. El producto se vende sin pintar ni montar. Las fotos son tan solo sugerencias de presentaci\u00f3n.<\/p>\n","protected":false},"excerpt":{"rendered":"<p>Bandeja expositora para tus miniaturas de\u00a0 <strong><a href=\"http:\/\/www.infinitythegame.com\/infinity\/en\">Infinity the game <\/a><\/strong><\/p>\n","protected":false},"featured_media":41879,"template":"","meta":{"_acf_changed":false},"product_brand":[],"product_cat":[191,2342,350,304,1370,291,1394,2360,1372],"product_tag":[306],"class_list":{"0":"post-41593","1":"product","2":"type-product","3":"status-publish","4":"has-post-thumbnail","6":"product_cat-accesorios","7":"product_cat-trays-es","8":"product_cat-bases-es-infinity-es-2","9":"product_cat-bases-es","10":"product_cat-customeeple-es","11":"product_cat-infinity-es-2","12":"product_cat-infinity-es","13":"product_cat-productos-oficiales","14":"product_cat-sci-fi-es","15":"product_tag-infinity-the-game-es-2","17":"first","18":"instock","19":"taxable","20":"shipping-taxable","21":"purchasable","22":"product-type-variable"},"exclude_global_add_ons":[],"addons":[],"acf":[],"_links":{"self":[{"href":"https:\/\/www.customeeple.com\/es\/wp-json\/wp\/v2\/product\/41593","targetHints":{"allow":["GET"]}}],"collection":[{"href":"https:\/\/www.customeeple.com\/es\/wp-json\/wp\/v2\/product"}],"about":[{"href":"https:\/\/www.customeeple.com\/es\/wp-json\/wp\/v2\/types\/product"}],"wp:featuredmedia":[{"embeddable":true,"href":"https:\/\/www.customeeple.com\/es\/wp-json\/wp\/v2\/media\/41879"}],"wp:attachment":[{"href":"https:\/\/www.customeeple.com\/es\/wp-json\/wp\/v2\/media?parent=41593"}],"wp:term":[{"taxonomy":"product_brand","embeddable":true,"href":"https:\/\/www.customeeple.com\/es\/wp-json\/wp\/v2\/product_brand?post=41593"},{"taxonomy":"product_cat","embeddable":true,"href":"https:\/\/www.customeeple.com\/es\/wp-json\/wp\/v2\/product_cat?post=41593"},{"taxonomy":"product_tag","embeddable":true,"href":"https:\/\/www.customeeple.com\/es\/wp-json\/wp\/v2\/product_tag?post=41593"}],"curies":[{"name":"wp","href":"https:\/\/api.w.org\/{rel}","templated":true}]}}