{"id":41128,"date":"2019-02-05T14:57:51","date_gmt":"2019-02-05T12:57:51","guid":{"rendered":"https:\/\/www.customeeple.com\/?post_type=product&#038;p=41128"},"modified":"2021-04-17T17:50:43","modified_gmt":"2021-04-17T16:50:43","slug":"aristeia-set-de-zonas-z","status":"publish","type":"product","link":"https:\/\/www.customeeple.com\/es\/producto\/aristeia-set-de-zonas-z\/","title":{"rendered":"Aristeia! Tokens de zona Ziggurat (6 Uds)"},"content":{"rendered":"<p><strong>Aristeia! es el nuevo juego de deportes de Corvus Belli, un juego de mesa estilo MOBA que permite a dos jugadores asumir el papel de los jefes de equipo en el espect\u00e1culo visual m\u00e1s grandioso de la Esfera Humana.<\/strong><\/p>\n<div id=\"primary_block\" class=\"clearfix\">\n<div class=\"add-top p_collection\">\n<p>Este set incluye 6 zonas de metacrilato de 3 hex\u00e1gonos. Estas zonas ser\u00e1 \u00fatiles en los nuevos escenarios de Aristeia! <strong><a href=\"https:\/\/www.aristeiathegame.com\/blog\/item\/634-new-scenarios-for-the-hexadome-b-side?fbclid=IwAR01kUThA8ZvXOvQaUswcC7t_RqfaDMCObiHW0xTuYn6ZpVTOfQsjt3R0g8\">Witch land, Baile frenetico, Broken Land, Puertas de fuego. <\/a><\/strong>Puedes elegir el color que necesites.<\/p>\n<p>Este producto ha sido dise\u00f1ado en colaboracci\u00f3n con\u00a0\u00a0<strong><a href=\"http:\/\/www.corvusbelli.com\/\">Corvus Belli<\/a><\/strong>\u00a0para ser totalmente compatible con\u00a0 <b><a href=\"https:\/\/aristeiathegame.com\/\">Aristeia! the game<\/a>.<\/b><\/p>\n<div class=\"moreinfo\">\n<p><strong>Material:<\/strong>\u00a0Metacrilato<\/p>\n<p dir=\"ltr\"><strong>Espesor:<\/strong>\u00a03 mm<\/p>\n<p dir=\"ltr\"><strong>Tama\u00f1o: <\/strong>6 x 6 cm<strong><br \/>\n<\/strong><\/p>\n<p dir=\"ltr\"><strong>Cantidad: <\/strong>\u00a06 zonas<\/p>\n<\/div>\n<div class=\"infopreorder\"><strong>Nota:<\/strong>\u00a0Los colores del metacrilato pueden variar ligeramente del de las fotos.<\/div>\n<\/div>\n<\/div>\n","protected":false},"excerpt":{"rendered":"<p>Fichas de zona Ziggurat para Aristeia!<\/p>\n","protected":false},"featured_media":41236,"template":"","meta":{"_acf_changed":false},"product_brand":[],"product_cat":[1371,1323,1370,1372],"product_tag":[1324],"class_list":{"0":"post-41128","1":"product","2":"type-product","3":"status-publish","4":"has-post-thumbnail","6":"product_cat-aristeia-es-2","7":"product_cat-aristeia-es","8":"product_cat-customeeple-es","9":"product_cat-sci-fi-es","10":"product_tag-aristeia-es","11":"pa_methacrylate-colors-amarill-fluor-mfye","12":"pa_methacrylate-colors-azul-fluor-mfbl-es","13":"pa_methacrylate-colors-dm","14":"pa_methacrylate-colors-humo-trans-mtsm","15":"pa_methacrylate-colors-naranja-fluor-mfor-es","16":"pa_methacrylate-colors-magenta-fluor-mfma-es","17":"pa_methacrylate-colors-transparente-mttr","18":"pa_methacrylate-colors-verde-fluor-mfgr","19":"pa_methacrylate-colors-violeta-movi","21":"first","22":"instock","23":"taxable","24":"shipping-taxable","25":"purchasable","26":"product-type-variable"},"exclude_global_add_ons":[],"addons":[],"acf":[],"_links":{"self":[{"href":"https:\/\/www.customeeple.com\/es\/wp-json\/wp\/v2\/product\/41128","targetHints":{"allow":["GET"]}}],"collection":[{"href":"https:\/\/www.customeeple.com\/es\/wp-json\/wp\/v2\/product"}],"about":[{"href":"https:\/\/www.customeeple.com\/es\/wp-json\/wp\/v2\/types\/product"}],"wp:featuredmedia":[{"embeddable":true,"href":"https:\/\/www.customeeple.com\/es\/wp-json\/wp\/v2\/media\/41236"}],"wp:attachment":[{"href":"https:\/\/www.customeeple.com\/es\/wp-json\/wp\/v2\/media?parent=41128"}],"wp:term":[{"taxonomy":"product_brand","embeddable":true,"href":"https:\/\/www.customeeple.com\/es\/wp-json\/wp\/v2\/product_brand?post=41128"},{"taxonomy":"product_cat","embeddable":true,"href":"https:\/\/www.customeeple.com\/es\/wp-json\/wp\/v2\/product_cat?post=41128"},{"taxonomy":"product_tag","embeddable":true,"href":"https:\/\/www.customeeple.com\/es\/wp-json\/wp\/v2\/product_tag?post=41128"}],"curies":[{"name":"wp","href":"https:\/\/api.w.org\/{rel}","templated":true}]}}