{"id":41112,"date":"2019-02-05T13:24:25","date_gmt":"2019-02-05T11:24:27","guid":{"rendered":"https:\/\/www.customeeple.com\/?post_type=product&#038;p=41112"},"modified":"2019-07-24T15:40:02","modified_gmt":"2019-07-24T13:40:02","slug":"bandeja-organizadora-decorada-para-aristeia","status":"publish","type":"product","link":"https:\/\/www.customeeple.com\/es\/producto\/bandeja-organizadora-decorada-para-aristeia\/","title":{"rendered":"Bandeja organizadora decorada para Aristeia!"},"content":{"rendered":"<div class=\"add-top p_collection\">\n<p><strong>Aristeia! es el nuevo juego de deportes de Corvus Belli, un juego de mesa estilo MOBA que permite a dos jugadores asumir el papel de los jefes de equipo en el espect\u00e1culo visual m\u00e1s grandioso de la Esfera Humana.<\/strong><\/p>\n<p>Una variaci\u00f3n decorada de nuestras bandejas organizadoras para\u00a0\u00a0<strong><a href=\"https:\/\/aristeiathegame.com\/\">Aristeia!<\/a>\u00a0<\/strong>da a tus partidas un tratamiento deluxe. Ofrecemos 4 dise\u00f1os diferentes pero eventualmente a\u00f1adiremos mas.<\/p>\n<p>Los tableros est\u00e1n fabricados pegando una l\u00e1mina decorada a una pieza de metacrilato. La pegatina est\u00e1 impresa en vinillo lo que lo hace extra resistente a ara\u00f1azos o desgastes. Nota: es posible que encuentres zonas mas claras o grises en la pegatina pero son inevitables por el proceso de pegado y acaban desapareciendo con el tiempo.<\/p>\n<\/div>\n<div class=\"moreinfo\">\n<p><strong>Material:<\/strong>\u00a0Metacrilato<\/p>\n<p dir=\"ltr\"><strong>Espesor:\u00a0 <\/strong>2<strong>\u00a0<\/strong>mm<\/p>\n<p dir=\"ltr\"><strong>Tama\u00f1o: <\/strong>174 x 280 mm<strong><br \/>\n<\/strong><\/p>\n<p dir=\"ltr\"><strong>Cantidad: <\/strong>\u00a01 Unidad<\/p>\n<\/div>\n<div class=\"infopreorder\"><\/div>\n","protected":false},"excerpt":{"rendered":"<p>Bandeja organizadora decorada para los tableros de Aristeia!<\/p>\n","protected":false},"featured_media":41115,"template":"","meta":{"_acf_changed":false},"product_brand":[],"product_cat":[1371,1323,1370,1397,1372],"product_tag":[1324],"class_list":{"0":"post-41112","1":"product","2":"type-product","3":"status-publish","4":"has-post-thumbnail","6":"product_cat-aristeia-es-2","7":"product_cat-aristeia-es","8":"product_cat-customeeple-es","9":"product_cat-overlay-es","10":"product_cat-sci-fi-es","11":"product_tag-aristeia-es","13":"first","14":"instock","15":"taxable","16":"shipping-taxable","17":"purchasable","18":"product-type-variable"},"exclude_global_add_ons":[],"addons":[],"acf":[],"_links":{"self":[{"href":"https:\/\/www.customeeple.com\/es\/wp-json\/wp\/v2\/product\/41112","targetHints":{"allow":["GET"]}}],"collection":[{"href":"https:\/\/www.customeeple.com\/es\/wp-json\/wp\/v2\/product"}],"about":[{"href":"https:\/\/www.customeeple.com\/es\/wp-json\/wp\/v2\/types\/product"}],"wp:featuredmedia":[{"embeddable":true,"href":"https:\/\/www.customeeple.com\/es\/wp-json\/wp\/v2\/media\/41115"}],"wp:attachment":[{"href":"https:\/\/www.customeeple.com\/es\/wp-json\/wp\/v2\/media?parent=41112"}],"wp:term":[{"taxonomy":"product_brand","embeddable":true,"href":"https:\/\/www.customeeple.com\/es\/wp-json\/wp\/v2\/product_brand?post=41112"},{"taxonomy":"product_cat","embeddable":true,"href":"https:\/\/www.customeeple.com\/es\/wp-json\/wp\/v2\/product_cat?post=41112"},{"taxonomy":"product_tag","embeddable":true,"href":"https:\/\/www.customeeple.com\/es\/wp-json\/wp\/v2\/product_tag?post=41112"}],"curies":[{"name":"wp","href":"https:\/\/api.w.org\/{rel}","templated":true}]}}