{"id":41060,"date":"2019-02-05T13:03:51","date_gmt":"2019-02-05T12:03:51","guid":{"rendered":"https:\/\/www.customeeple.com\/?post_type=product&#038;p=41060"},"modified":"2024-09-26T16:56:15","modified_gmt":"2024-09-26T15:56:15","slug":"aristeia-hexadome-personalizable-hexadome-muros","status":"publish","type":"product","link":"https:\/\/www.customeeple.com\/es\/producto\/aristeia-hexadome-personalizable-hexadome-muros\/","title":{"rendered":"Aristeia! Muros y puertas para Hexadome"},"content":{"rendered":"<div class=\"add-top p_collection\">\n<p><strong>Aristeia! es el nuevo juego de deportes de Corvus Belli, un juego de mesa estilo MOBA que permite a dos jugadores asumir el papel de los jefes de equipo en el espect\u00e1culo visual m\u00e1s grandioso de la Esfera Humana.<\/strong><\/p>\n<p>Sum\u00e9rgete en el universo de y a\u00f1ade una nueva dimensi\u00f3n a tus batallas con estos muros para tu hexadome. Con estos 12 segmentos de muro podr\u00e1s bordear por completo el tablero de juego. Adem\u00e1s incluimos dos puertas para darle un mayor realismo.<\/p>\n<p>Para facilitar su almacenamiento cada muro esta formado por dos partes y puede desmontarse.<\/p>\n<p>Este producto ha sido realizado en colaboraci\u00f3n con\u00a0\u00a0<strong><a href=\"http:\/\/www.corvusbelli.com\/\">Corvus Belli<\/a><\/strong>\u00a0para ser totalmente compatible con\u00a0 <b><a href=\"https:\/\/aristeiathegame.com\/\">Aristeia! the game<\/a>.<\/b><\/p>\n<\/div>\n<div class=\"moreinfo\">\n<p><strong>Material:<\/strong>\u00a0DM<\/p>\n<p dir=\"ltr\"><strong>Tama\u00f1o:<\/strong>\u00a0Como el tablero original<\/p>\n<p dir=\"ltr\"><strong>Cantidad:<\/strong>\u00a03 planchas de MDF A4 y piezas de metacrilato<\/p>\n<\/div>\n<p dir=\"ltr\"><strong>Note:<\/strong>\u00a0 Los colores de las piezas de metacrilato pueden varia ligeramente de la foto, Se vende sin pinta ni montar, necesitar\u00e1s pegamento para ensamblarlo.<\/p>\n","protected":false},"excerpt":{"rendered":"<p>Muros y puertas de escenograf\u00eda para tu Hexadome<\/p>\n","protected":false},"featured_media":41247,"template":"","meta":{"_acf_changed":false},"product_brand":[],"product_cat":[1371,1323,1370,1372],"product_tag":[1324],"class_list":{"0":"post-41060","1":"product","2":"type-product","3":"status-publish","4":"has-post-thumbnail","6":"product_cat-aristeia-es-2","7":"product_cat-aristeia-es","8":"product_cat-customeeple-es","9":"product_cat-sci-fi-es","10":"product_tag-aristeia-es","11":"pa_methacrylate-colors-amarill-fluor-mfye","12":"pa_methacrylate-colors-azul-fluor-mfbl-es","13":"pa_methacrylate-colors-blancohielo-mtiw","14":"pa_methacrylate-colors-naranja-fluor-mfor-es","15":"pa_methacrylate-colors-magenta-fluor-mfma-es","16":"pa_methacrylate-colors-transparente-mttr","17":"pa_methacrylate-colors-verde-fluor-mfgr","18":"pa_methacrylate-colors-violeta-movi","20":"first","21":"instock","22":"taxable","23":"shipping-taxable","24":"purchasable","25":"product-type-variable"},"exclude_global_add_ons":[],"addons":[],"acf":[],"_links":{"self":[{"href":"https:\/\/www.customeeple.com\/es\/wp-json\/wp\/v2\/product\/41060","targetHints":{"allow":["GET"]}}],"collection":[{"href":"https:\/\/www.customeeple.com\/es\/wp-json\/wp\/v2\/product"}],"about":[{"href":"https:\/\/www.customeeple.com\/es\/wp-json\/wp\/v2\/types\/product"}],"wp:featuredmedia":[{"embeddable":true,"href":"https:\/\/www.customeeple.com\/es\/wp-json\/wp\/v2\/media\/41247"}],"wp:attachment":[{"href":"https:\/\/www.customeeple.com\/es\/wp-json\/wp\/v2\/media?parent=41060"}],"wp:term":[{"taxonomy":"product_brand","embeddable":true,"href":"https:\/\/www.customeeple.com\/es\/wp-json\/wp\/v2\/product_brand?post=41060"},{"taxonomy":"product_cat","embeddable":true,"href":"https:\/\/www.customeeple.com\/es\/wp-json\/wp\/v2\/product_cat?post=41060"},{"taxonomy":"product_tag","embeddable":true,"href":"https:\/\/www.customeeple.com\/es\/wp-json\/wp\/v2\/product_tag?post=41060"}],"curies":[{"name":"wp","href":"https:\/\/api.w.org\/{rel}","templated":true}]}}