{"id":40776,"date":"2019-01-11T15:10:00","date_gmt":"2019-01-11T13:10:06","guid":{"rendered":"https:\/\/www.customeeple.com\/?post_type=product&#038;p=40776"},"modified":"2019-07-24T15:42:25","modified_gmt":"2019-07-24T13:42:25","slug":"organizador-compatible-con-underwater-cities","status":"publish","type":"product","link":"https:\/\/www.customeeple.com\/es\/producto\/organizador-compatible-con-underwater-cities\/","title":{"rendered":"Organizador compatible con Underwater cities  (1 Ud)"},"content":{"rendered":"<p>Una bandejas de metacrilato transparente para tener ordenadas las piezas de tus juegos.\u00a0\u00a1Mant\u00e9n tus cubos a salvo de los ocasionales golpes en la mesa!<\/p>\n<p>Una bandeja organizadora compatible con el juego puedes comprar cualquier de los 5 tableros b\u00e1sicos, asi como un Add on de DM para que sirva como base.<\/p>\n<p><strong>Note: <\/strong>Advierte que dado el grosor del metacrilato no dara para cubrir los edificos secundarios apilados.<\/p>\n<p>Este producto encajar\u00e1\u00a0a la perfecci\u00f3n con los tableros de jugador de <a href=\"https:\/\/boardgamegeek.com\/boardgame\/247763\/underwater-cities\"><strong>Underwater cities<\/strong><\/a><\/p>\n<div class=\"moreinfo\">\n<p><strong>Material:<\/strong>\u00a0Metacrilato transparente\/DM<\/p>\n<p><strong>Espesor:<\/strong> 2 mm<\/p>\n<p><strong>Cantidad:\u00a0<\/strong>1\u00a0unidad<\/p>\n<\/div>\n<p><strong><a href=\"https:\/\/boardgamegeek.com\/boardgame\/247763\/underwater-cities\">Underwater cities<\/a>\u00a0<\/strong>es un juego dise\u00f1ado por <strong>\u00a0<a title=\"Vladim\u00edr Such\u00fd\" href=\"https:\/\/boardgamegeek.com\/boardgamedesigner\/9307\/vladimir-suchy\">Vladim\u00edr Such\u00fd<\/a><\/strong>\u00a0publicado por <strong><a href=\"http:\/\/deliciousgames.org\/about-us\/\">Delicious games<\/a><\/strong><strong>.<\/strong>\u00a0<strong>Customeeple<\/strong> no mantiene ninguna relaci\u00f3n con esa compa\u00f1\u00eda y este producto no est\u00e1 de ninguna manera patrocinado por ellos.<\/p>\n<p>&nbsp;<\/p>\n","protected":false},"excerpt":{"rendered":"<p>Bandeja de metacrilato para <a href=\"https:\/\/boardgamegeek.com\/boardgame\/247763\/underwater-cities\"><strong>Underwater cities<\/strong><\/a><\/p>\n","protected":false},"featured_media":40654,"template":"","meta":{"_acf_changed":false},"product_brand":[],"product_cat":[1370],"product_tag":[],"class_list":{"0":"post-40776","1":"product","2":"type-product","3":"status-publish","4":"has-post-thumbnail","6":"product_cat-customeeple-es","8":"first","9":"instock","10":"taxable","11":"shipping-taxable","12":"purchasable","13":"product-type-variable"},"exclude_global_add_ons":[],"addons":[],"acf":[],"_links":{"self":[{"href":"https:\/\/www.customeeple.com\/es\/wp-json\/wp\/v2\/product\/40776","targetHints":{"allow":["GET"]}}],"collection":[{"href":"https:\/\/www.customeeple.com\/es\/wp-json\/wp\/v2\/product"}],"about":[{"href":"https:\/\/www.customeeple.com\/es\/wp-json\/wp\/v2\/types\/product"}],"wp:featuredmedia":[{"embeddable":true,"href":"https:\/\/www.customeeple.com\/es\/wp-json\/wp\/v2\/media\/40654"}],"wp:attachment":[{"href":"https:\/\/www.customeeple.com\/es\/wp-json\/wp\/v2\/media?parent=40776"}],"wp:term":[{"taxonomy":"product_brand","embeddable":true,"href":"https:\/\/www.customeeple.com\/es\/wp-json\/wp\/v2\/product_brand?post=40776"},{"taxonomy":"product_cat","embeddable":true,"href":"https:\/\/www.customeeple.com\/es\/wp-json\/wp\/v2\/product_cat?post=40776"},{"taxonomy":"product_tag","embeddable":true,"href":"https:\/\/www.customeeple.com\/es\/wp-json\/wp\/v2\/product_tag?post=40776"}],"curies":[{"name":"wp","href":"https:\/\/api.w.org\/{rel}","templated":true}]}}