{"id":40702,"date":"2019-01-07T19:44:37","date_gmt":"2019-01-07T18:44:37","guid":{"rendered":"https:\/\/www.customeeple.com\/?post_type=product&#038;p=40702"},"modified":"2019-07-10T11:22:14","modified_gmt":"2019-07-10T09:22:14","slug":"dados-de-conjutos-compatibles-whu-vault-4-uds-copy","status":"publish","type":"product","link":"https:\/\/www.customeeple.com\/es\/producto\/dados-de-conjutos-compatibles-whu-vault-4-uds-copy\/","title":{"rendered":"Dados de magia de transformaci\u00f3n compatibles WHU: Vault (4 Uds)"},"content":{"rendered":"<p>Un pack de dados de magia\u00a0 para <strong><a href=\"https:\/\/www.games-workshop.com\/en-GB\/Thorns-of-the-Briar-Queen-Collection-2018-eng\">Warhammer\u00ae Underworlds: Nightvault&#x2122;<\/a>\u00a0<\/strong><strong>\u00a0<\/strong>El pack contiene 4 dados azules fluorescentes para determinar los resultado impredecibles de la magia.<\/p>\n<p>Este pack especial contiene 4 dados grabados con signos m\u00e1gicos de transformaci\u00f3n. Recuerda que ofrecemos otros packs con otros dise\u00f1os.<\/p>\n<p>Este producto es compatible con el juego <strong><a href=\"https:\/\/www.games-workshop.com\/en-GB\/Thorns-of-the-Briar-Queen-Collection-2018-eng\">Warhammer\u00ae Underworlds: Nightvault&#x2122;<\/a><\/strong><\/p>\n<div class=\"moreinfo\">\n<p><strong>Material:<\/strong> Dados pl\u00e1sticos, grabados y pintados<\/p>\n<p dir=\"ltr\"><strong>Tama\u00f1o: <\/strong>1,4 cm<strong><br \/>\n<\/strong><\/p>\n<p dir=\"ltr\"><strong>Cantidad: <\/strong>4 dados<\/p>\n<\/div>\n<div class=\"infopreorder\">\n<div>* Compatible con <strong><a href=\"https:\/\/www.games-workshop.com\/en-GB\/Thorns-of-the-Briar-Queen-Collection-2018-eng\">Warhammer\u00ae Underworlds: Nightvault&#x2122;<\/a><\/strong>. Warhammer Underworlds es una marca registrada de <a href=\"https:\/\/www.games-workshop.com\/en-GB\/Home\"><strong>Games Workshop<\/strong><\/a>. Customeeple no est\u00e1 afiliado a Games Workshop Limited y estos productos no est\u00e1n respaldados por ellos.<\/div>\n<\/div>\n","protected":false},"excerpt":{"rendered":"<p>Dados personalizados de transformacion<\/p>\n<p>&nbsp;<\/p>\n","protected":false},"featured_media":40749,"template":"","meta":{"_acf_changed":false},"product_brand":[],"product_cat":[1370,1392,1400,1349,1426],"product_tag":[1264,1280,1595,786],"class_list":{"0":"post-40702","1":"product","2":"type-product","3":"status-publish","4":"has-post-thumbnail","6":"product_cat-customeeple-es","7":"product_cat-dados","8":"product_cat-fantasia","9":"product_cat-warhammer-shadespire-es","10":"product_cat-whu-spire-es","11":"product_tag-boardgame-es","12":"product_tag-juego-de-mesa-es","13":"product_tag-shadespire-es","14":"product_tag-warhammer-es-2","16":"first","17":"instock","18":"taxable","19":"shipping-taxable","20":"purchasable","21":"product-type-variable"},"exclude_global_add_ons":[],"addons":[],"acf":[],"_links":{"self":[{"href":"https:\/\/www.customeeple.com\/es\/wp-json\/wp\/v2\/product\/40702","targetHints":{"allow":["GET"]}}],"collection":[{"href":"https:\/\/www.customeeple.com\/es\/wp-json\/wp\/v2\/product"}],"about":[{"href":"https:\/\/www.customeeple.com\/es\/wp-json\/wp\/v2\/types\/product"}],"wp:featuredmedia":[{"embeddable":true,"href":"https:\/\/www.customeeple.com\/es\/wp-json\/wp\/v2\/media\/40749"}],"wp:attachment":[{"href":"https:\/\/www.customeeple.com\/es\/wp-json\/wp\/v2\/media?parent=40702"}],"wp:term":[{"taxonomy":"product_brand","embeddable":true,"href":"https:\/\/www.customeeple.com\/es\/wp-json\/wp\/v2\/product_brand?post=40702"},{"taxonomy":"product_cat","embeddable":true,"href":"https:\/\/www.customeeple.com\/es\/wp-json\/wp\/v2\/product_cat?post=40702"},{"taxonomy":"product_tag","embeddable":true,"href":"https:\/\/www.customeeple.com\/es\/wp-json\/wp\/v2\/product_tag?post=40702"}],"curies":[{"name":"wp","href":"https:\/\/api.w.org\/{rel}","templated":true}]}}