{"id":40672,"date":"2019-01-07T18:57:52","date_gmt":"2019-01-07T16:57:54","guid":{"rendered":"https:\/\/www.customeeple.com\/?post_type=product&#038;p=40672"},"modified":"2019-07-24T15:46:09","modified_gmt":"2019-07-24T13:46:09","slug":"organizador-compatible-con-underwater-diferente","status":"publish","type":"product","link":"https:\/\/www.customeeple.com\/es\/producto\/organizador-compatible-con-underwater-diferente\/","title":{"rendered":"Organizador compatible con Underwater cities (tableros avanzados) (4 Uds)"},"content":{"rendered":"<p>Un set de\u00a0 bandejas de metacrilato transparente para tener ordenadas las piezas de tus juegos.\u00a0\u00a1Mant\u00e9n tus cubos a salvo de los ocasionales golpes en la mesa!<\/p>\n<p>Con este lote tendras suficientes organizadores para todos tableros de una partida a 4 jugadores. Dale un tratamiento deluxe a tus juegos.<\/p>\n<p>Puedes comprar este producto con dos opciones<\/p>\n<ul>\n<li><strong>Estandar:<\/strong> 4 bandejas organizadoras de metacrilato<\/li>\n<li><strong>Set completo:<\/strong> Bandejas organizadoras y adem\u00e1s 4 bases de DM<\/li>\n<\/ul>\n<p><strong>Note:\u00a0<\/strong>Estas bandejas organizadoras estan pensadas para los 4 tableros avanzados del juego. Si quieres comprar overlays adicionales para los tableros diferentes puedes hacerlo <a href=\"\/?p=40661\"><strong>de forma separada<\/strong><\/a>. Ademas advierte que dado el grosor del metacrilato no dara para cubrir los edificos secundarios apilados.<\/p>\n<p>Este producto encajar\u00e1\u00a0a la perfecci\u00f3n con los tableros de jugador de <a href=\"https:\/\/boardgamegeek.com\/boardgame\/247763\/underwater-cities\"><strong>Underwater cities<\/strong><\/a><\/p>\n<div class=\"moreinfo\">\n<p><strong>Material:<\/strong>\u00a0Metacrilato transparente\/DM<\/p>\n<p><strong>Espesor:<\/strong> 2 mm<\/p>\n<p><strong>Cantidad:\u00a0<\/strong>4\u00a0unidades<\/p>\n<\/div>\n<p><strong><a href=\"https:\/\/boardgamegeek.com\/boardgame\/247763\/underwater-cities\">Underwater cities<\/a>\u00a0<\/strong>es un juego dise\u00f1ado por <strong>\u00a0<a title=\"Vladim\u00edr Such\u00fd\" href=\"https:\/\/boardgamegeek.com\/boardgamedesigner\/9307\/vladimir-suchy\">Vladim\u00edr Such\u00fd<\/a><\/strong>\u00a0publicado por <strong><a href=\"http:\/\/deliciousgames.org\/about-us\/\">Delicious games<\/a><\/strong><strong>.<\/strong>\u00a0<strong>Customeeple<\/strong> no mantiene ninguna relaci\u00f3n con esa compa\u00f1\u00eda y este producto no est\u00e1 de ninguna manera patrocinado por ellos.<\/p>\n<p>&nbsp;<\/p>\n","protected":false},"excerpt":{"rendered":"<p>Un set completo de 4 bandejas para\u00a0<a href=\"https:\/\/boardgamegeek.com\/boardgame\/247763\/underwater-cities\"><strong>Underwater cities<\/strong><\/a><\/p>\n","protected":false},"featured_media":40654,"template":"","meta":{"_acf_changed":false},"product_brand":[],"product_cat":[1370,1397],"product_tag":[1442],"class_list":{"0":"post-40672","1":"product","2":"type-product","3":"status-publish","4":"has-post-thumbnail","6":"product_cat-customeeple-es","7":"product_cat-overlay-es","8":"product_tag-overlay-es","10":"first","11":"instock","12":"taxable","13":"shipping-taxable","14":"purchasable","15":"product-type-variable"},"exclude_global_add_ons":[],"addons":[],"acf":[],"_links":{"self":[{"href":"https:\/\/www.customeeple.com\/es\/wp-json\/wp\/v2\/product\/40672","targetHints":{"allow":["GET"]}}],"collection":[{"href":"https:\/\/www.customeeple.com\/es\/wp-json\/wp\/v2\/product"}],"about":[{"href":"https:\/\/www.customeeple.com\/es\/wp-json\/wp\/v2\/types\/product"}],"wp:featuredmedia":[{"embeddable":true,"href":"https:\/\/www.customeeple.com\/es\/wp-json\/wp\/v2\/media\/40654"}],"wp:attachment":[{"href":"https:\/\/www.customeeple.com\/es\/wp-json\/wp\/v2\/media?parent=40672"}],"wp:term":[{"taxonomy":"product_brand","embeddable":true,"href":"https:\/\/www.customeeple.com\/es\/wp-json\/wp\/v2\/product_brand?post=40672"},{"taxonomy":"product_cat","embeddable":true,"href":"https:\/\/www.customeeple.com\/es\/wp-json\/wp\/v2\/product_cat?post=40672"},{"taxonomy":"product_tag","embeddable":true,"href":"https:\/\/www.customeeple.com\/es\/wp-json\/wp\/v2\/product_tag?post=40672"}],"curies":[{"name":"wp","href":"https:\/\/api.w.org\/{rel}","templated":true}]}}