{"id":40635,"date":"2019-01-07T11:56:05","date_gmt":"2019-01-07T09:56:06","guid":{"rendered":"https:\/\/www.customeeple.com\/?post_type=product&#038;p=40635"},"modified":"2019-01-13T04:50:40","modified_gmt":"2019-01-13T02:50:40","slug":"inserto-compatible-clank","status":"publish","type":"product","link":"https:\/\/www.customeeple.com\/es\/producto\/inserto-compatible-clank\/","title":{"rendered":"Inserto compatible Clank + expansiones (29,9 x 29,9 x 7,7 cm)"},"content":{"rendered":"<p>\u00bfEst\u00e1s cansado de los\u00a0 huecos de aire en las cajas de los juegos?\u00bfjuegos que vienen con insertos que molestan m\u00e1s que organizan? Esta es tu soluci\u00f3n, compra tu propio inserto a medida. Nunca m\u00e1s rodar\u00e1n las piezas por la caja y podr\u00e1s tener organizadas las cartas de un juego.<\/p>\n<p>Nuestro inserto CLI es perfecto para almacenar todos los componentes de juegos como <b><a href=\"https:\/\/boardgamegeek.com\/boardgame\/201808\/clank-deck-building-adventure\">Clank!<\/a><\/b>\u00a0Incluye separadores y cajas para las distintas piezas del juego (incluyendo las de cada jugador) y cajas de cartas para almacenar diferentes mazos. En la caja con el inserto pueden caber c\u00f3modamente hasta dos expansiones.<\/p>\n<p><strong>Nota<\/strong>: Calcula que tu caja encaja perfectamente con nuestro inserto, esta pensado para cajas con un interior de <strong>(29,9 x 29,9 x 7,7 cm) <\/strong>Este formato es compatible con muchas cajas en el mercado como por ejemplo <b><a href=\"https:\/\/boardgamegeek.com\/boardgame\/201808\/clank-deck-building-adventure\">Clank!<\/a><\/b>\u00a0Podemos fabricar f\u00e1cilmente insertos en otros tama\u00f1os, solo<strong>\u00a0<\/strong><strong><a href=\"..\/contact-us\/\">contacta con nosotros<\/a>.<\/strong><\/p>\n<div class=\"moreinfo\">\n<p><strong>Material: <\/strong>DM<\/p>\n<p dir=\"ltr\"><strong>Espesor:<\/strong> 2,5 mm<\/p>\n<p dir=\"ltr\"><strong>Tama\u00f1o:<\/strong> 29,9 x 29,9 x 7,7 cm<\/p>\n<p dir=\"ltr\"><strong>Cantidad:<\/strong> 1 inserto<\/p>\n<p><strong>Uso:<\/strong> Divisiones interiores para cajas cuadradas de 22,5 x 28,5 x 9,4 cm<\/p>\n<\/div>\n<p><strong><b><\/b><b><a href=\"https:\/\/boardgamegeek.com\/boardgame\/201808\/clank-deck-building-adventure\">Clank!<\/a><\/b>\u00a0\u00a0<\/strong>es un juego publicado por \u00a0<a href=\"https:\/\/www.renegadegamestudios.com\/\"><strong>Renegade game studios<\/strong><\/a>\u00a0 y\u00a0<a href=\"https:\/\/www.direwolfdigital.com\/\"><strong>Dire wolf digital<\/strong><\/a><strong>.<\/strong>\u00a0<strong>Customeeple<\/strong>\u00a0no mantiene ninguna relaci\u00f3n con esta compa\u00f1\u00eda y este producto no esta apoyado por ellos de ninguna forma.<\/p>\n","protected":false},"excerpt":{"rendered":"<p>Un resistente inserto pensado para cajas de <strong>29,9 x 29,9 x 7,7 cm<\/strong><\/p>\n","protected":false},"featured_media":40644,"template":"","meta":{"_acf_changed":false},"product_brand":[],"product_cat":[1370,1395],"product_tag":[332],"class_list":{"0":"post-40635","1":"product","2":"type-product","3":"status-publish","4":"has-post-thumbnail","6":"product_cat-customeeple-es","7":"product_cat-insertos","8":"product_tag-insert-es","10":"first","11":"instock","12":"taxable","13":"shipping-taxable","14":"purchasable","15":"product-type-simple"},"exclude_global_add_ons":[],"addons":[],"acf":[],"_links":{"self":[{"href":"https:\/\/www.customeeple.com\/es\/wp-json\/wp\/v2\/product\/40635","targetHints":{"allow":["GET"]}}],"collection":[{"href":"https:\/\/www.customeeple.com\/es\/wp-json\/wp\/v2\/product"}],"about":[{"href":"https:\/\/www.customeeple.com\/es\/wp-json\/wp\/v2\/types\/product"}],"wp:featuredmedia":[{"embeddable":true,"href":"https:\/\/www.customeeple.com\/es\/wp-json\/wp\/v2\/media\/40644"}],"wp:attachment":[{"href":"https:\/\/www.customeeple.com\/es\/wp-json\/wp\/v2\/media?parent=40635"}],"wp:term":[{"taxonomy":"product_brand","embeddable":true,"href":"https:\/\/www.customeeple.com\/es\/wp-json\/wp\/v2\/product_brand?post=40635"},{"taxonomy":"product_cat","embeddable":true,"href":"https:\/\/www.customeeple.com\/es\/wp-json\/wp\/v2\/product_cat?post=40635"},{"taxonomy":"product_tag","embeddable":true,"href":"https:\/\/www.customeeple.com\/es\/wp-json\/wp\/v2\/product_tag?post=40635"}],"curies":[{"name":"wp","href":"https:\/\/api.w.org\/{rel}","templated":true}]}}