{"id":40118,"date":"2018-11-20T15:27:03","date_gmt":"2018-11-20T13:27:07","guid":{"rendered":"https:\/\/www.customeeple.com\/?post_type=product&#038;p=40118"},"modified":"2018-11-23T12:06:02","modified_gmt":"2018-11-23T10:06:02","slug":"keyforge-compatible-token-set","status":"publish","type":"product","link":"https:\/\/www.customeeple.com\/es\/producto\/keyforge-compatible-token-set\/","title":{"rendered":"Keyforge compatible Token set V2 (45 Uds)"},"content":{"rendered":"<p>Estos tokens son perfectos para marcar diferentes situaciones en el juego <strong><a href=\"https:\/\/www.fantasyflightgames.com\/en\/products\/keyforge\/\">Keyforge<\/a><\/strong><\/p>\n<p>Este set incluye:<\/p>\n<ul>\n<li><em>3 marcadores KEY: uno de cada color.<\/em><\/li>\n<li><em>10 marcadores Stone: 7 x Valor 1, 2 x Valor 3\u00a0 y 1 x Valor 5<\/em><\/li>\n<li><em>5 marcadores Shatered V2<\/em><\/li>\n<li><em>7 marcadores Powerup V2<\/em><\/li>\n<li><em>5 Marcadores armadura<\/em><\/li>\n<li><em>11 marcadores de Hit: 8 x 1 hit, 3 x 3 hits\u00a0<\/em><\/li>\n<li><em>3 marcadores Elusivo<\/em><\/li>\n<li><em>1 Dial de cadenas V2<\/em><\/li>\n<\/ul>\n<p>Las piezas de este set son compatibles con el juego\u00a0 <strong><a href=\"https:\/\/www.fantasyflightgames.com\/en\/products\/keyforge\/\">Keyforge<\/a><\/strong><\/p>\n<p><strong>Material:<\/strong>\u00a0 Metacrilato<\/p>\n<div class=\"moreinfo\">\n<p><strong>Tama\u00f1o:\u00a0<\/strong>varia<\/p>\n<p><strong>Espesor:<\/strong>\u00a03 mm<\/p>\n<p><strong>Cantidad :<\/strong> 45 Unidades<\/p>\n<p><strong>Uso: <\/strong>Piezas para juego<\/p>\n<\/div>\n<p>&nbsp;<\/p>\n<p><strong><a href=\"https:\/\/www.fantasyflightgames.com\/en\/products\/keyforge\/\">Keyforge<\/a> <\/strong>es un juego publicado por\u00a0<a href=\"http:\/\/www.fantasyflightgames.com\/\"><strong>Fantasy Flight Publishing Inc<\/strong><\/a>. <strong>Customeeple<\/strong>\u00a0no mantiene ninguna relaci\u00f3n con esa compa\u00f1\u00eda y este producto no est\u00e1 de ninguna manera patrocinado por ellos.<\/p>\n","protected":false},"excerpt":{"rendered":"<p>tokens compatibles con\u00a0<strong><a href=\"https:\/\/www.fantasyflightgames.com\/en\/products\/keyforge\/\">Keyforge<\/a><\/strong><\/p>\n","protected":false},"featured_media":40139,"template":"","meta":{"_acf_changed":false},"product_brand":[],"product_cat":[191,1370,1449,78],"product_tag":[1450],"class_list":{"0":"post-40118","1":"product","2":"type-product","3":"status-publish","4":"has-post-thumbnail","6":"product_cat-accesorios","7":"product_cat-customeeple-es","8":"product_cat-keyforge-es","9":"product_cat-meeple-2","10":"product_tag-keyforge-es","12":"first","13":"instock","14":"taxable","15":"shipping-taxable","16":"purchasable","17":"product-type-simple"},"exclude_global_add_ons":[],"addons":[],"acf":[],"_links":{"self":[{"href":"https:\/\/www.customeeple.com\/es\/wp-json\/wp\/v2\/product\/40118","targetHints":{"allow":["GET"]}}],"collection":[{"href":"https:\/\/www.customeeple.com\/es\/wp-json\/wp\/v2\/product"}],"about":[{"href":"https:\/\/www.customeeple.com\/es\/wp-json\/wp\/v2\/types\/product"}],"wp:featuredmedia":[{"embeddable":true,"href":"https:\/\/www.customeeple.com\/es\/wp-json\/wp\/v2\/media\/40139"}],"wp:attachment":[{"href":"https:\/\/www.customeeple.com\/es\/wp-json\/wp\/v2\/media?parent=40118"}],"wp:term":[{"taxonomy":"product_brand","embeddable":true,"href":"https:\/\/www.customeeple.com\/es\/wp-json\/wp\/v2\/product_brand?post=40118"},{"taxonomy":"product_cat","embeddable":true,"href":"https:\/\/www.customeeple.com\/es\/wp-json\/wp\/v2\/product_cat?post=40118"},{"taxonomy":"product_tag","embeddable":true,"href":"https:\/\/www.customeeple.com\/es\/wp-json\/wp\/v2\/product_tag?post=40118"}],"curies":[{"name":"wp","href":"https:\/\/api.w.org\/{rel}","templated":true}]}}