{"id":40068,"date":"2018-11-19T12:17:47","date_gmt":"2018-11-19T10:17:47","guid":{"rendered":"https:\/\/www.customeeple.com\/?post_type=product&#038;p=40068"},"modified":"2018-11-23T12:13:42","modified_gmt":"2018-11-23T10:13:42","slug":"keyforge-compatible-armour-token-v2-6-units","status":"publish","type":"product","link":"https:\/\/www.customeeple.com\/es\/producto\/keyforge-compatible-armour-token-v2-6-units\/","title":{"rendered":"Fichas de Armadura compatible con Keyforge (6 Uds)"},"content":{"rendered":"<p>Estas fichas son perfectas para indicar la cantidad de armadura de una criatura durante partidas a juegos como\u00a0\u00a0<strong><a href=\"https:\/\/www.fantasyflightgames.com\/en\/products\/keyforge\/\">Keyforge<\/a><\/strong><\/p>\n<p><strong>Material:<\/strong>\u00a0 Metacrilato<\/p>\n<div class=\"moreinfo\">\n<p><strong>Tama\u00f1o:\u00a0<\/strong>17 x 15 mm<\/p>\n<p><strong>Espesor:<\/strong>\u00a03 mm<\/p>\n<p><strong>Cantidad :<\/strong> 6 Unidades<\/p>\n<\/div>\n<p>&nbsp;<\/p>\n<p><strong><a href=\"https:\/\/www.fantasyflightgames.com\/en\/products\/keyforge\/\">Keyforge<\/a><\/strong> es un juego publicado por\u00a0<a href=\"http:\/\/www.fantasyflightgames.com\/\"><strong>Fantasy Flight Publishing Inc<\/strong><\/a>. <strong>Customeeple<\/strong>\u00a0no mantiene ninguna relaci\u00f3n con esa compa\u00f1\u00eda y este producto no est\u00e1 de ninguna manera patrocinado por ellos.<\/p>\n","protected":false},"excerpt":{"rendered":"<p>Fichas compatible with<strong> <a href=\"https:\/\/www.fantasyflightgames.com\/en\/products\/keyforge\/\">Keyforge<\/a><\/strong><\/p>\n","protected":false},"featured_media":40016,"template":"","meta":{"_acf_changed":false},"product_brand":[],"product_cat":[191,1370,1449,78],"product_tag":[1450],"class_list":{"0":"post-40068","1":"product","2":"type-product","3":"status-publish","4":"has-post-thumbnail","6":"product_cat-accesorios","7":"product_cat-customeeple-es","8":"product_cat-keyforge-es","9":"product_cat-meeple-2","10":"product_tag-keyforge-es","11":"pa_methacrylate-colors-amarill-fluor-mfye","12":"pa_methacrylate-colors-amarillo-moye","13":"pa_methacrylate-colors-azul-mobl","14":"pa_methacrylate-colors-azul-fluor-mfbl-es","15":"pa_methacrylate-colors-azul-trans-mtbl","16":"pa_methacrylate-colors-blancohielo-mtiw","17":"pa_methacrylate-colors-balnco-mowh","18":"pa_methacrylate-colors-mdf-vanilla-version-es","19":"pa_methacrylate-colors-dorado-mogo","20":"pa_methacrylate-colors-humo-trans-mtsm","21":"pa_methacrylate-colors-gris-mogy","22":"pa_methacrylate-colors-naranja-fluor-mfor-es","23":"pa_methacrylate-colors-naranja-fluor-mfor","24":"pa_methacrylate-colors-naranja-trans-mtor","25":"pa_methacrylate-colors-negro-moba","26":"pa_methacrylate-colors-plata-mosi","27":"pa_methacrylate-colors-rojo-more","28":"pa_methacrylate-colors-rojotrans-mtre","29":"pa_methacrylate-colors-magenta-fluor-mfma-es","30":"pa_methacrylate-colors-smoke-grey-mtsm","31":"pa_methacrylate-colors-transparente-mttr","32":"pa_methacrylate-colors-verde-trans-mtgr","33":"pa_methacrylate-colors-verde-fluor-mfgr","34":"pa_methacrylate-colors-verde-mogr","35":"pa_methacrylate-colors-violeta-movi","37":"first","38":"instock","39":"taxable","40":"shipping-taxable","41":"purchasable","42":"product-type-variable"},"exclude_global_add_ons":[],"addons":[],"acf":[],"_links":{"self":[{"href":"https:\/\/www.customeeple.com\/es\/wp-json\/wp\/v2\/product\/40068","targetHints":{"allow":["GET"]}}],"collection":[{"href":"https:\/\/www.customeeple.com\/es\/wp-json\/wp\/v2\/product"}],"about":[{"href":"https:\/\/www.customeeple.com\/es\/wp-json\/wp\/v2\/types\/product"}],"wp:featuredmedia":[{"embeddable":true,"href":"https:\/\/www.customeeple.com\/es\/wp-json\/wp\/v2\/media\/40016"}],"wp:attachment":[{"href":"https:\/\/www.customeeple.com\/es\/wp-json\/wp\/v2\/media?parent=40068"}],"wp:term":[{"taxonomy":"product_brand","embeddable":true,"href":"https:\/\/www.customeeple.com\/es\/wp-json\/wp\/v2\/product_brand?post=40068"},{"taxonomy":"product_cat","embeddable":true,"href":"https:\/\/www.customeeple.com\/es\/wp-json\/wp\/v2\/product_cat?post=40068"},{"taxonomy":"product_tag","embeddable":true,"href":"https:\/\/www.customeeple.com\/es\/wp-json\/wp\/v2\/product_tag?post=40068"}],"curies":[{"name":"wp","href":"https:\/\/api.w.org\/{rel}","templated":true}]}}