{"id":40057,"date":"2018-11-19T11:57:47","date_gmt":"2018-11-19T09:57:48","guid":{"rendered":"https:\/\/www.customeeple.com\/?post_type=product&#038;p=40057"},"modified":"2018-11-23T12:17:01","modified_gmt":"2018-11-23T10:17:01","slug":"keyforge-v2-compatible-power-up-token-pack-7-units","status":"publish","type":"product","link":"https:\/\/www.customeeple.com\/es\/producto\/keyforge-v2-compatible-power-up-token-pack-7-units\/","title":{"rendered":"Ficha de \u00abPower up\u00bb V2 compatible con Keyforge (7 Units)"},"content":{"rendered":"<p>Estas fichas son perfectos para marcar cuando tus cartas tienen est\u00e1n en \u00abPower up\u00bb en\u00a0 juegos como\u00a0\u00a0<strong><a href=\"https:\/\/www.fantasyflightgames.com\/en\/products\/keyforge\/\">Keyforge<\/a><\/strong><\/p>\n<ul>\n<li>5: Fichas de poder +1<\/li>\n<li>2: Fichas de poder +3<\/li>\n<\/ul>\n<p>Todas las piezas de este set son compatibles con el juego\u00a0<strong><a href=\"https:\/\/www.fantasyflightgames.com\/en\/products\/keyforge\/\">Keyforge<\/a><\/strong><\/p>\n<p><strong>Material:<\/strong>\u00a0 Metacrilato rojo<\/p>\n<div class=\"moreinfo\">\n<p><strong>Tama\u00f1o: <\/strong>20\u00a0x 20 mm<\/p>\n<p><strong>Espesor:<\/strong>\u00a03 mm<\/p>\n<p><strong>Cantidad :\u00a0<\/strong>7 Unidades<\/p>\n<p>&nbsp;<\/p>\n<\/div>\n<p><strong><a href=\"https:\/\/www.fantasyflightgames.com\/en\/products\/keyforge\/\">Keyforge<\/a> <\/strong>es un juego publicado por\u00a0<a href=\"http:\/\/www.fantasyflightgames.com\/\"><strong>Fantasy Flight Publishing Inc<\/strong><\/a>. <strong>Customeeple<\/strong>\u00a0no mantiene ninguna relaci\u00f3n con esa compa\u00f1\u00eda y este producto no est\u00e1 de ninguna manera patrocinado por ellos.<\/p>\n","protected":false},"excerpt":{"rendered":"<p>tokens compatible with <strong><a href=\"https:\/\/www.fantasyflightgames.com\/en\/products\/keyforge\/\">Keyforge<\/a><\/strong><\/p>\n","protected":false},"featured_media":40026,"template":"","meta":{"_acf_changed":false},"product_brand":[],"product_cat":[191,1370,1449,78],"product_tag":[1450],"class_list":{"0":"post-40057","1":"product","2":"type-product","3":"status-publish","4":"has-post-thumbnail","6":"product_cat-accesorios","7":"product_cat-customeeple-es","8":"product_cat-keyforge-es","9":"product_cat-meeple-2","10":"product_tag-keyforge-es","12":"first","13":"instock","14":"taxable","15":"shipping-taxable","16":"purchasable","17":"product-type-simple"},"exclude_global_add_ons":[],"addons":[],"acf":[],"_links":{"self":[{"href":"https:\/\/www.customeeple.com\/es\/wp-json\/wp\/v2\/product\/40057","targetHints":{"allow":["GET"]}}],"collection":[{"href":"https:\/\/www.customeeple.com\/es\/wp-json\/wp\/v2\/product"}],"about":[{"href":"https:\/\/www.customeeple.com\/es\/wp-json\/wp\/v2\/types\/product"}],"wp:featuredmedia":[{"embeddable":true,"href":"https:\/\/www.customeeple.com\/es\/wp-json\/wp\/v2\/media\/40026"}],"wp:attachment":[{"href":"https:\/\/www.customeeple.com\/es\/wp-json\/wp\/v2\/media?parent=40057"}],"wp:term":[{"taxonomy":"product_brand","embeddable":true,"href":"https:\/\/www.customeeple.com\/es\/wp-json\/wp\/v2\/product_brand?post=40057"},{"taxonomy":"product_cat","embeddable":true,"href":"https:\/\/www.customeeple.com\/es\/wp-json\/wp\/v2\/product_cat?post=40057"},{"taxonomy":"product_tag","embeddable":true,"href":"https:\/\/www.customeeple.com\/es\/wp-json\/wp\/v2\/product_tag?post=40057"}],"curies":[{"name":"wp","href":"https:\/\/api.w.org\/{rel}","templated":true}]}}